{"id":13145,"date":"2025-06-26T10:55:26","date_gmt":"2025-06-26T08:55:26","guid":{"rendered":"https:\/\/kontracamps.com\/registrieren-sie-sich\/"},"modified":"2025-06-26T10:55:26","modified_gmt":"2025-06-26T08:55:26","slug":"registrieren-sie-sich","status":"publish","type":"page","link":"https:\/\/kontracamps.com\/de\/registrieren-sie-sich\/","title":{"rendered":"Registrieren Sie sich"},"content":{"rendered":"\n<div class=\"um um-register um-6642\">\n\t<div class=\"um-form\" data-mode=\"register\">\n\t\t<form method=\"post\" action=\"\">\n\t\t\t<div class=\"um-row _um_row_1 \" style=\"margin: 0 0 30px 0;\"><div class=\"um-col-1\"><div  id=\"um_field_6642_user_email\" class=\"um-field um-field-text  um-field-user_email um-field-text um-field-type_text\" data-key=\"user_email\"><div class=\"um-field-label\"><label for=\"user_email-6642\">E-Mail-Adresse<\/label><div class=\"um-clear\"><\/div><\/div><div class=\"um-field-area\"><input  autocomplete=\"off\" class=\"um-form-field valid \" type=\"text\" name=\"user_email-6642\" id=\"user_email-6642\" value=\"\" placeholder=\"\" data-validate=\"unique_email\" data-key=\"user_email\"  aria-invalid=\"false\" \/>\n\n\t\t\t\t\t\t<\/div><\/div><div  id=\"um_field_6642_first_name\" class=\"um-field um-field-text  um-field-first_name um-field-text um-field-type_text\" data-key=\"first_name\"><div class=\"um-field-label\"><label for=\"first_name-6642\">Vorname<\/label><div class=\"um-clear\"><\/div><\/div><div class=\"um-field-area\"><input  autocomplete=\"off\" class=\"um-form-field valid \" type=\"text\" name=\"first_name-6642\" id=\"first_name-6642\" value=\"\" placeholder=\"\" data-validate=\"\" data-key=\"first_name\"  aria-invalid=\"false\" \/>\n\n\t\t\t\t\t\t<\/div><\/div><div  id=\"um_field_6642_last_name\" class=\"um-field um-field-text  um-field-last_name um-field-text um-field-type_text\" data-key=\"last_name\"><div class=\"um-field-label\"><label for=\"last_name-6642\">Nachname<\/label><div class=\"um-clear\"><\/div><\/div><div class=\"um-field-area\"><input  autocomplete=\"off\" class=\"um-form-field valid \" type=\"text\" name=\"last_name-6642\" id=\"last_name-6642\" value=\"\" placeholder=\"\" data-validate=\"\" data-key=\"last_name\"  aria-invalid=\"false\" \/>\n\n\t\t\t\t\t\t<\/div><\/div><div  id=\"um_field_6642_user_password\" class=\"um-field um-field-password  um-field-user_password um-field-password um-field-type_password\" data-key=\"user_password\"><div class=\"um-field-label\"><label for=\"user_password-6642\">Passwort<\/label><div class=\"um-clear\"><\/div><\/div><div class=\"um-field-area\"><input class=\"um-form-field valid \" type=\"password\" name=\"user_password-6642\" id=\"user_password-6642\" value=\"\" placeholder=\"\" data-validate=\"\" data-key=\"user_password\"  aria-invalid=\"false\" \/>\n\n\t\t\t\t\t\t\t<\/div><\/div><div  id=\"um_field_6642_confirm_user_password\" class=\"um-field um-field-password  um-field-user_password um-field-password um-field-type_password\" data-key=\"confirm_user_password\"><div class=\"um-field-label\"><label for=\"confirm_user_password-6642\">Passwort best\u00e4tigen<\/label><div class=\"um-clear\"><\/div><\/div><div class=\"um-field-area\"><input class=\"um-form-field valid \" type=\"password\" name=\"confirm_user_password-6642\" id=\"confirm_user_password-6642\" value=\"\" placeholder=\"Passwort best\u00e4tigen\" data-validate=\"\" data-key=\"confirm_user_password\"  aria-invalid=\"false\" \/><\/div><\/div><div  id=\"um_field_6642_gender\" class=\"um-field um-field-radio  um-field-gender um-field-radio um-field-type_radio\" data-key=\"gender\"  aria-invalid=\"false\" ><div class=\"um-field-label\"><label for=\"gender-6642\">Geschlecht<\/label><div class=\"um-clear\"><\/div><\/div><div class=\"um-field-area\"><label class=\"um-field-radio  um-field-half \"><input  type=\"radio\" name=\"gender[]\" value=\"Male\"  \/><span class=\"um-field-radio-state\"><i class=\"um-icon-android-radio-button-off\"><\/i><\/span><span class=\"um-field-radio-option\">M\u00e4nnlich<\/span><\/label><label class=\"um-field-radio  um-field-half  right \"><input  type=\"radio\" name=\"gender[]\" value=\"Female\"  \/><span class=\"um-field-radio-state\"><i class=\"um-icon-android-radio-button-off\"><\/i><\/span><span class=\"um-field-radio-option\">Weiblich<\/span><\/label><div class=\"um-clear\"><\/div><div class=\"um-clear\"><\/div><\/div><\/div><div  id=\"um_field_6642_birth_date\" class=\"um-field um-field-date  um-field-birth_date um-field-date um-field-type_date\" data-key=\"birth_date\"><div class=\"um-field-label\"><div class=\"um-field-label-icon\"><i class=\"far fa-calendar-days\" aria-label=\"Birth Date\"><\/i><\/div><label for=\"birth_date-6642\">Geburtsdatum<\/label><div class=\"um-clear\"><\/div><\/div><div class=\"um-field-area\"><input   class=\"um-form-field valid um-datepicker \" type=\"text\" name=\"birth_date-6642\" id=\"birth_date-6642\" value=\"\" placeholder=\"\" data-validate=\"\" data-key=\"birth_date\" data-range=\"years\" data-years=\"115\" data-years_x=\"past\" data-disabled_weekdays=\"\" data-date_min=\"1911,4,16\" data-date_max=\"2026,4,16\" data-format=\"d mmm yyyy\" data-value=\"\"  aria-invalid=\"false\" \/>\n\n\t\t\t\t\t\t<\/div><\/div><div  id=\"um_field_6642_country\" class=\"um-field um-field-select  um-field-country um-field-select um-field-type_select\" data-key=\"country\"><div class=\"um-field-label\"><label for=\"country-6642\">Land<\/label><div class=\"um-clear\"><\/div><\/div><div class=\"um-field-area  \"><select data-default=\"\"     name=\"country\" id=\"country\" data-validate=\"\" data-key=\"country\" class=\"um-form-field valid um-s1 \" style=\"width: 100%\" data-placeholder=\"Choose a Country\"   aria-invalid=\"false\" ><option value=\"\"><\/option><option value=\"Afghanistan\" >Afghanistan<\/option><option value=\"\u00c5land Islands\" >\u00c5land<\/option><option value=\"Albania\" >Albanien<\/option><option value=\"Algeria\" >Algerien<\/option><option value=\"American Samoa\" >Amerikanisch-Samoa<\/option><option value=\"Andorra\" >Andorra<\/option><option value=\"Angola\" >Angola<\/option><option value=\"Anguilla\" >Anguilla<\/option><option value=\"Antarctica\" >Antarktika<\/option><option value=\"Antigua and Barbuda\" >Antigua und Barbuda<\/option><option value=\"Argentina\" >Argentinien<\/option><option value=\"Armenia\" >Armenien<\/option><option value=\"Aruba\" >Aruba<\/option><option value=\"Australia\" >Australien<\/option><option value=\"Austria\" >\u00d6sterreich<\/option><option value=\"Azerbaijan\" >Aserbaidschan<\/option><option value=\"Bahamas\" >Bahamas<\/option><option value=\"Bahrain\" >Bahrain<\/option><option value=\"Bangladesh\" >Bangladesch<\/option><option value=\"Barbados\" >Barbados<\/option><option value=\"Belarus\" >Belarus<\/option><option value=\"Belgium\" >Belgien<\/option><option value=\"Belize\" >Belize<\/option><option value=\"Benin\" >Benin<\/option><option value=\"Bermuda\" >Bermuda<\/option><option value=\"Bhutan\" >Bhutan<\/option><option value=\"Bolivia, Plurinational State of\" >Bolivien<\/option><option value=\"Bosnia and Herzegovina\" >Bosnien und Herzegowina<\/option><option value=\"Botswana\" >Botswana<\/option><option value=\"Bouvet Island\" >Bouvetinsel<\/option><option value=\"Brazil\" >Brasilien<\/option><option value=\"British Indian Ocean Territory\" >Britisches Territorium im Indischen Ozean<\/option><option value=\"Brunei Darussalam\" >Brunei<\/option><option value=\"Bulgaria\" >Bulgarien<\/option><option value=\"Burkina Faso\" >Burkina Faso<\/option><option value=\"Burundi\" >Burundi<\/option><option value=\"Cambodia\" >Kambodscha<\/option><option value=\"Cameroon\" >Kamerun<\/option><option value=\"Canada\" >Kanada<\/option><option value=\"Cape Verde\" >Kap Verde<\/option><option value=\"Cayman Islands\" >Kaimaninseln<\/option><option value=\"Central African Republic\" >Zentralafrikanische Republik<\/option><option value=\"Chad\" >Tschad<\/option><option value=\"Chile\" >Chile<\/option><option value=\"China\" >China<\/option><option value=\"Christmas Island\" >Weihnachtsinsel<\/option><option value=\"Cocos (Keeling) Islands\" >Kokosinseln (Keelinginseln)<\/option><option value=\"Colombia\" >Kolumbien<\/option><option value=\"Comoros\" >Komoren<\/option><option value=\"Congo\" >Kongo<\/option><option value=\"Congo, the Democratic Republic of the\" >Kongo<\/option><option value=\"Cook Islands\" >Cookinseln<\/option><option value=\"Costa Rica\" >Costa Rica<\/option><option value=\"C\u00f4te d&#039;Ivoire\" >Elfenbeink\u00fcste<\/option><option value=\"Croatia\" >Kroatien<\/option><option value=\"Cuba\" >Kuba<\/option><option value=\"Cyprus\" >Zypern<\/option><option value=\"Czech Republic\" >Tschechien<\/option><option value=\"Denmark\" >D\u00e4nemark<\/option><option value=\"Djibouti\" >Dschibuti<\/option><option value=\"Dominica\" >Dominica<\/option><option value=\"Dominican Republic\" >Dominikanische Republik<\/option><option value=\"Ecuador\" >Ecuador<\/option><option value=\"Egypt\" >\u00c4gypten<\/option><option value=\"El Salvador\" >El Salvador<\/option><option value=\"Equatorial Guinea\" >\u00c4quatorialguinea<\/option><option value=\"Eritrea\" >Eritrea<\/option><option value=\"Estonia\" >Estland<\/option><option value=\"Ethiopia\" >\u00c4thiopien<\/option><option value=\"Falkland Islands (Malvinas)\" >Falklandinseln<\/option><option value=\"Faroe Islands\" >F\u00e4r\u00f6er<\/option><option value=\"Fiji\" >Fidschi<\/option><option value=\"Finland\" >Finnland<\/option><option value=\"France\" >Frankreich<\/option><option value=\"French Guiana\" >Franz\u00f6sisch-Guayana<\/option><option value=\"French Polynesia\" >Franz\u00f6sisch-Polynesien<\/option><option value=\"French Southern Territories\" >Franz\u00f6sische S\u00fcd- und Antarktisgebiete<\/option><option value=\"Gabon\" >Gabun<\/option><option value=\"Gambia\" >Gambia<\/option><option value=\"Sakartvelo\" >Sakartwelo<\/option><option value=\"Germany\" >Deutschland<\/option><option value=\"Ghana\" >Ghana<\/option><option value=\"Gibraltar\" >Gibraltar<\/option><option value=\"Greece\" >Griechenland<\/option><option value=\"Greenland\" >Gr\u00f6nland<\/option><option value=\"Grenada\" >Grenada<\/option><option value=\"Guadeloupe\" >Guadeloupe<\/option><option value=\"Guam\" >Guam<\/option><option value=\"Guatemala\" >Guatemala<\/option><option value=\"Guernsey\" >Guernsey<\/option><option value=\"Guinea\" >Guinea<\/option><option value=\"Guinea-Bissau\" >Guinea-Bissau<\/option><option value=\"Guyana\" >Guyana<\/option><option value=\"Haiti\" >Haiti<\/option><option value=\"Heard Island and McDonald Islands\" >Heard und McDonaldinseln<\/option><option value=\"Holy See (Vatican City State)\" >Heiliger Stuhl (Staat Vatikanstadt)<\/option><option value=\"Honduras\" >Honduras<\/option><option value=\"Hong Kong\" >Hongkong<\/option><option value=\"Hungary\" >Ungarn<\/option><option value=\"Iceland\" >Island<\/option><option value=\"India\" >Indien<\/option><option value=\"Indonesia\" >Indonesien<\/option><option value=\"Iran, Islamic Republic of\" >Iran<\/option><option value=\"Iraq\" >Irak<\/option><option value=\"Ireland\" >Irland<\/option><option value=\"Isle of Man\" >Isle of Man<\/option><option value=\"Israel\" >Israel<\/option><option value=\"Italy\" >Italien<\/option><option value=\"Jamaica\" >Jamaika<\/option><option value=\"Japan\" >Japan<\/option><option value=\"Jersey\" >Jersey<\/option><option value=\"Jordan\" >Jordanien<\/option><option value=\"Kazakhstan\" >Kasachstan<\/option><option value=\"Kenya\" >Kenia<\/option><option value=\"Kiribati\" >Kiribati<\/option><option value=\"Korea, Democratic People&#039;s Republic of\" >Nordkorea<\/option><option value=\"Korea, Republic of\" >S\u00fcdkorea<\/option><option value=\"Kuwait\" >Kuwait<\/option><option value=\"Kyrgyzstan\" >Kirgisistan<\/option><option value=\"Lao People&#039;s Democratic Republic\" >Laos<\/option><option value=\"Latvia\" >Lettland<\/option><option value=\"Lebanon\" >Libanon<\/option><option value=\"Lesotho\" >Lesotho<\/option><option value=\"Liberia\" >Liberia<\/option><option value=\"Libyan Arab Jamahiriya\" >Libyen<\/option><option value=\"Liechtenstein\" >Liechtenstein<\/option><option value=\"Lithuania\" >Litauen<\/option><option value=\"Luxembourg\" >Luxemburg<\/option><option value=\"Macao\" >Macau<\/option><option value=\"North Macedonia\" >Nordmazedonien<\/option><option value=\"Madagascar\" >Madagaskar<\/option><option value=\"Malawi\" >Malawi<\/option><option value=\"Malaysia\" >Malaysia<\/option><option value=\"Maldives\" >Malediven<\/option><option value=\"Mali\" >Mali<\/option><option value=\"Malta\" >Malta<\/option><option value=\"Marshall Islands\" >Marshallinseln<\/option><option value=\"Martinique\" >Martinique<\/option><option value=\"Mauritania\" >Mauretanien<\/option><option value=\"Mauritius\" >Mauritius<\/option><option value=\"Mayotte\" >Mayotte<\/option><option value=\"Mexico\" >Mexiko<\/option><option value=\"Micronesia, Federated States of\" >Mikronesien, F\u00f6derierte Staaten von<\/option><option value=\"Moldova, Republic of\" >Moldawien<\/option><option value=\"Monaco\" >Monaco<\/option><option value=\"Mongolia\" >Mongolei<\/option><option value=\"Montenegro\" >Montenegro<\/option><option value=\"Montserrat\" >Montserrat<\/option><option value=\"Morocco\" >Marokko<\/option><option value=\"Mozambique\" >Mosambik<\/option><option value=\"Myanmar\" >Myanmar<\/option><option value=\"Namibia\" >Namibia<\/option><option value=\"Nauru\" >Nauru<\/option><option value=\"Nepal\" >Nepal<\/option><option value=\"Netherlands\" >Niederlande<\/option><option value=\"Netherlands Antilles\" >Niederl\u00e4ndische Antillen<\/option><option value=\"New Caledonia\" >Neukaledonien<\/option><option value=\"New Zealand\" >Neuseeland<\/option><option value=\"Nicaragua\" >Nicaragua<\/option><option value=\"Niger\" >Niger<\/option><option value=\"Nigeria\" >Nigeria<\/option><option value=\"Niue\" >Niue<\/option><option value=\"Norfolk Island\" >Norfolkinsel<\/option><option value=\"Northern Mariana Islands\" >N\u00f6rdliche Marianen<\/option><option value=\"Norway\" >Norwegen<\/option><option value=\"Oman\" >Oman<\/option><option value=\"Pakistan\" >Pakistan<\/option><option value=\"Palau\" >Palau<\/option><option value=\"Palestine\" >Pal\u00e4stina<\/option><option value=\"Panama\" >Panama<\/option><option value=\"Papua New Guinea\" >Papua-Neuguinea<\/option><option value=\"Paraguay\" >Paraguay<\/option><option value=\"Peru\" >Peru<\/option><option value=\"Philippines\" >Philippinen<\/option><option value=\"Pitcairn\" >Pitcairninseln<\/option><option value=\"Poland\" >Polen<\/option><option value=\"Portugal\" >Portugal<\/option><option value=\"Puerto Rico\" >Puerto Rico<\/option><option value=\"Qatar\" >Katar<\/option><option value=\"R\u00e9union\" >R\u00e9union<\/option><option value=\"Romania\" >Rum\u00e4nien<\/option><option value=\"Russian Federation\" >Russland<\/option><option value=\"Rwanda\" >Ruanda<\/option><option value=\"Saint Barth\u00e9lemy\" >Saint-Barth\u00e9lemy<\/option><option value=\"Saint Helena\" >St. Helena<\/option><option value=\"Saint Kitts and Nevis\" >St. Kitts und Nevis<\/option><option value=\"Saint Lucia\" >St. Lucia<\/option><option value=\"Saint Martin (French part)\" >St. Martin (franz\u00f6sischer Teil)<\/option><option value=\"Saint Pierre and Miquelon\" >Saint-Pierre und Miquelon<\/option><option value=\"Saint Vincent and the Grenadines\" >St. Vincent und die Grenadinen<\/option><option value=\"Samoa\" >Samoa<\/option><option value=\"San Marino\" >San Marino<\/option><option value=\"Sao Tome and Principe\" >S\u00e3o Tom\u00e9 und Pr\u00edncipe<\/option><option value=\"Saudi Arabia\" >Saudi-Arabien<\/option><option value=\"Senegal\" >Senegal<\/option><option value=\"Serbia\" >Serbien<\/option><option value=\"Seychelles\" >Seychellen<\/option><option value=\"Sierra Leone\" >Sierra Leone<\/option><option value=\"Singapore\" >Singapur<\/option><option value=\"Slovakia\" >Slowakei<\/option><option value=\"Slovenia\" >Slowenien<\/option><option value=\"Solomon Islands\" >Salomonen<\/option><option value=\"Somalia\" >Somalia<\/option><option value=\"South Africa\" >S\u00fcdafrika<\/option><option value=\"South Georgia and the South Sandwich Islands\" >S\u00fcdgeorgien und die S\u00fcdlichen Sandwichinseln<\/option><option value=\"South Sudan\" >S\u00fcdsudan<\/option><option value=\"Spain\" >Spanien<\/option><option value=\"Sri Lanka\" >Sri Lanka<\/option><option value=\"Sudan\" >Sudan<\/option><option value=\"Suriname\" >Surinam<\/option><option value=\"Svalbard and Jan Mayen\" >Spitzbergen und Jan Mayen<\/option><option value=\"Eswatini\" >Eswatini<\/option><option value=\"Sweden\" >Schweden<\/option><option value=\"Switzerland\" >Schweiz<\/option><option value=\"Syrian Arab Republic\" >Syrien<\/option><option value=\"Taiwan, Province of China\" >Taiwan<\/option><option value=\"Tajikistan\" >Tadschikistan<\/option><option value=\"Tanzania, United Republic of\" >Tansania<\/option><option value=\"Thailand\" >Thailand<\/option><option value=\"Timor-Leste\" >Osttimor<\/option><option value=\"Togo\" >Togo<\/option><option value=\"Tokelau\" >Tokelau<\/option><option value=\"Tonga\" >Tonga<\/option><option value=\"Trinidad and Tobago\" >Trinidad und Tobago<\/option><option value=\"Tunisia\" >Tunesien<\/option><option value=\"T\u00fcrkiye\" >T\u00fcrkei<\/option><option value=\"Turkmenistan\" >Turkmenistan<\/option><option value=\"Turks and Caicos Islands\" >Turks- und Caicosinseln<\/option><option value=\"Tuvalu\" >Tuvalu<\/option><option value=\"Uganda\" >Uganda<\/option><option value=\"Ukraine\" >Ukraine<\/option><option value=\"United Arab Emirates\" >Vereinigte Arabische Emirate<\/option><option value=\"United Kingdom\" >Vereinigtes K\u00f6nigreich<\/option><option value=\"United States\" >Vereinigte Staaten von Amerika<\/option><option value=\"United States Minor Outlying Islands\" >Kleinere abgelegene Inseln der Vereinigten Staaten<\/option><option value=\"Uruguay\" >Uruguay<\/option><option value=\"Uzbekistan\" >Usbekistan<\/option><option value=\"Vanuatu\" >Vanuatu<\/option><option value=\"Venezuela, Bolivarian Republic of\" >Venezuela<\/option><option value=\"Viet Nam\" >Vietnam<\/option><option value=\"Virgin Islands, British\" >Britische Jungferninseln<\/option><option value=\"Virgin Islands, U.S.\" >Amerikanische Jungferninseln<\/option><option value=\"Wallis and Futuna\" >Wallis und Futuna<\/option><option value=\"Western Sahara\" >Westsahara<\/option><option value=\"Yemen\" >Jemen<\/option><option value=\"Zambia\" >Sambia<\/option><option value=\"Zimbabwe\" >Simbabwe<\/option><\/select><\/div><\/div><\/div><\/div>\t<input type=\"hidden\" name=\"form_id\" id=\"form_id_6642\" value=\"6642\" \/>\n\t\t<p class=\"um_request_name\">\n\t\t<label for=\"um_request_6642\">Only fill in if you are not human<\/label>\n\t\t<input type=\"hidden\" name=\"um_request\" id=\"um_request_6642\" class=\"input\" value=\"\" size=\"25\" autocomplete=\"off\" \/>\n\t<\/p>\n\t<input type=\"hidden\" id=\"_wpnonce\" name=\"_wpnonce\" value=\"22c6320b45\" \/><input type=\"hidden\" name=\"_wp_http_referer\" value=\"\/de\/wp-json\/wp\/v2\/pages\/13145\" \/>\n\t<div class=\"um-col-alt\">\n\n\t\t\n\t\t\t<div class=\"um-left um-half\">\n\t\t\t\t<input type=\"submit\" value=\"Registrieren\" class=\"um-button\" id=\"um-submit-btn\" \/>\n\t\t\t<\/div>\n\t\t\t<div class=\"um-right um-half\">\n\t\t\t\t<a href=\"https:\/\/kontracamps.com\/de\/anmeldung\/\" class=\"um-button um-alt\">\n\t\t\t\t\tAnmelden\t\t\t\t<\/a>\n\t\t\t<\/div>\n\n\t\t\n\t\t<div class=\"um-clear\"><\/div>\n\n\t<\/div>\n\n\t\t\t<\/form>\n\t<\/div>\n<\/div>\n<style>\n\t\t\t.um-6642.um {\n\t\t\tmax-width: 450px;\n\t\t}\n\t\t<\/style>\n\n","protected":false},"excerpt":{"rendered":"","protected":false},"author":4,"featured_media":0,"parent":0,"menu_order":0,"comment_status":"closed","ping_status":"closed","template":"","meta":{"footnotes":""},"categories":[],"folder":[],"class_list":["post-13145","page","type-page","status-publish","hentry"],"aioseo_notices":[],"_links":{"self":[{"href":"https:\/\/kontracamps.com\/de\/wp-json\/wp\/v2\/pages\/13145","targetHints":{"allow":["GET"]}}],"collection":[{"href":"https:\/\/kontracamps.com\/de\/wp-json\/wp\/v2\/pages"}],"about":[{"href":"https:\/\/kontracamps.com\/de\/wp-json\/wp\/v2\/types\/page"}],"author":[{"embeddable":true,"href":"https:\/\/kontracamps.com\/de\/wp-json\/wp\/v2\/users\/4"}],"replies":[{"embeddable":true,"href":"https:\/\/kontracamps.com\/de\/wp-json\/wp\/v2\/comments?post=13145"}],"version-history":[{"count":0,"href":"https:\/\/kontracamps.com\/de\/wp-json\/wp\/v2\/pages\/13145\/revisions"}],"wp:attachment":[{"href":"https:\/\/kontracamps.com\/de\/wp-json\/wp\/v2\/media?parent=13145"}],"wp:term":[{"taxonomy":"category","embeddable":true,"href":"https:\/\/kontracamps.com\/de\/wp-json\/wp\/v2\/categories?post=13145"},{"taxonomy":"folder","embeddable":true,"href":"https:\/\/kontracamps.com\/de\/wp-json\/wp\/v2\/folder?post=13145"}],"curies":[{"name":"wp","href":"https:\/\/api.w.org\/{rel}","templated":true}]}}