{"id":13746,"date":"2025-12-05T20:08:47","date_gmt":"2025-12-05T19:08:47","guid":{"rendered":"https:\/\/kontracamps.com\/partnerschaften\/"},"modified":"2026-04-13T12:01:00","modified_gmt":"2026-04-13T10:01:00","slug":"partnerschaften","status":"publish","type":"page","link":"https:\/\/kontracamps.com\/de\/partnerschaften\/","title":{"rendered":"Partnerschaften"},"content":{"rendered":"\n\n\t<section class=\"section\" id=\"section_1450291006\">\n\t\t<div class=\"section-bg fill\" >\n\t\t\t\t\t\t\t\t\t\n\t\t\t\n\n\t\t<\/div>\n\n\t\t\n\n\t\t<div class=\"section-content relative\">\n\t\t\t\n\n  <div id=\"page-header-1404227564\" class=\"page-header-wrapper\">\n  <div class=\"page-title dark normal-title\">\n\n        <div class=\"page-title-bg\">\n      <div class=\"title-bg fill bg-fill\"\n        data-parallax-container=\".page-title\"\n        data-parallax-background\n        data-parallax=\"-\">\n      <\/div>\n      <div class=\"title-overlay fill\"><\/div>\n    <\/div>\n    \n    <div class=\"page-title-inner container align-center text-center flex-row-col medium-flex-wrap\" >\n              <div class=\"title-wrapper uppercase flex-col\">\n          <h1 class=\"entry-title mb-0\">\n            Partnerschaften          <\/h1>\n        <\/div>\n                    <div class=\"title-content flex-col\">\n        <ul class=\"nav sm-touch-scroll nav-simple nav-uppercase text-center nav-center\"><li class=\"nav-single-page hidden\"><\/li><\/ul>      <\/div>\n    <\/div>\n\n     \n<style>\n#page-header-1404227564 .page-title-inner {\n  min-height: 100px;\n}\n#page-header-1404227564 .normal-title {\n  background-color: rgb(1, 34, 77);\n}\n<\/style>\n  <\/div>\n    <\/div>\n  \n\n\n\t\t<\/div>\n\n\t\t\n<style>\n#section_1450291006 {\n  padding-top: 30px;\n  padding-bottom: 30px;\n}\n<\/style>\n\t<\/section>\n\t\n\n\t<section class=\"section\" id=\"section_326383900\">\n\t\t<div class=\"section-bg fill\" >\n\t\t\t\t\t\t\t\t\t\n\t\t\t\n\n\t\t<\/div>\n\n\t\t\n\n\t\t<div class=\"section-content relative\">\n\t\t\t\n\n\t<div id=\"text-4269410917\" class=\"text\">\n\t\t\n\n<h2><strong>UNSERE PARTNER<\/strong><\/h2>\n\t\t\n<style>\n#text-4269410917 {\n  line-height: 2.05;\n  text-align: center;\n}\n<\/style>\n\t<\/div>\n\t\n\t<div id=\"gap-536178355\" class=\"gap-element clearfix\" style=\"display:block; height:auto;\">\n\t\t\n<style>\n#gap-536178355 {\n  padding-top: 30px;\n}\n<\/style>\n\t<\/div>\n\t\n\n\t<div id=\"stack-439110491\" class=\"stack stack-col justify-start items-center\">\n\t\t\n\n<div class=\"row row-small align-middle align-center\"  id=\"row-2139958416\">\n\n\n\t<div id=\"col-2072190512\" class=\"col medium-3 small-12 large-3\"  >\n\t\t\t\t<div class=\"col-inner text-center\"  >\n\t\t\t\n\t\t\t\n\n\t<div class=\"img has-hover x md-x lg-x y md-y lg-y\" id=\"image_585953099\">\n\t\t\t\t\t\t\t\t<div class=\"img-inner dark\" >\n\t\t\t<img loading=\"lazy\" decoding=\"async\" width=\"800\" height=\"279\" src=\"https:\/\/kontracamps.com\/wp-content\/uploads\/2025\/12\/red-bull-e1764963782817.png\" class=\"attachment-original size-original\" alt=\"\" srcset=\"https:\/\/kontracamps.com\/wp-content\/uploads\/2025\/12\/red-bull-e1764963782817.png 800w, https:\/\/kontracamps.com\/wp-content\/uploads\/2025\/12\/red-bull-e1764963782817-600x209.png 600w, https:\/\/kontracamps.com\/wp-content\/uploads\/2025\/12\/red-bull-e1764963782817-640x223.png 640w, https:\/\/kontracamps.com\/wp-content\/uploads\/2025\/12\/red-bull-e1764963782817-768x268.png 768w\" sizes=\"auto, (max-width: 800px) 100vw, 800px\" \/>\t\t\t\t\t\t\n\t\t\t\t\t<\/div>\n\t\t\t\t\t\t\t\t\n<style>\n#image_585953099 {\n  width: 100%;\n}\n<\/style>\n\t<\/div>\n\t\n\n\n\t\t<\/div>\n\t\t\t\t\t<\/div>\n\n\t\n\n\t<div id=\"col-1568934439\" class=\"col medium-3 small-12 large-3\"  >\n\t\t\t\t<div class=\"col-inner text-center\"  >\n\t\t\t\n\t\t\t\n\n\t<div class=\"img has-hover x md-x lg-x y md-y lg-y\" id=\"image_1290505988\">\n\t\t\t\t\t\t\t\t<div class=\"img-inner dark\" >\n\t\t\t<img loading=\"lazy\" decoding=\"async\" width=\"1200\" height=\"181\" src=\"https:\/\/kontracamps.com\/wp-content\/uploads\/2025\/12\/Mi_Logo_CMYK_horizontal_registered.jpg\" class=\"attachment-original size-original\" alt=\"\" srcset=\"https:\/\/kontracamps.com\/wp-content\/uploads\/2025\/12\/Mi_Logo_CMYK_horizontal_registered.jpg 1200w, https:\/\/kontracamps.com\/wp-content\/uploads\/2025\/12\/Mi_Logo_CMYK_horizontal_registered-600x91.jpg 600w, https:\/\/kontracamps.com\/wp-content\/uploads\/2025\/12\/Mi_Logo_CMYK_horizontal_registered-640x97.jpg 640w, https:\/\/kontracamps.com\/wp-content\/uploads\/2025\/12\/Mi_Logo_CMYK_horizontal_registered-768x116.jpg 768w\" sizes=\"auto, (max-width: 1200px) 100vw, 1200px\" \/>\t\t\t\t\t\t\n\t\t\t\t\t<\/div>\n\t\t\t\t\t\t\t\t\n<style>\n#image_1290505988 {\n  width: 100%;\n}\n<\/style>\n\t<\/div>\n\t\n\n\n\t\t<\/div>\n\t\t\t\t\t<\/div>\n\n\t\n\n\t<div id=\"col-1538318192\" class=\"col medium-3 small-12 large-3\"  >\n\t\t\t\t<div class=\"col-inner text-center\"  >\n\t\t\t\n\t\t\t\n\n\t<div class=\"img has-hover x md-x lg-x y md-y lg-y\" id=\"image_780949980\">\n\t\t\t\t\t\t\t\t<div class=\"img-inner dark\" >\n\t\t\t<img loading=\"lazy\" decoding=\"async\" width=\"1200\" height=\"282\" src=\"https:\/\/kontracamps.com\/wp-content\/uploads\/2025\/12\/nox_tagline_red_pantone-copia-e1764963810888.png\" class=\"attachment-original size-original\" alt=\"\" srcset=\"https:\/\/kontracamps.com\/wp-content\/uploads\/2025\/12\/nox_tagline_red_pantone-copia-e1764963810888.png 1200w, https:\/\/kontracamps.com\/wp-content\/uploads\/2025\/12\/nox_tagline_red_pantone-copia-e1764963810888-600x141.png 600w, https:\/\/kontracamps.com\/wp-content\/uploads\/2025\/12\/nox_tagline_red_pantone-copia-e1764963810888-640x150.png 640w, https:\/\/kontracamps.com\/wp-content\/uploads\/2025\/12\/nox_tagline_red_pantone-copia-e1764963810888-768x180.png 768w\" sizes=\"auto, (max-width: 1200px) 100vw, 1200px\" \/>\t\t\t\t\t\t\n\t\t\t\t\t<\/div>\n\t\t\t\t\t\t\t\t\n<style>\n#image_780949980 {\n  width: 100%;\n}\n<\/style>\n\t<\/div>\n\t\n\n\n\t\t<\/div>\n\t\t\t\t\t<\/div>\n\n\t\n\n\t<div id=\"col-251479787\" class=\"col medium-3 small-12 large-3\"  >\n\t\t\t\t<div class=\"col-inner text-center\"  >\n\t\t\t\n\t\t\t\n\n\t<div class=\"img has-hover x md-x lg-x y md-y lg-y\" id=\"image_996236747\">\n\t\t\t\t\t\t\t\t<div class=\"img-inner dark\" >\n\t\t\t<img loading=\"lazy\" decoding=\"async\" width=\"1200\" height=\"784\" src=\"https:\/\/kontracamps.com\/wp-content\/uploads\/2025\/12\/Oko-na-Oko-logo-tlo-e1764965458111.png\" class=\"attachment-original size-original\" alt=\"\" srcset=\"https:\/\/kontracamps.com\/wp-content\/uploads\/2025\/12\/Oko-na-Oko-logo-tlo-e1764965458111.png 1200w, https:\/\/kontracamps.com\/wp-content\/uploads\/2025\/12\/Oko-na-Oko-logo-tlo-e1764965458111-600x392.png 600w, https:\/\/kontracamps.com\/wp-content\/uploads\/2025\/12\/Oko-na-Oko-logo-tlo-e1764965458111-640x418.png 640w, https:\/\/kontracamps.com\/wp-content\/uploads\/2025\/12\/Oko-na-Oko-logo-tlo-e1764965458111-768x502.png 768w\" sizes=\"auto, (max-width: 1200px) 100vw, 1200px\" \/>\t\t\t\t\t\t\n\t\t\t\t\t<\/div>\n\t\t\t\t\t\t\t\t\n<style>\n#image_996236747 {\n  width: 44%;\n}\n<\/style>\n\t<\/div>\n\t\n\n\n\t\t<\/div>\n\t\t\t\t\t<\/div>\n\n\t\n\n\t<div id=\"col-587053204\" class=\"col medium-3 small-12 large-3\"  >\n\t\t\t\t<div class=\"col-inner\"  >\n\t\t\t\n\t\t\t\n\n\t<div class=\"img has-hover x md-x lg-x y md-y lg-y\" id=\"image_1477368597\">\n\t\t\t\t\t\t\t\t<div class=\"img-inner dark\" >\n\t\t\t<img loading=\"lazy\" decoding=\"async\" width=\"1020\" height=\"354\" src=\"https:\/\/kontracamps.com\/wp-content\/uploads\/2026\/03\/37bef375-b911-4362-8a59-b5c64330aa49.png\" class=\"attachment-large size-large\" alt=\"\" srcset=\"https:\/\/kontracamps.com\/wp-content\/uploads\/2026\/03\/37bef375-b911-4362-8a59-b5c64330aa49.png 1200w, https:\/\/kontracamps.com\/wp-content\/uploads\/2026\/03\/37bef375-b911-4362-8a59-b5c64330aa49-640x222.png 640w, https:\/\/kontracamps.com\/wp-content\/uploads\/2026\/03\/37bef375-b911-4362-8a59-b5c64330aa49-768x267.png 768w, https:\/\/kontracamps.com\/wp-content\/uploads\/2026\/03\/37bef375-b911-4362-8a59-b5c64330aa49-600x209.png 600w\" sizes=\"auto, (max-width: 1020px) 100vw, 1020px\" \/>\t\t\t\t\t\t\n\t\t\t\t\t<\/div>\n\t\t\t\t\t\t\t\t\n<style>\n#image_1477368597 {\n  width: 100%;\n}\n<\/style>\n\t<\/div>\n\t\n\n\n\t\t<\/div>\n\t\t\t\t\t<\/div>\n\n\t\n\n<\/div>\n\n\t\t\n<style>\n#stack-439110491 > * {\n  --stack-gap: 0rem;\n}\n<\/style>\n\t<\/div>\n\t\n\n\t\t<\/div>\n\n\t\t\n<style>\n#section_326383900 {\n  padding-top: 30px;\n  padding-bottom: 30px;\n}\n<\/style>\n\t<\/section>\n\t\n\n\t<section class=\"section\" id=\"section_148879195\">\n\t\t<div class=\"section-bg fill\" >\n\t\t\t\t\t\t\t\t\t\n\t\t\t\n\n\t\t<\/div>\n\n\t\t\n\n\t\t<div class=\"section-content relative\">\n\t\t\t\n\n\t<div id=\"text-486899970\" class=\"text\">\n\t\t\n\n<h2><strong>SIE M\u00d6CHTEN BEI UNS F\u00dcR IHRE MARKE WERBEN?<\/strong><\/h2>\n\t\t\n<style>\n#text-486899970 {\n  text-align: center;\n}\n<\/style>\n\t<\/div>\n\t\n<div class=\"row\"  id=\"row-967795028\">\n\n\n\t<div id=\"col-1579339902\" class=\"col medium-6 small-12 large-6\"  >\n\t\t\t\t<div class=\"col-inner\"  >\n\t\t\t\n\t\t\t\n\n\t<div class=\"img has-hover x md-x lg-x y md-y lg-y\" id=\"image_1531746465\">\n\t\t\t\t\t\t\t\t<div class=\"img-inner dark\" >\n\t\t\t<img loading=\"lazy\" decoding=\"async\" width=\"1020\" height=\"682\" src=\"https:\/\/kontracamps.com\/wp-content\/uploads\/2024\/11\/DSC09535-27-1.jpg\" class=\"attachment-large size-large\" alt=\"\" srcset=\"https:\/\/kontracamps.com\/wp-content\/uploads\/2024\/11\/DSC09535-27-1.jpg 1200w, https:\/\/kontracamps.com\/wp-content\/uploads\/2024\/11\/DSC09535-27-1-600x401.jpg 600w, https:\/\/kontracamps.com\/wp-content\/uploads\/2024\/11\/DSC09535-27-1-640x428.jpg 640w, https:\/\/kontracamps.com\/wp-content\/uploads\/2024\/11\/DSC09535-27-1-768x513.jpg 768w, https:\/\/kontracamps.com\/wp-content\/uploads\/2024\/11\/DSC09535-27-1-320x214.jpg 320w\" sizes=\"auto, (max-width: 1020px) 100vw, 1020px\" \/>\t\t\t\t\t\t\n\t\t\t\t\t<\/div>\n\t\t\t\t\t\t\t\t\n<style>\n#image_1531746465 {\n  width: 100%;\n}\n<\/style>\n\t<\/div>\n\t\n\n\n\t\t<\/div>\n\t\t\t\t\t<\/div>\n\n\t\n\n\t<div id=\"col-840959642\" class=\"col medium-6 small-12 large-6\"  >\n\t\t\t\t<div class=\"col-inner\"  >\n\t\t\t\n\t\t\t\n\n<p style=\"text-align: justify;\" data-start=\"101\" data-end=\"323\">Durch eine Partnerschaft mit uns erhalten Sie die M\u00f6glichkeit, Ihre Marke direkt bei einer engagierten Gemeinschaft von Sportlern, Reisenden und Lifestyle-orientierten Menschen zu pr\u00e4sentieren. Unsere Beachvolleyball-Camps schaffen eine authentische, energiegeladene Kulisse, in der Ihre Marke gl\u00e4nzen kann &#8211; von der Sichtbarkeit vor Ort und der Produktplatzierung bis hin zur digitalen Werbung vor, w\u00e4hrend und nach jeder Veranstaltung. <\/p>\n<ul>\n<li style=\"text-align: justify;\" data-start=\"101\" data-end=\"323\">M\u00f6chten Sie, dass Ihre Produkte oder Dienstleistungen aktive Menschen erreichen?<\/li>\n<li style=\"text-align: justify;\" data-start=\"101\" data-end=\"323\">Sind Sie auf der Suche nach einem zuverl\u00e4ssigen Partner f\u00fcr die Werbung Ihres Unternehmens?<\/li>\n<li style=\"text-align: justify;\" data-start=\"101\" data-end=\"323\">M\u00f6chten Sie, dass Ihr Logo im Rampenlicht steht?<\/li>\n<li style=\"text-align: justify;\" data-start=\"101\" data-end=\"323\">M\u00f6chten Sie Ihre Marke mit Sport und positiver Energie in Verbindung bringen?<\/li>\n<\/ul>\n<p>Wenn Sie eine dieser Fragen mit JA beantwortet haben, werden Sie Kontra Partner!<\/p>\n\n\t\t<\/div>\n\t\t\t\t\t<\/div>\n\n\t\n\n<\/div>\n\n\t\t<\/div>\n\n\t\t\n<style>\n#section_148879195 {\n  padding-top: 30px;\n  padding-bottom: 30px;\n}\n<\/style>\n\t<\/section>\n\t\n\n\t<section class=\"section\" id=\"section_529231822\">\n\t\t<div class=\"section-bg fill\" >\n\t\t\t\t\t\t\t\t\t\n\t\t\t\n\n\t\t<\/div>\n\n\t\t\n\n\t\t<div class=\"section-content relative\">\n\t\t\t\n\n\t<div id=\"text-4085366667\" class=\"text\">\n\t\t\n\n<h2><strong>EIN AKTIVES PUBLIKUM ERREICHEN<\/strong><\/h2>\n\t\t\n<style>\n#text-4085366667 {\n  text-align: center;\n}\n<\/style>\n\t<\/div>\n\t\n<div class=\"row\"  id=\"row-1926101415\">\n\n\n\t<div id=\"col-388071294\" class=\"col medium-6 small-12 large-6\"  >\n\t\t\t\t<div class=\"col-inner\"  >\n\t\t\t\n\t\t\t\n\n\t<div class=\"img has-hover x md-x lg-x y md-y lg-y\" id=\"image_1299249562\">\n\t\t\t\t\t\t\t\t<div class=\"img-inner dark\" >\n\t\t\t<img loading=\"lazy\" decoding=\"async\" width=\"1020\" height=\"765\" src=\"https:\/\/kontracamps.com\/wp-content\/uploads\/2025\/10\/Kontra_Camp_Mallorca_2025-275-2-1-1280x960.jpg\" class=\"attachment-large size-large\" alt=\"\" srcset=\"https:\/\/kontracamps.com\/wp-content\/uploads\/2025\/10\/Kontra_Camp_Mallorca_2025-275-2-1-1280x960.jpg 1280w, https:\/\/kontracamps.com\/wp-content\/uploads\/2025\/10\/Kontra_Camp_Mallorca_2025-275-2-1-600x450.jpg 600w, https:\/\/kontracamps.com\/wp-content\/uploads\/2025\/10\/Kontra_Camp_Mallorca_2025-275-2-1-640x480.jpg 640w, https:\/\/kontracamps.com\/wp-content\/uploads\/2025\/10\/Kontra_Camp_Mallorca_2025-275-2-1-768x576.jpg 768w, https:\/\/kontracamps.com\/wp-content\/uploads\/2025\/10\/Kontra_Camp_Mallorca_2025-275-2-1-1536x1152.jpg 1536w, https:\/\/kontracamps.com\/wp-content\/uploads\/2025\/10\/Kontra_Camp_Mallorca_2025-275-2-1.jpg 2000w\" sizes=\"auto, (max-width: 1020px) 100vw, 1020px\" \/>\t\t\t\t\t\t\n\t\t\t\t\t<\/div>\n\t\t\t\t\t\t\t\t\n<style>\n#image_1299249562 {\n  width: 100%;\n}\n<\/style>\n\t<\/div>\n\t\n\n\n\t\t<\/div>\n\t\t\t\t\t<\/div>\n\n\t\n\n\t<div id=\"col-148150067\" class=\"col medium-6 small-12 large-6\"  >\n\t\t\t\t<div class=\"col-inner text-center\"  >\n\t\t\t\n\t\t\t\n\n<p style=\"text-align: justify;\" data-start=\"59\" data-end=\"248\">Sie k\u00f6nnen uns bei einem ausgew\u00e4hlten Camp, Turnier oder w\u00e4hrend der gesamten Saison begleiten &#8211; in Polen oder im Ausland. Ihre Marke kann auf Spielfeldern, Trikots, Vortragsr\u00e4umen und in unseren sozialen Medien erscheinen. <\/p>\n<p style=\"text-align: justify;\" data-start=\"250\" data-end=\"404\">Jedes Jahr nehmen \u00fcber 2.500 Menschen an unseren Sportveranstaltungen teil, und mehr als 10.000 Fans folgen uns auf Facebook und Instagram &#8211; und es werden immer mehr.<\/p>\n<p style=\"text-align: justify;\" data-start=\"406\" data-end=\"509\">Je nach Veranstaltung umfasst unser Publikum entweder polnische Teilnehmer oder eine internationale Gemeinschaft.<\/p>\n<p style=\"text-align: justify;\" data-start=\"511\" data-end=\"625\">Wir sind offen f\u00fcr verschiedene Formen der Zusammenarbeit. Schauen Sie sich unsere Fotos und Videos an, um zu sehen, wo Ihr Logo erscheinen k\u00f6nnte. <\/p>\n<p style=\"text-align: justify;\" data-start=\"627\" data-end=\"676\" data-is-last-node=\"\" data-is-only-node=\"\">Kontaktieren Sie uns per Telefon oder E-Mail &#8211; wir w\u00fcrden uns gerne mit Ihnen unterhalten!<\/p>\n\t<div id=\"gap-443233416\" class=\"gap-element clearfix\" style=\"display:block; height:auto;\">\n\t\t\n<style>\n#gap-443233416 {\n  padding-top: 30px;\n}\n<\/style>\n\t<\/div>\n\t\n\n<a href=\"https:\/\/kontracamps.com\/de\/kontakt\/\" class=\"button secondary\" >\n\t\t<span>Kontaktieren Sie uns<\/span>\n\t<\/a>\n\n\n\n\t\t<\/div>\n\t\t\t\t\t<\/div>\n\n\t\n\n<\/div>\n\n\t\t<\/div>\n\n\t\t\n<style>\n#section_529231822 {\n  padding-top: 30px;\n  padding-bottom: 30px;\n}\n<\/style>\n\t<\/section>\n\t\n\n","protected":false},"excerpt":{"rendered":"","protected":false},"author":1,"featured_media":0,"parent":0,"menu_order":0,"comment_status":"closed","ping_status":"closed","template":"page-blank.php","meta":{"footnotes":""},"categories":[466],"folder":[],"class_list":["post-13746","page","type-page","status-publish","hentry","category-beachvolleyball"],"aioseo_notices":[],"_links":{"self":[{"href":"https:\/\/kontracamps.com\/de\/wp-json\/wp\/v2\/pages\/13746","targetHints":{"allow":["GET"]}}],"collection":[{"href":"https:\/\/kontracamps.com\/de\/wp-json\/wp\/v2\/pages"}],"about":[{"href":"https:\/\/kontracamps.com\/de\/wp-json\/wp\/v2\/types\/page"}],"author":[{"embeddable":true,"href":"https:\/\/kontracamps.com\/de\/wp-json\/wp\/v2\/users\/1"}],"replies":[{"embeddable":true,"href":"https:\/\/kontracamps.com\/de\/wp-json\/wp\/v2\/comments?post=13746"}],"version-history":[{"count":4,"href":"https:\/\/kontracamps.com\/de\/wp-json\/wp\/v2\/pages\/13746\/revisions"}],"predecessor-version":[{"id":14433,"href":"https:\/\/kontracamps.com\/de\/wp-json\/wp\/v2\/pages\/13746\/revisions\/14433"}],"wp:attachment":[{"href":"https:\/\/kontracamps.com\/de\/wp-json\/wp\/v2\/media?parent=13746"}],"wp:term":[{"taxonomy":"category","embeddable":true,"href":"https:\/\/kontracamps.com\/de\/wp-json\/wp\/v2\/categories?post=13746"},{"taxonomy":"folder","embeddable":true,"href":"https:\/\/kontracamps.com\/de\/wp-json\/wp\/v2\/folder?post=13746"}],"curies":[{"name":"wp","href":"https:\/\/api.w.org\/{rel}","templated":true}]}}