{"id":13747,"date":"2025-10-12T13:10:24","date_gmt":"2025-10-12T11:10:24","guid":{"rendered":"https:\/\/kontracamps.com\/padel\/"},"modified":"2026-04-10T12:18:37","modified_gmt":"2026-04-10T10:18:37","slug":"padel","status":"publish","type":"page","link":"https:\/\/kontracamps.com\/de\/padel\/","title":{"rendered":"Padel"},"content":{"rendered":"\n\n\t<section class=\"section dark\" id=\"section_1999503434\">\n\t\t<div class=\"section-bg fill\" >\n\t\t\t<img loading=\"lazy\" decoding=\"async\" width=\"2000\" height=\"1500\" src=\"https:\/\/kontracamps.com\/wp-content\/uploads\/2025\/10\/Kontra_Camp_Mallorca_2025-275-2-1.jpg\" class=\"bg attachment-original size-original\" alt=\"\" \/>\t\t\t\t\t\t\n\t\t\t\n\n\t\t<\/div>\n\n\t\t\n\n\t\t<div class=\"section-content relative\">\n\t\t\t\n\n<div class=\"row align-bottom align-center\"  id=\"row-1127291989\">\n\n\n\t<div id=\"col-718061252\" class=\"col small-12 large-12\"  >\n\t\t\t\t<div class=\"col-inner text-center\"  >\n\t\t\t\n\t\t\t\n\n\t<div id=\"text-1310836400\" class=\"text\">\n\t\t\n\n<h1 style=\"font-family: 'Montserrat', sans-serif; font-weight: bold; text-shadow: 5px 5px 5px #000;\">PADEL-LAGER<br>2025 | 2026<\/h1>\n\t\t\n<style>\n#text-1310836400 {\n  font-size: 0.85rem;\n  text-align: center;\n  color: rgb(255, 255, 255);\n}\n#text-1310836400 > * {\n  color: rgb(255, 255, 255);\n}\n@media (min-width:550px) {\n  #text-1310836400 {\n    font-size: 1.6rem;\n  }\n}\n<\/style>\n\t<\/div>\n\t\n\t<div id=\"gap-1863676600\" class=\"gap-element clearfix show-for-small\" style=\"display:block; height:auto;\">\n\t\t\n<style>\n#gap-1863676600 {\n  padding-top: 100px;\n}\n@media (min-width:550px) {\n  #gap-1863676600 {\n    padding-top: 200px;\n  }\n}\n<\/style>\n\t<\/div>\n\t\n\n\t<div id=\"gap-1769440845\" class=\"gap-element clearfix hide-for-medium\" style=\"display:block; height:auto;\">\n\t\t\n<style>\n#gap-1769440845 {\n  padding-top: 100px;\n}\n@media (min-width:550px) {\n  #gap-1769440845 {\n    padding-top: 200px;\n  }\n}\n<\/style>\n\t<\/div>\n\t\n\n\n\t\t<\/div>\n\t\t\t\t\n<style>\n#col-718061252 > .col-inner {\n  padding: 0px 0px 0px 0px;\n}\n<\/style>\n\t<\/div>\n\n\t\n\n<\/div>\n<div class=\"row align-bottom align-center\"  id=\"row-1907433390\">\n\n\n\t<div id=\"col-1872046350\" class=\"col small-12 large-12\"  >\n\t\t\t\t<div class=\"col-inner text-center dark\"  >\n\t\t\t\n\t\t\t\n\n\t<div id=\"text-4162715555\" class=\"text shadow\">\n\t\t\n\n<h4 style=\"font-family: 'Montserrat', sans-serif; font-weight: bold; text-shadow: 5px 5px 5px #000;\">Siehe unsere n\u00e4chsten Camps<\/h4>\n\t\t\n<style>\n#text-4162715555 {\n  font-size: 1.2rem;\n  line-height: 0.8;\n  text-align: center;\n  color: rgb(255, 255, 255);\n}\n#text-4162715555 > * {\n  color: rgb(255, 255, 255);\n}\n@media (min-width:550px) {\n  #text-4162715555 {\n    font-size: 0.75rem;\n    text-align: center;\n  }\n}\n@media (min-width:850px) {\n  #text-4162715555 {\n    font-size: 1.75rem;\n  }\n}\n<\/style>\n\t<\/div>\n\t\n<a href=\"https:\/\/kontracamps.com\/de\/padel\/padel-camps\/\" class=\"button primary\" >\n\t\t<span>Klicken Sie hier<\/span>\n\t<\/a>\n\n\n\n\t\t<\/div>\n\t\t\t\t\t<\/div>\n\n\t\n\n<\/div>\n\n\t\t<\/div>\n\n\t\t\n<style>\n#section_1999503434 {\n  padding-top: 20px;\n  padding-bottom: 20px;\n  min-height: 300px;\n}\n#section_1999503434 .section-bg img {\n  object-position: Relative;\n}\n@media (min-width:550px) {\n  #section_1999503434 {\n    padding-top: 30px;\n    padding-bottom: 30px;\n    min-height: 700px;\n  }\n}\n<\/style>\n\t<\/section>\n\t\n\n\t<section class=\"section\" id=\"section_808369608\">\n\t\t<div class=\"section-bg fill\" >\n\t\t\t\t\t\t\t\t\t\n\t\t\t\n\n\t\t<\/div>\n\n\t\t\n\n\t\t<div class=\"section-content relative\">\n\t\t\t\n\n<div class=\"row align-center\"  id=\"row-519216413\">\n\n\n\t<div id=\"col-715099725\" class=\"col medium-8 small-12 large-8\"  >\n\t\t\t\t<div class=\"col-inner text-center\"  >\n\t\t\t\n\t\t\t\n\n\t<div id=\"text-884639380\" class=\"text\">\n\t\t\n\n<p> <\/p>\n<h2 class=\"uppercase\" style=\"text-align: center;\">Padel Camps Europa 2025-2026<\/h2>\n<p style=\"text-align: center;\">Genie\u00dfen Sie einen aktiven Urlaub? Haben Sie eine Leidenschaft f\u00fcr Padel und m\u00f6chten Sie Ihre F\u00e4higkeiten verbessern? Oder m\u00f6chten Sie einfach nur diesen sch\u00f6nen Sport entdecken? Nehmen Sie an einem unserer Padel-Camps teil!   <\/p>\n\t\t\n<style>\n#text-884639380 {\n  line-height: 1.5;\n}\n<\/style>\n\t<\/div>\n\t\n\n\t\t<\/div>\n\t\t\t\t\t<\/div>\n\n\t\n\n<\/div>\n\n\t\t<\/div>\n\n\t\t\n<style>\n#section_808369608 {\n  padding-top: 10px;\n  padding-bottom: 10px;\n  min-height: 300px;\n}\n@media (min-width:550px) {\n  #section_808369608 {\n    padding-top: 60px;\n    padding-bottom: 60px;\n    min-height: 300px;\n  }\n}\n<\/style>\n\t<\/section>\n\t\n\n\t<section class=\"section\" id=\"section_70889397\">\n\t\t<div class=\"section-bg fill\" >\n\t\t\t\t\t\t\t\t\t\n\t\t\t\n\n\t\t<\/div>\n\n\t\t\n\n\t\t<div class=\"section-content relative\">\n\t\t\t\n\n<div class=\"row row-large align-center\" style=\"max-width:90%\" id=\"row-1112726896\">\n\n\n\t<div id=\"col-1113507219\" class=\"col medium-3 small-6 large-3\"  >\n\t\t\t\t<div class=\"col-inner text-center dark\"  >\n\t\t\t\n\t\t\t\n\n\t<div class=\"img has-hover x md-x lg-x y md-y lg-y\" id=\"image_998320062\">\n\t\t\t\t\t\t<div data-animate=\"flipInY\">\t\t<div class=\"img-inner dark\" >\n\t\t\t<img loading=\"lazy\" decoding=\"async\" width=\"160\" height=\"160\" src=\"https:\/\/kontracamps.com\/wp-content\/uploads\/2025\/09\/small-groups-160x160.png\" class=\"attachment-thumbnail size-thumbnail\" alt=\"\" title=\"small groups\" srcset=\"https:\/\/kontracamps.com\/wp-content\/uploads\/2025\/09\/small-groups-160x160.png 160w, https:\/\/kontracamps.com\/wp-content\/uploads\/2025\/09\/small-groups-100x100.png 100w, https:\/\/kontracamps.com\/wp-content\/uploads\/2025\/09\/small-groups-600x600.png 600w, https:\/\/kontracamps.com\/wp-content\/uploads\/2025\/09\/small-groups-640x640.png 640w, https:\/\/kontracamps.com\/wp-content\/uploads\/2025\/09\/small-groups-768x768.png 768w, https:\/\/kontracamps.com\/wp-content\/uploads\/2025\/09\/small-groups-50x50.png 50w, https:\/\/kontracamps.com\/wp-content\/uploads\/2025\/09\/small-groups.png 800w\" sizes=\"auto, (max-width: 160px) 100vw, 160px\" \/>\t\t\t\t\t\t\n\t\t\t\t\t<\/div>\n\t\t<\/div>\t\t\t\t\t\t\n<style>\n#image_998320062 {\n  width: 68%;\n}\n<\/style>\n\t<\/div>\n\t\n\n\t<div id=\"text-607271344\" class=\"text\">\n\t\t\n\n<p style=\"font-weight: 600;\">Menschen aus der ganzen Welt<\/p>\n\t\t\n<style>\n#text-607271344 {\n  font-size: 1.1rem;\n  line-height: 1;\n  text-align: center;\n  color: #01224d;\n}\n#text-607271344 > * {\n  color: #01224d;\n}\n@media (min-width:550px) {\n  #text-607271344 {\n    line-height: 1.2;\n  }\n}\n<\/style>\n\t<\/div>\n\t\n\t<div id=\"text-106101052\" class=\"text\">\n\t\t\n\n<p>Ausbildung auf Englisch<\/p>\n\t\t\n<style>\n#text-106101052 {\n  line-height: 1.2;\n  text-align: center;\n  color: rgb(119, 119, 119);\n}\n#text-106101052 > * {\n  color: rgb(119, 119, 119);\n}\n<\/style>\n\t<\/div>\n\t\n\n\t\t<\/div>\n\t\t\t\t\t<\/div>\n\n\t\n\n\t<div id=\"col-781165992\" class=\"col medium-3 small-6 large-3\"  >\n\t\t\t\t<div class=\"col-inner text-center dark\"  >\n\t\t\t\n\t\t\t\n\n\t<div class=\"img has-hover x md-x lg-x y md-y lg-y\" id=\"image_670940688\">\n\t\t\t\t\t\t<div data-animate=\"flipInY\">\t\t<div class=\"img-inner dark\" >\n\t\t\t<img loading=\"lazy\" decoding=\"async\" width=\"160\" height=\"160\" src=\"https:\/\/kontracamps.com\/wp-content\/uploads\/2025\/09\/tournament-160x160.png\" class=\"attachment-thumbnail size-thumbnail\" alt=\"\" title=\"tournament\" srcset=\"https:\/\/kontracamps.com\/wp-content\/uploads\/2025\/09\/tournament-160x160.png 160w, https:\/\/kontracamps.com\/wp-content\/uploads\/2025\/09\/tournament-100x100.png 100w, https:\/\/kontracamps.com\/wp-content\/uploads\/2025\/09\/tournament-600x600.png 600w, https:\/\/kontracamps.com\/wp-content\/uploads\/2025\/09\/tournament-640x640.png 640w, https:\/\/kontracamps.com\/wp-content\/uploads\/2025\/09\/tournament-768x768.png 768w, https:\/\/kontracamps.com\/wp-content\/uploads\/2025\/09\/tournament-50x50.png 50w, https:\/\/kontracamps.com\/wp-content\/uploads\/2025\/09\/tournament.png 800w\" sizes=\"auto, (max-width: 160px) 100vw, 160px\" \/>\t\t\t\t\t\t\n\t\t\t\t\t<\/div>\n\t\t<\/div>\t\t\t\t\t\t\n<style>\n#image_670940688 {\n  width: 68%;\n}\n<\/style>\n\t<\/div>\n\t\n\n\t<div id=\"text-1893825332\" class=\"text\">\n\t\t\n\n<p style=\"font-weight: 600;\">Qualit\u00e4ts-Coaching<\/p>\n\t\t\n<style>\n#text-1893825332 {\n  font-size: 1.1rem;\n  line-height: 1;\n  color: #01224d;\n}\n#text-1893825332 > * {\n  color: #01224d;\n}\n@media (min-width:550px) {\n  #text-1893825332 {\n    line-height: 1.2;\n  }\n}\n<\/style>\n\t<\/div>\n\t\n\t<div id=\"text-2419644609\" class=\"text\">\n\t\t\n\n<p>individueller Ansatz<\/p>\n\t\t\n<style>\n#text-2419644609 {\n  line-height: 1.2;\n  text-align: center;\n  color: rgb(119, 119, 119);\n}\n#text-2419644609 > * {\n  color: rgb(119, 119, 119);\n}\n<\/style>\n\t<\/div>\n\t\n\n\t\t<\/div>\n\t\t\t\t\t<\/div>\n\n\t\n\n\t<div id=\"col-247540362\" class=\"col medium-3 small-6 large-3\"  >\n\t\t\t\t<div class=\"col-inner text-center dark\"  >\n\t\t\t\n\t\t\t\n\n\t<div class=\"img has-hover x md-x lg-x y md-y lg-y\" id=\"image_1786932664\">\n\t\t\t\t\t\t<div data-animate=\"flipInY\">\t\t<div class=\"img-inner dark\" >\n\t\t\t<img loading=\"lazy\" decoding=\"async\" width=\"160\" height=\"160\" src=\"https:\/\/kontracamps.com\/wp-content\/uploads\/2025\/09\/for-all-levels-160x160.png\" class=\"attachment-thumbnail size-thumbnail\" alt=\"\" title=\"for all levels\" srcset=\"https:\/\/kontracamps.com\/wp-content\/uploads\/2025\/09\/for-all-levels-160x160.png 160w, https:\/\/kontracamps.com\/wp-content\/uploads\/2025\/09\/for-all-levels-100x100.png 100w, https:\/\/kontracamps.com\/wp-content\/uploads\/2025\/09\/for-all-levels-600x600.png 600w, https:\/\/kontracamps.com\/wp-content\/uploads\/2025\/09\/for-all-levels-640x640.png 640w, https:\/\/kontracamps.com\/wp-content\/uploads\/2025\/09\/for-all-levels-768x768.png 768w, https:\/\/kontracamps.com\/wp-content\/uploads\/2025\/09\/for-all-levels-50x50.png 50w, https:\/\/kontracamps.com\/wp-content\/uploads\/2025\/09\/for-all-levels.png 800w\" sizes=\"auto, (max-width: 160px) 100vw, 160px\" \/>\t\t\t\t\t\t\n\t\t\t\t\t<\/div>\n\t\t<\/div>\t\t\t\t\t\t\n<style>\n#image_1786932664 {\n  width: 68%;\n}\n<\/style>\n\t<\/div>\n\t\n\n\t<div id=\"text-2228278333\" class=\"text\">\n\t\t\n\n<p style=\"font-weight: 600;\">F\u00fcr alle Stufen<\/p>\n\t\t\n<style>\n#text-2228278333 {\n  font-size: 1.1rem;\n  line-height: 1;\n  color: #01224d;\n}\n#text-2228278333 > * {\n  color: #01224d;\n}\n@media (min-width:550px) {\n  #text-2228278333 {\n    line-height: 1.2;\n  }\n}\n<\/style>\n\t<\/div>\n\t\n\t<div id=\"text-3786633428\" class=\"text\">\n\t\t\n\n<p>vom absoluten Anf\u00e4nger bis zum Profi<\/p>\n\t\t\n<style>\n#text-3786633428 {\n  line-height: 1.2;\n  text-align: center;\n  color: rgb(119, 119, 119);\n}\n#text-3786633428 > * {\n  color: rgb(119, 119, 119);\n}\n<\/style>\n\t<\/div>\n\t\n\n\t\t<\/div>\n\t\t\t\t\t<\/div>\n\n\t\n\n\t<div id=\"col-171575655\" class=\"col medium-3 small-6 large-3\"  >\n\t\t\t\t<div class=\"col-inner text-center dark\"  >\n\t\t\t\n\t\t\t\n\n\t<div class=\"img has-hover x md-x lg-x y md-y lg-y\" id=\"image_1554682256\">\n\t\t\t\t\t\t<div data-animate=\"flipInY\">\t\t<div class=\"img-inner dark\" >\n\t\t\t<img loading=\"lazy\" decoding=\"async\" width=\"160\" height=\"160\" src=\"https:\/\/kontracamps.com\/wp-content\/uploads\/2025\/09\/Skill-matched-groups-160x160.png\" class=\"attachment-thumbnail size-thumbnail\" alt=\"\" title=\"Skill-matched groups\" srcset=\"https:\/\/kontracamps.com\/wp-content\/uploads\/2025\/09\/Skill-matched-groups-160x160.png 160w, https:\/\/kontracamps.com\/wp-content\/uploads\/2025\/09\/Skill-matched-groups-100x100.png 100w, https:\/\/kontracamps.com\/wp-content\/uploads\/2025\/09\/Skill-matched-groups-600x600.png 600w, https:\/\/kontracamps.com\/wp-content\/uploads\/2025\/09\/Skill-matched-groups-640x640.png 640w, https:\/\/kontracamps.com\/wp-content\/uploads\/2025\/09\/Skill-matched-groups-768x768.png 768w, https:\/\/kontracamps.com\/wp-content\/uploads\/2025\/09\/Skill-matched-groups-50x50.png 50w, https:\/\/kontracamps.com\/wp-content\/uploads\/2025\/09\/Skill-matched-groups.png 800w\" sizes=\"auto, (max-width: 160px) 100vw, 160px\" \/>\t\t\t\t\t\t\n\t\t\t\t\t<\/div>\n\t\t<\/div>\t\t\t\t\t\t\n<style>\n#image_1554682256 {\n  width: 68%;\n}\n<\/style>\n\t<\/div>\n\t\n\n\t<div id=\"text-515130804\" class=\"text\">\n\t\t\n\n<p style=\"font-weight: 600;\">Gruppen mit gleichen F\u00e4higkeiten<\/p>\n\t\t\n<style>\n#text-515130804 {\n  font-size: 1.1rem;\n  line-height: 1;\n  color: #01224d;\n}\n#text-515130804 > * {\n  color: #01224d;\n}\n@media (min-width:550px) {\n  #text-515130804 {\n    line-height: 1.2;\n  }\n}\n<\/style>\n\t<\/div>\n\t\n\t<div id=\"text-3459363497\" class=\"text\">\n\t\t\n\n<p>bei der Registrierung \u00fcberpr\u00fcft<\/p>\n\t\t\n<style>\n#text-3459363497 {\n  line-height: 1.2;\n  text-align: center;\n  color: rgb(119, 119, 119);\n}\n#text-3459363497 > * {\n  color: rgb(119, 119, 119);\n}\n<\/style>\n\t<\/div>\n\t\n\n\t\t<\/div>\n\t\t\t\t\t<\/div>\n\n\t\n\n<\/div>\n\n\t\t<\/div>\n\n\t\t\n<style>\n#section_70889397 {\n  padding-top: 30px;\n  padding-bottom: 30px;\n}\n<\/style>\n\t<\/section>\n\t\n\t<div id=\"gap-518172368\" class=\"gap-element clearfix\" style=\"display:block; height:auto;\">\n\t\t\n<style>\n#gap-518172368 {\n  padding-top: 60px;\n}\n<\/style>\n\t<\/div>\n\t\n\n\t<div id=\"text-1362652143\" class=\"text\">\n\t\t\n\n<h2><strong>PADELCAMPS &#8211; UNSERE PHILOSOPHIE<\/strong><\/h2>\n\t\t\n<style>\n#text-1362652143 {\n  font-size: 1.1rem;\n  text-align: center;\n}\n@media (min-width:550px) {\n  #text-1362652143 {\n    font-size: 0.75rem;\n    text-align: center;\n  }\n}\n<\/style>\n\t<\/div>\n\t\n<div class=\"row\"  id=\"row-2129136488\">\n\n\n\t<div id=\"col-2076438292\" class=\"col medium-6 small-12 large-6\"  >\n\t\t\t\t<div class=\"col-inner\"  >\n\t\t\t\n\t\t\t\n\n\t<div class=\"img has-hover x md-x lg-x y md-y lg-y\" id=\"image_389197825\">\n\t\t\t\t\t\t\t\t<div class=\"img-inner dark\" >\n\t\t\t<img loading=\"lazy\" decoding=\"async\" width=\"1020\" height=\"765\" src=\"https:\/\/kontracamps.com\/wp-content\/uploads\/2025\/10\/Kontra_Camp_Mallorca_2025-263-1.jpg\" class=\"attachment-large size-large\" alt=\"\" srcset=\"https:\/\/kontracamps.com\/wp-content\/uploads\/2025\/10\/Kontra_Camp_Mallorca_2025-263-1.jpg 1200w, https:\/\/kontracamps.com\/wp-content\/uploads\/2025\/10\/Kontra_Camp_Mallorca_2025-263-1-600x450.jpg 600w, https:\/\/kontracamps.com\/wp-content\/uploads\/2025\/10\/Kontra_Camp_Mallorca_2025-263-1-640x480.jpg 640w, https:\/\/kontracamps.com\/wp-content\/uploads\/2025\/10\/Kontra_Camp_Mallorca_2025-263-1-768x576.jpg 768w\" sizes=\"auto, (max-width: 1020px) 100vw, 1020px\" \/>\t\t\t\t\t\t\n\t\t\t\t\t<\/div>\n\t\t\t\t\t\t\t\t\n<style>\n#image_389197825 {\n  width: 100%;\n}\n<\/style>\n\t<\/div>\n\t\n\n\n\t\t<\/div>\n\t\t\t\t\t<\/div>\n\n\t\n\n\t<div id=\"col-1176629969\" class=\"col medium-6 small-12 large-6\"  >\n\t\t\t\t<div class=\"col-inner\"  >\n\t\t\t\n\t\t\t\n\n<p style=\"text-align: justify;\" data-start=\"60\" data-end=\"450\">In unseren Padel-Camps erhalten Sie ein tolles Training mit erfahrenen Trainern. Jeder ist willkommen, <strong>vom absoluten Anf\u00e4nger bis zum fortgeschrittenen Spieler.<\/strong> Wir achten darauf, dass die Gruppen ein \u00e4hnliches Leistungsniveau haben, damit jeder Spa\u00df am Training hat. Kontra Padel ist eine tolle M\u00f6glichkeit, Ihr Spiel zu verbessern, sch\u00f6ne Orte zu genie\u00dfen und neue Leute aus der ganzen Welt kennenzulernen.  <\/p>\n<p style=\"text-align: justify;\" data-start=\"452\" data-end=\"691\">Die Camps beinhalten gezielte Trainingseinheiten mit Trainern, die sich um Ihre Fortschritte k\u00fcmmern. Sie k\u00f6nnen auch an Camp-Turnieren teilnehmen. Au\u00dferhalb des Trainings gibt es unterhaltsame Aktivit\u00e4ten wie Besichtigungen, Verkostungen lokaler Gerichte, Quizspiele und kurze Vortr\u00e4ge.  <\/p>\n\n\t\t<\/div>\n\t\t\t\t\t<\/div>\n\n\t\n\n<\/div>\n\t<div id=\"gap-119083057\" class=\"gap-element clearfix\" style=\"display:block; height:auto;\">\n\t\t\n<style>\n#gap-119083057 {\n  padding-top: 60px;\n}\n<\/style>\n\t<\/div>\n\t\n\n\t<div id=\"gap-1877835153\" class=\"gap-element clearfix\" style=\"display:block; height:auto;\">\n\t\t\n<style>\n#gap-1877835153 {\n  padding-top: 60px;\n}\n<\/style>\n\t<\/div>\n\t\n\n\n\t<section class=\"section\" id=\"section_1381918297\">\n\t\t<div class=\"section-bg fill\" >\n\t\t\t\t\t\t\t\t\t\n\t\t\t\n\n\t\t<\/div>\n\n\t\t\n\n\t\t<div class=\"section-content relative\">\n\t\t\t\n\n<div class=\"row\"  id=\"row-1584427098\">\n\n\n\t<div id=\"col-547589247\" class=\"col medium-6 small-12 large-6\"  >\n\t\t\t\t<div class=\"col-inner\"  >\n\t\t\t\n\t\t\t\n\n\t<div id=\"text-2829596753\" class=\"text\">\n\t\t\n\n<p style=\"font-weight: 600;\">PADEL CAMPS<\/p>\n\t\t\n<style>\n#text-2829596753 {\n  font-size: 1.1rem;\n  text-align: center;\n  color: rgb(255, 255, 255);\n}\n#text-2829596753 > * {\n  color: rgb(255, 255, 255);\n}\n@media (min-width:550px) {\n  #text-2829596753 {\n    font-size: 0.95rem;\n    text-align: center;\n  }\n}\n<\/style>\n\t<\/div>\n\t\n\t<div id=\"text-189320180\" class=\"text\">\n\t\t\n\n<hr data-start=\"51\" data-end=\"54\">\n<p style=\"text-align: justify;\" data-start=\"56\" data-end=\"293\">Bei unseren Padel-Camps steht Ihre Verbesserung an erster Stelle. Wir arbeiten nur mit erfahrenen Trainern zusammen &#8211; viele sind ehemalige Spitzenspieler oder spielen immer noch auf hohem Niveau. Wir trainieren in der Regel in kleinen Gruppen von 4 Spielern, so dass jeder eine pers\u00f6nliche Betreuung erh\u00e4lt.  <\/p>\n<p style=\"text-align: justify;\" data-start=\"295\" data-end=\"517\">Unsere Trainer halten sich nicht an ein striktes Programm &#8211; sie passen die \u00dcbungen, die L\u00e4nge der Trainingseinheiten und die Intensit\u00e4t an Ihr Niveau und Ihre Bed\u00fcrfnisse an. In den Kontra Padel Camps nutzen wir die Erfahrung unserer Trainer, um Ihnen zu helfen, zu lernen, sich zu verbessern und das Spiel zu genie\u00dfen. <\/p>\n\t\t\n<style>\n#text-189320180 {\n  text-align: center;\n  color: #ffffff;\n}\n#text-189320180 > * {\n  color: #ffffff;\n}\n<\/style>\n\t<\/div>\n\t\n\n\t\t<\/div>\n\t\t\t\t\t<\/div>\n\n\t\n\n\t<div id=\"col-401272043\" class=\"col medium-6 small-12 large-6\"  >\n\t\t\t\t<div class=\"col-inner\"  >\n\t\t\t\n\t\t\t\n\n\t<div class=\"img has-hover x md-x lg-x y md-y lg-y\" id=\"image_1306639489\">\n\t\t\t\t\t\t\t\t<div class=\"img-inner dark\" >\n\t\t\t<img loading=\"lazy\" decoding=\"async\" width=\"1020\" height=\"765\" src=\"https:\/\/kontracamps.com\/wp-content\/uploads\/2025\/10\/Kontra_Camp_Mallorca_2025-255.jpg\" class=\"attachment-large size-large\" alt=\"\" srcset=\"https:\/\/kontracamps.com\/wp-content\/uploads\/2025\/10\/Kontra_Camp_Mallorca_2025-255.jpg 1200w, https:\/\/kontracamps.com\/wp-content\/uploads\/2025\/10\/Kontra_Camp_Mallorca_2025-255-600x450.jpg 600w, https:\/\/kontracamps.com\/wp-content\/uploads\/2025\/10\/Kontra_Camp_Mallorca_2025-255-640x480.jpg 640w, https:\/\/kontracamps.com\/wp-content\/uploads\/2025\/10\/Kontra_Camp_Mallorca_2025-255-768x576.jpg 768w\" sizes=\"auto, (max-width: 1020px) 100vw, 1020px\" \/>\t\t\t\t\t\t\n\t\t\t\t\t<\/div>\n\t\t\t\t\t\t\t\t\n<style>\n#image_1306639489 {\n  width: 100%;\n}\n<\/style>\n\t<\/div>\n\t\n\n\n\t\t<\/div>\n\t\t\t\t\t<\/div>\n\n\t\n\n<\/div>\n\n\t\t<\/div>\n\n\t\t\n<style>\n#section_1381918297 {\n  padding-top: 20px;\n  padding-bottom: 20px;\n  background-color: #000951;\n}\n@media (min-width:550px) {\n  #section_1381918297 {\n    padding-top: 30px;\n    padding-bottom: 30px;\n  }\n}\n<\/style>\n\t<\/section>\n\t\n\t<div id=\"gap-1808932846\" class=\"gap-element clearfix\" style=\"display:block; height:auto;\">\n\t\t\n<style>\n#gap-1808932846 {\n  padding-top: 60px;\n}\n<\/style>\n\t<\/div>\n\t\n\n<div class=\"row\"  id=\"row-631458417\">\n\n\n\t<div id=\"col-580500134\" class=\"col medium-6 small-12 large-6\"  >\n\t\t\t\t<div class=\"col-inner\"  >\n\t\t\t\n\t\t\t\n\n\t<div id=\"text-1067124541\" class=\"text\">\n\t\t\n\n<h2 style=\"font-weight: 600;\">PADEL-LAGER 2025\/2026<\/h2>\n\t\t\n<style>\n#text-1067124541 {\n  font-size: 1.1rem;\n  text-align: center;\n}\n@media (min-width:550px) {\n  #text-1067124541 {\n    font-size: 0.75rem;\n    text-align: center;\n  }\n}\n<\/style>\n\t<\/div>\n\t\n\t<div id=\"text-1058182628\" class=\"text\">\n\t\t\n\n<p class=\"thin-font\" style=\"text-align: justify;\">Januar | Sharm el Sheikh &#8211; \u00c4gypten | 24-31, 2026<\/p>\n\t\t\n<style>\n#text-1058182628 {\n  line-height: 1.9;\n}\n<\/style>\n\t<\/div>\n\t\n\n\t\t<\/div>\n\t\t\t\t\t<\/div>\n\n\t\n\n\t<div id=\"col-1072257993\" class=\"col medium-6 small-12 large-6\"  >\n\t\t\t\t<div class=\"col-inner\"  >\n\t\t\t\n\t\t\t\n\n\t<div class=\"img has-hover x md-x lg-x y md-y lg-y\" id=\"image_2056676342\">\n\t\t\t\t\t\t\t\t<div class=\"img-inner dark\" >\n\t\t\t<img loading=\"lazy\" decoding=\"async\" width=\"1020\" height=\"765\" src=\"https:\/\/kontracamps.com\/wp-content\/uploads\/2025\/10\/Kontra_Camp_Mallorca_2025-192.jpg\" class=\"attachment-large size-large\" alt=\"\" srcset=\"https:\/\/kontracamps.com\/wp-content\/uploads\/2025\/10\/Kontra_Camp_Mallorca_2025-192.jpg 1200w, https:\/\/kontracamps.com\/wp-content\/uploads\/2025\/10\/Kontra_Camp_Mallorca_2025-192-600x450.jpg 600w, https:\/\/kontracamps.com\/wp-content\/uploads\/2025\/10\/Kontra_Camp_Mallorca_2025-192-640x480.jpg 640w, https:\/\/kontracamps.com\/wp-content\/uploads\/2025\/10\/Kontra_Camp_Mallorca_2025-192-768x576.jpg 768w\" sizes=\"auto, (max-width: 1020px) 100vw, 1020px\" \/>\t\t\t\t\t\t\n\t\t\t\t\t<\/div>\n\t\t\t\t\t\t\t\t\n<style>\n#image_2056676342 {\n  width: 100%;\n}\n<\/style>\n\t<\/div>\n\t\n\n\n\t\t<\/div>\n\t\t\t\t\t<\/div>\n\n\t\n\n<\/div>\n\t<div id=\"gap-894982349\" class=\"gap-element clearfix\" style=\"display:block; height:auto;\">\n\t\t\n<style>\n#gap-894982349 {\n  padding-top: 60px;\n}\n<\/style>\n\t<\/div>\n\t\n\n\t<div id=\"text-1900293230\" class=\"text\">\n\t\t\n\n<blockquote><p><em>Wir sehen uns bei einem unserer Padel-Camps!<\/em><\/p><\/blockquote>\n\t\t\n<style>\n#text-1900293230 {\n  text-align: center;\n}\n<\/style>\n\t<\/div>\n\t\n\t<div id=\"gap-1724521057\" class=\"gap-element clearfix\" style=\"display:block; height:auto;\">\n\t\t\n<style>\n#gap-1724521057 {\n  padding-top: 60px;\n}\n<\/style>\n\t<\/div>\n\t\n\n\t<div id=\"text-156769386\" class=\"text\">\n\t\t\n\n<p class=\"thin-font\" style=\"text-align: center;\">Padel Camps | Kleine Gruppen | Weltklasse-Trainer | Qualit\u00e4tstraining | Alle Niveaus | Menschen aus der ganzen Welt<\/p>\n\t\t\n<style>\n#text-156769386 {\n  text-align: center;\n}\n<\/style>\n\t<\/div>\n\t\n\n","protected":false},"excerpt":{"rendered":"","protected":false},"author":1,"featured_media":0,"parent":0,"menu_order":0,"comment_status":"closed","ping_status":"closed","template":"page-blank.php","meta":{"footnotes":""},"categories":[467],"folder":[],"class_list":["post-13747","page","type-page","status-publish","hentry","category-padel"],"aioseo_notices":[],"_links":{"self":[{"href":"https:\/\/kontracamps.com\/de\/wp-json\/wp\/v2\/pages\/13747","targetHints":{"allow":["GET"]}}],"collection":[{"href":"https:\/\/kontracamps.com\/de\/wp-json\/wp\/v2\/pages"}],"about":[{"href":"https:\/\/kontracamps.com\/de\/wp-json\/wp\/v2\/types\/page"}],"author":[{"embeddable":true,"href":"https:\/\/kontracamps.com\/de\/wp-json\/wp\/v2\/users\/1"}],"replies":[{"embeddable":true,"href":"https:\/\/kontracamps.com\/de\/wp-json\/wp\/v2\/comments?post=13747"}],"version-history":[{"count":2,"href":"https:\/\/kontracamps.com\/de\/wp-json\/wp\/v2\/pages\/13747\/revisions"}],"predecessor-version":[{"id":13846,"href":"https:\/\/kontracamps.com\/de\/wp-json\/wp\/v2\/pages\/13747\/revisions\/13846"}],"wp:attachment":[{"href":"https:\/\/kontracamps.com\/de\/wp-json\/wp\/v2\/media?parent=13747"}],"wp:term":[{"taxonomy":"category","embeddable":true,"href":"https:\/\/kontracamps.com\/de\/wp-json\/wp\/v2\/categories?post=13747"},{"taxonomy":"folder","embeddable":true,"href":"https:\/\/kontracamps.com\/de\/wp-json\/wp\/v2\/folder?post=13747"}],"curies":[{"name":"wp","href":"https:\/\/api.w.org\/{rel}","templated":true}]}}