{"id":13860,"date":"2025-12-13T08:09:36","date_gmt":"2025-12-13T07:09:36","guid":{"rendered":"https:\/\/kontracamps.com\/unsere-beach-tennis-trainer\/"},"modified":"2026-04-10T12:19:52","modified_gmt":"2026-04-10T10:19:52","slug":"unsere-beach-tennis-trainer","status":"publish","type":"page","link":"https:\/\/kontracamps.com\/de\/strandtennis\/unsere-beach-tennis-trainer\/","title":{"rendered":"Unsere Beach Tennis Trainer"},"content":{"rendered":"\n\n\t<section class=\"section\" id=\"section_1462196752\">\n\t\t<div class=\"section-bg fill\" >\n\t\t\t\t\t\t\t\t\t\n\t\t\t\n\n\t\t<\/div>\n\n\t\t\n\n\t\t<div class=\"section-content relative\">\n\t\t\t\n\n  <div id=\"page-header-2001394556\" class=\"page-header-wrapper\">\n  <div class=\"page-title dark normal-title\">\n\n        <div class=\"page-title-bg\">\n      <div class=\"title-bg fill bg-fill\"\n        data-parallax-container=\".page-title\"\n        data-parallax-background\n        data-parallax=\"-\">\n      <\/div>\n      <div class=\"title-overlay fill\"><\/div>\n    <\/div>\n    \n    <div class=\"page-title-inner container align-center text-center flex-row-col medium-flex-wrap\" >\n              <div class=\"title-wrapper uppercase flex-col\">\n          <h1 class=\"entry-title mb-0\">\n            Unsere Beach Tennis Trainer          <\/h1>\n        <\/div>\n                    <div class=\"title-content flex-col\">\n        <ul class=\"nav sm-touch-scroll nav-simple nav-uppercase text-center nav-center\"><li class=\"nav-single-page hidden\"><\/li><\/ul>      <\/div>\n    <\/div>\n\n     \n<style>\n#page-header-2001394556 .page-title-inner {\n  min-height: 100px;\n}\n#page-header-2001394556 .normal-title {\n  background-color: rgb(1, 34, 77);\n}\n<\/style>\n  <\/div>\n    <\/div>\n  \n\n\n\t\t<\/div>\n\n\t\t\n<style>\n#section_1462196752 {\n  padding-top: 30px;\n  padding-bottom: 30px;\n}\n<\/style>\n\t<\/section>\n\t\n\n\t<section class=\"section\" id=\"section_968724605\">\n\t\t<div class=\"section-bg fill\" >\n\t\t\t\t\t\t\t\t\t\n\t\t\t\n\n\t\t<\/div>\n\n\t\t\n\n\t\t<div class=\"section-content relative\">\n\t\t\t\n\n<div class=\"row\"  id=\"row-1516529219\">\n\n\n\t<div id=\"col-452596103\" class=\"col hide-for-medium medium-3 small-12 large-3\"  >\n\t\t\t\t<div class=\"col-inner\"  >\n\t\t\t\n\t\t\t\n\n\n\t\t<\/div>\n\t\t\t\t\t<\/div>\n\n\t\n\n\t<div id=\"col-863972525\" class=\"col medium-6 small-12 large-6\"  >\n\t\t\t\t<div class=\"col-inner\"  >\n\t\t\t\n\t\t\t\n\n\t<div id=\"text-3882580973\" class=\"text\">\n\t\t\n\n<p>Lernen Sie die hervorragenden Trainer kennen, mit denen wir zusammenarbeiten. Um Trainingsstandards auf h\u00f6chstem Niveau zu garantieren, geben wir Ihnen die M\u00f6glichkeit, von f\u00fchrenden Sportlern zu lernen. <\/p>\n\t\t\n<style>\n#text-3882580973 {\n  text-align: center;\n}\n<\/style>\n\t<\/div>\n\t\n\n\t\t<\/div>\n\t\t\t\t\t<\/div>\n\n\t\n\n\t<div id=\"col-457444025\" class=\"col hide-for-medium medium-3 small-12 large-3\"  >\n\t\t\t\t<div class=\"col-inner\"  >\n\t\t\t\n\t\t\t\n\n\n\t\t<\/div>\n\t\t\t\t\t<\/div>\n\n\t\n\n<\/div>\n\n\t\t<\/div>\n\n\t\t\n<style>\n#section_968724605 {\n  padding-top: 30px;\n  padding-bottom: 30px;\n}\n<\/style>\n\t<\/section>\n\t\n\n\t<section class=\"section\" id=\"section_1225179648\">\n\t\t<div class=\"section-bg fill\" >\n\t\t\t\t\t\t\t\t\t\n\t\t\t\n\n\t\t<\/div>\n\n\t\t\n\n\t\t<div class=\"section-content relative\">\n\t\t\t\n\n<div class=\"row\"  id=\"row-937773854\">\n\n\n\t<div id=\"col-1711712488\" class=\"col medium-4 small-12 large-4\"  >\n\t\t\t\t<div class=\"col-inner\"  >\n\t\t\t\n\t\t\t\n\n    <div class=\"box has-hover has-hover box-shadow-3 box-bounce box-text-bottom\" >\n\n                  <div class=\"box-image \" style=\"width:80%;\">\n           <div class=\"box-image-inner image-cover\" style=\"border-radius:100%;padding-top:100%;\">\n              <img loading=\"lazy\" decoding=\"async\" width=\"734\" height=\"734\" src=\"https:\/\/kontracamps.com\/wp-content\/uploads\/2025\/01\/Niccolo-Strano.jpg\" class=\"attachment- size-\" alt=\"\" srcset=\"https:\/\/kontracamps.com\/wp-content\/uploads\/2025\/01\/Niccolo-Strano.jpg 734w, https:\/\/kontracamps.com\/wp-content\/uploads\/2025\/01\/Niccolo-Strano-100x100.jpg 100w, https:\/\/kontracamps.com\/wp-content\/uploads\/2025\/01\/Niccolo-Strano-600x600.jpg 600w, https:\/\/kontracamps.com\/wp-content\/uploads\/2025\/01\/Niccolo-Strano-640x640.jpg 640w, https:\/\/kontracamps.com\/wp-content\/uploads\/2025\/01\/Niccolo-Strano-160x160.jpg 160w, https:\/\/kontracamps.com\/wp-content\/uploads\/2025\/01\/Niccolo-Strano-320x320.jpg 320w\" sizes=\"auto, (max-width: 734px) 100vw, 734px\" \/>                         <\/div>\n          <\/div>\n         \n          <div class=\"box-text text-center\" >\n                <div class=\"box-text-inner\">\n                  <h4 class=\"uppercase\">\n                    <span class=\"person-name\">Niccolo Strano<\/span><br\/>\n                    <span class=\"person-title is-small thin-font op-7\">\n                      2x Bronzemedaille bei der Weltmeisterschaft                    <\/span>\n                  <\/h4>\n\t\t\t\t\t\n\n<p style=\"text-align: justify;\">Sein Karrierehoch erreichte er als Nummer 5 der ITF Beach Tennis Weltrangliste. 3x Silbermedaillengewinner der italienischen Meisterschaft. Mit \u00fcber 18 Jahren Erfahrung als Trainer hat Niccol\u00f2 Athleten auf der ganzen Welt trainiert und zahlreiche Clinics geleitet.  <\/p>\n\n                <\/div>\n          <\/div>\n    <\/div>\n\n\t\n    \n\n\t\t<\/div>\n\t\t\t\t\t<\/div>\n\n\t\n\n\t<div id=\"col-1099907607\" class=\"col medium-4 small-12 large-4\"  >\n\t\t\t\t<div class=\"col-inner\"  >\n\t\t\t\n\t\t\t\n\n    <div class=\"box has-hover has-hover box-shadow-3 box-bounce box-text-bottom\" >\n\n                  <div class=\"box-image \" style=\"width:80%;\">\n           <div class=\"box-image-inner image-cover\" style=\"border-radius:100%;padding-top:100%;\">\n              <img loading=\"lazy\" decoding=\"async\" width=\"554\" height=\"554\" src=\"https:\/\/kontracamps.com\/wp-content\/uploads\/2025\/12\/DSC1798-127-e1765611234476.jpg\" class=\"attachment- size-\" alt=\"\" srcset=\"https:\/\/kontracamps.com\/wp-content\/uploads\/2025\/12\/DSC1798-127-e1765611234476.jpg 554w, https:\/\/kontracamps.com\/wp-content\/uploads\/2025\/12\/DSC1798-127-e1765611234476-100x100.jpg 100w, https:\/\/kontracamps.com\/wp-content\/uploads\/2025\/12\/DSC1798-127-e1765611234476-160x160.jpg 160w, https:\/\/kontracamps.com\/wp-content\/uploads\/2025\/12\/DSC1798-127-e1765611234476-510x510.jpg 510w, https:\/\/kontracamps.com\/wp-content\/uploads\/2025\/12\/DSC1798-127-e1765611234476-50x50.jpg 50w\" sizes=\"auto, (max-width: 554px) 100vw, 554px\" \/>                         <\/div>\n          <\/div>\n         \n          <div class=\"box-text text-center\" >\n                <div class=\"box-text-inner\">\n                  <h4 class=\"uppercase\">\n                    <span class=\"person-name\">Michela romani<\/span><br\/>\n                    <span class=\"person-title is-small thin-font op-7\">\n                      2023 Italienische Meisterschaft Indoor                    <\/span>\n                  <\/h4>\n\t\t\t\t\t\n\n<p style=\"text-align: justify;\">Michela Romani ist eine professionelle Beachtennis-Spielerin, die in ihrer Karriere auf Platz 17 der ITF-Rangliste steht. Neben ihren spielerischen Erfolgen ist Michela auch eine engagierte und erfahrene Trainerin, die auf der ganzen Welt unterrichtet hat. <\/p>\n\n                <\/div>\n          <\/div>\n    <\/div>\n\n\t\n    \n\n\t\t<\/div>\n\t\t\t\t\t<\/div>\n\n\t\n\n\t<div id=\"col-1497178250\" class=\"col medium-4 small-12 large-4\"  >\n\t\t\t\t<div class=\"col-inner\"  >\n\t\t\t\n\t\t\t\n\n    <div class=\"box has-hover has-hover box-shadow-3 box-bounce box-text-bottom\" >\n\n                  <div class=\"box-image \" style=\"width:80%;\">\n           <div class=\"box-image-inner image-cover\" style=\"border-radius:100%;padding-top:100%;\">\n              <img loading=\"lazy\" decoding=\"async\" width=\"500\" height=\"500\" src=\"https:\/\/kontracamps.com\/wp-content\/uploads\/2024\/11\/Michal-Wiecek-Kotra.jpg\" class=\"attachment- size-\" alt=\"\" srcset=\"https:\/\/kontracamps.com\/wp-content\/uploads\/2024\/11\/Michal-Wiecek-Kotra.jpg 500w, https:\/\/kontracamps.com\/wp-content\/uploads\/2024\/11\/Michal-Wiecek-Kotra-100x100.jpg 100w, https:\/\/kontracamps.com\/wp-content\/uploads\/2024\/11\/Michal-Wiecek-Kotra-160x160.jpg 160w, https:\/\/kontracamps.com\/wp-content\/uploads\/2024\/11\/Michal-Wiecek-Kotra-320x320.jpg 320w\" sizes=\"auto, (max-width: 500px) 100vw, 500px\" \/>                         <\/div>\n          <\/div>\n         \n          <div class=\"box-text text-center\" >\n                <div class=\"box-text-inner\">\n                  <h4 class=\"uppercase\">\n                    <span class=\"person-name\">Micha\u0142 Wi\u0119cek<\/span><br\/>\n                    <span class=\"person-title is-small thin-font op-7\">\n                      2019 IFBT World Champs Silbermedaillengewinner                    <\/span>\n                  <\/h4>\n\t\t\t\t\t\n\n<p style=\"text-align: justify;\">Ein lizenzierter Beachtennis-Trainer, der seine eigene Akademie in Krakau betreibt. Er vertritt Polen international und nimmt an der ITF-Beach-Tennis-Tour teil. <\/p>\n\n                <\/div>\n          <\/div>\n    <\/div>\n\n\t\n    \n\n\t\t<\/div>\n\t\t\t\t\t<\/div>\n\n\t\n\n<\/div>\n<div class=\"row\"  id=\"row-1482351496\">\n\n\n\t<div id=\"col-473782493\" class=\"col medium-4 small-12 large-4\"  >\n\t\t\t\t<div class=\"col-inner\"  >\n\t\t\t\n\t\t\t\n\n    <div class=\"box has-hover has-hover box-shadow-3 box-bounce box-text-bottom\" >\n\n                  <div class=\"box-image \" style=\"width:80%;\">\n           <div class=\"box-image-inner image-cover\" style=\"border-radius:100%;padding-top:100%;\">\n              <img loading=\"lazy\" decoding=\"async\" width=\"1200\" height=\"800\" src=\"https:\/\/kontracamps.com\/wp-content\/uploads\/2025\/11\/federico.jpg\" class=\"attachment- size-\" alt=\"\" srcset=\"https:\/\/kontracamps.com\/wp-content\/uploads\/2025\/11\/federico.jpg 1200w, https:\/\/kontracamps.com\/wp-content\/uploads\/2025\/11\/federico-600x400.jpg 600w, https:\/\/kontracamps.com\/wp-content\/uploads\/2025\/11\/federico-640x427.jpg 640w, https:\/\/kontracamps.com\/wp-content\/uploads\/2025\/11\/federico-768x512.jpg 768w\" sizes=\"auto, (max-width: 1200px) 100vw, 1200px\" \/>                         <\/div>\n          <\/div>\n         \n          <div class=\"box-text text-center\" >\n                <div class=\"box-text-inner\">\n                  <h4 class=\"uppercase\">\n                    <span class=\"person-name\">Federico Boerner<\/span><br\/>\n                    <span class=\"person-title is-small thin-font op-7\">\n                      Deutscher Nationalspieler                    <\/span>\n                  <\/h4>\n\t\t\t\t\t\n\n<p style=\"text-align: justify;\">Federico Boerner ist ein offiziell zertifizierter Beachtennis-Trainer und Wettkampfspieler mit beachtlichen Erfolgen bei nationalen und internationalen Veranstaltungen. Er nahm f\u00fcr Italien an den IFBT-Weltmeisterschaften 2024 teil und erreichte sowohl im Doppel als auch im gemischten Doppel Spitzenplatzierungen. <\/p>\n\n                <\/div>\n          <\/div>\n    <\/div>\n\n\t\n    \n\n\t\t<\/div>\n\t\t\t\t\t<\/div>\n\n\t\n\n\t<div id=\"col-2080200066\" class=\"col medium-4 small-12 large-4\"  >\n\t\t\t\t<div class=\"col-inner\"  >\n\t\t\t\n\t\t\t\n\n\n\t\t<\/div>\n\t\t\t\t\t<\/div>\n\n\t\n\n\t<div id=\"col-617906205\" class=\"col medium-4 small-12 large-4\"  >\n\t\t\t\t<div class=\"col-inner\"  >\n\t\t\t\n\t\t\t\n\n\n\t\t<\/div>\n\t\t\t\t\t<\/div>\n\n\t\n\n<\/div>\n\n\t\t<\/div>\n\n\t\t\n<style>\n#section_1225179648 {\n  padding-top: 30px;\n  padding-bottom: 30px;\n}\n<\/style>\n\t<\/section>\n\t\n\n\t<section class=\"section\" id=\"section_121714419\">\n\t\t<div class=\"section-bg fill\" >\n\t\t\t\t\t\t\t\t\t\n\t\t\t\n\n\t\t<\/div>\n\n\t\t\n\n\t\t<div class=\"section-content relative\">\n\t\t\t\n\n\n\t\t<\/div>\n\n\t\t\n<style>\n#section_121714419 {\n  padding-top: 0px;\n  padding-bottom: 0px;\n}\n<\/style>\n\t<\/section>\n\t\n\n","protected":false},"excerpt":{"rendered":"","protected":false},"author":1,"featured_media":0,"parent":14088,"menu_order":0,"comment_status":"closed","ping_status":"closed","template":"page-blank.php","meta":{"footnotes":""},"categories":[473],"folder":[],"class_list":["post-13860","page","type-page","status-publish","hentry","category-strandtennis"],"aioseo_notices":[],"_links":{"self":[{"href":"https:\/\/kontracamps.com\/de\/wp-json\/wp\/v2\/pages\/13860","targetHints":{"allow":["GET"]}}],"collection":[{"href":"https:\/\/kontracamps.com\/de\/wp-json\/wp\/v2\/pages"}],"about":[{"href":"https:\/\/kontracamps.com\/de\/wp-json\/wp\/v2\/types\/page"}],"author":[{"embeddable":true,"href":"https:\/\/kontracamps.com\/de\/wp-json\/wp\/v2\/users\/1"}],"replies":[{"embeddable":true,"href":"https:\/\/kontracamps.com\/de\/wp-json\/wp\/v2\/comments?post=13860"}],"version-history":[{"count":2,"href":"https:\/\/kontracamps.com\/de\/wp-json\/wp\/v2\/pages\/13860\/revisions"}],"predecessor-version":[{"id":13966,"href":"https:\/\/kontracamps.com\/de\/wp-json\/wp\/v2\/pages\/13860\/revisions\/13966"}],"up":[{"embeddable":true,"href":"https:\/\/kontracamps.com\/de\/wp-json\/wp\/v2\/pages\/14088"}],"wp:attachment":[{"href":"https:\/\/kontracamps.com\/de\/wp-json\/wp\/v2\/media?parent=13860"}],"wp:term":[{"taxonomy":"category","embeddable":true,"href":"https:\/\/kontracamps.com\/de\/wp-json\/wp\/v2\/categories?post=13860"},{"taxonomy":"folder","embeddable":true,"href":"https:\/\/kontracamps.com\/de\/wp-json\/wp\/v2\/folder?post=13860"}],"curies":[{"name":"wp","href":"https:\/\/api.w.org\/{rel}","templated":true}]}}