{"id":13761,"date":"2025-12-05T20:08:47","date_gmt":"2025-12-05T19:08:47","guid":{"rendered":"https:\/\/kontracamps.com\/partenariats\/"},"modified":"2026-04-13T12:01:02","modified_gmt":"2026-04-13T10:01:02","slug":"partenariats","status":"publish","type":"page","link":"https:\/\/kontracamps.com\/fr\/partenariats\/","title":{"rendered":"Partenariats"},"content":{"rendered":"\n\n\t<section class=\"section\" id=\"section_867731267\">\n\t\t<div class=\"section-bg fill\" >\n\t\t\t\t\t\t\t\t\t\n\t\t\t\n\n\t\t<\/div>\n\n\t\t\n\n\t\t<div class=\"section-content relative\">\n\t\t\t\n\n  <div id=\"page-header-877137544\" class=\"page-header-wrapper\">\n  <div class=\"page-title dark normal-title\">\n\n        <div class=\"page-title-bg\">\n      <div class=\"title-bg fill bg-fill\"\n        data-parallax-container=\".page-title\"\n        data-parallax-background\n        data-parallax=\"-\">\n      <\/div>\n      <div class=\"title-overlay fill\"><\/div>\n    <\/div>\n    \n    <div class=\"page-title-inner container align-center text-center flex-row-col medium-flex-wrap\" >\n              <div class=\"title-wrapper uppercase flex-col\">\n          <h1 class=\"entry-title mb-0\">\n            Partenariats          <\/h1>\n        <\/div>\n                    <div class=\"title-content flex-col\">\n        <ul class=\"nav sm-touch-scroll nav-simple nav-uppercase text-center nav-center\"><li class=\"nav-single-page hidden\"><\/li><\/ul>      <\/div>\n    <\/div>\n\n     \n<style>\n#page-header-877137544 .page-title-inner {\n  min-height: 100px;\n}\n#page-header-877137544 .normal-title {\n  background-color: rgb(1, 34, 77);\n}\n<\/style>\n  <\/div>\n    <\/div>\n  \n\n\n\t\t<\/div>\n\n\t\t\n<style>\n#section_867731267 {\n  padding-top: 30px;\n  padding-bottom: 30px;\n}\n<\/style>\n\t<\/section>\n\t\n\n\t<section class=\"section\" id=\"section_777188828\">\n\t\t<div class=\"section-bg fill\" >\n\t\t\t\t\t\t\t\t\t\n\t\t\t\n\n\t\t<\/div>\n\n\t\t\n\n\t\t<div class=\"section-content relative\">\n\t\t\t\n\n\t<div id=\"text-1710066053\" class=\"text\">\n\t\t\n\n<h2><strong>NOS PARTENAIRES<\/strong><\/h2>\n\t\t\n<style>\n#text-1710066053 {\n  line-height: 2.05;\n  text-align: center;\n}\n<\/style>\n\t<\/div>\n\t\n\t<div id=\"gap-1077829148\" class=\"gap-element clearfix\" style=\"display:block; height:auto;\">\n\t\t\n<style>\n#gap-1077829148 {\n  padding-top: 30px;\n}\n<\/style>\n\t<\/div>\n\t\n\n\t<div id=\"stack-2719690505\" class=\"stack stack-col justify-start items-center\">\n\t\t\n\n<div class=\"row row-small align-middle align-center\"  id=\"row-257547961\">\n\n\n\t<div id=\"col-215936042\" class=\"col medium-3 small-12 large-3\"  >\n\t\t\t\t<div class=\"col-inner text-center\"  >\n\t\t\t\n\t\t\t\n\n\t<div class=\"img has-hover x md-x lg-x y md-y lg-y\" id=\"image_897780760\">\n\t\t\t\t\t\t\t\t<div class=\"img-inner dark\" >\n\t\t\t<img loading=\"lazy\" decoding=\"async\" width=\"800\" height=\"279\" src=\"https:\/\/kontracamps.com\/wp-content\/uploads\/2025\/12\/red-bull-e1764963782817.png\" class=\"attachment-original size-original\" alt=\"\" srcset=\"https:\/\/kontracamps.com\/wp-content\/uploads\/2025\/12\/red-bull-e1764963782817.png 800w, https:\/\/kontracamps.com\/wp-content\/uploads\/2025\/12\/red-bull-e1764963782817-600x209.png 600w, https:\/\/kontracamps.com\/wp-content\/uploads\/2025\/12\/red-bull-e1764963782817-640x223.png 640w, https:\/\/kontracamps.com\/wp-content\/uploads\/2025\/12\/red-bull-e1764963782817-768x268.png 768w\" sizes=\"auto, (max-width: 800px) 100vw, 800px\" \/>\t\t\t\t\t\t\n\t\t\t\t\t<\/div>\n\t\t\t\t\t\t\t\t\n<style>\n#image_897780760 {\n  width: 100%;\n}\n<\/style>\n\t<\/div>\n\t\n\n\n\t\t<\/div>\n\t\t\t\t\t<\/div>\n\n\t\n\n\t<div id=\"col-1859202510\" class=\"col medium-3 small-12 large-3\"  >\n\t\t\t\t<div class=\"col-inner text-center\"  >\n\t\t\t\n\t\t\t\n\n\t<div class=\"img has-hover x md-x lg-x y md-y lg-y\" id=\"image_1359104630\">\n\t\t\t\t\t\t\t\t<div class=\"img-inner dark\" >\n\t\t\t<img loading=\"lazy\" decoding=\"async\" width=\"1200\" height=\"181\" src=\"https:\/\/kontracamps.com\/wp-content\/uploads\/2025\/12\/Mi_Logo_CMYK_horizontal_registered.jpg\" class=\"attachment-original size-original\" alt=\"\" srcset=\"https:\/\/kontracamps.com\/wp-content\/uploads\/2025\/12\/Mi_Logo_CMYK_horizontal_registered.jpg 1200w, https:\/\/kontracamps.com\/wp-content\/uploads\/2025\/12\/Mi_Logo_CMYK_horizontal_registered-600x91.jpg 600w, https:\/\/kontracamps.com\/wp-content\/uploads\/2025\/12\/Mi_Logo_CMYK_horizontal_registered-640x97.jpg 640w, https:\/\/kontracamps.com\/wp-content\/uploads\/2025\/12\/Mi_Logo_CMYK_horizontal_registered-768x116.jpg 768w\" sizes=\"auto, (max-width: 1200px) 100vw, 1200px\" \/>\t\t\t\t\t\t\n\t\t\t\t\t<\/div>\n\t\t\t\t\t\t\t\t\n<style>\n#image_1359104630 {\n  width: 100%;\n}\n<\/style>\n\t<\/div>\n\t\n\n\n\t\t<\/div>\n\t\t\t\t\t<\/div>\n\n\t\n\n\t<div id=\"col-202427080\" class=\"col medium-3 small-12 large-3\"  >\n\t\t\t\t<div class=\"col-inner text-center\"  >\n\t\t\t\n\t\t\t\n\n\t<div class=\"img has-hover x md-x lg-x y md-y lg-y\" id=\"image_1024676608\">\n\t\t\t\t\t\t\t\t<div class=\"img-inner dark\" >\n\t\t\t<img loading=\"lazy\" decoding=\"async\" width=\"1200\" height=\"282\" src=\"https:\/\/kontracamps.com\/wp-content\/uploads\/2025\/12\/nox_tagline_red_pantone-copia-e1764963810888.png\" class=\"attachment-original size-original\" alt=\"\" srcset=\"https:\/\/kontracamps.com\/wp-content\/uploads\/2025\/12\/nox_tagline_red_pantone-copia-e1764963810888.png 1200w, https:\/\/kontracamps.com\/wp-content\/uploads\/2025\/12\/nox_tagline_red_pantone-copia-e1764963810888-600x141.png 600w, https:\/\/kontracamps.com\/wp-content\/uploads\/2025\/12\/nox_tagline_red_pantone-copia-e1764963810888-640x150.png 640w, https:\/\/kontracamps.com\/wp-content\/uploads\/2025\/12\/nox_tagline_red_pantone-copia-e1764963810888-768x180.png 768w\" sizes=\"auto, (max-width: 1200px) 100vw, 1200px\" \/>\t\t\t\t\t\t\n\t\t\t\t\t<\/div>\n\t\t\t\t\t\t\t\t\n<style>\n#image_1024676608 {\n  width: 100%;\n}\n<\/style>\n\t<\/div>\n\t\n\n\n\t\t<\/div>\n\t\t\t\t\t<\/div>\n\n\t\n\n\t<div id=\"col-287886137\" class=\"col medium-3 small-12 large-3\"  >\n\t\t\t\t<div class=\"col-inner text-center\"  >\n\t\t\t\n\t\t\t\n\n\t<div class=\"img has-hover x md-x lg-x y md-y lg-y\" id=\"image_262904951\">\n\t\t\t\t\t\t\t\t<div class=\"img-inner dark\" >\n\t\t\t<img loading=\"lazy\" decoding=\"async\" width=\"1200\" height=\"784\" src=\"https:\/\/kontracamps.com\/wp-content\/uploads\/2025\/12\/Oko-na-Oko-logo-tlo-e1764965458111.png\" class=\"attachment-original size-original\" alt=\"\" srcset=\"https:\/\/kontracamps.com\/wp-content\/uploads\/2025\/12\/Oko-na-Oko-logo-tlo-e1764965458111.png 1200w, https:\/\/kontracamps.com\/wp-content\/uploads\/2025\/12\/Oko-na-Oko-logo-tlo-e1764965458111-600x392.png 600w, https:\/\/kontracamps.com\/wp-content\/uploads\/2025\/12\/Oko-na-Oko-logo-tlo-e1764965458111-640x418.png 640w, https:\/\/kontracamps.com\/wp-content\/uploads\/2025\/12\/Oko-na-Oko-logo-tlo-e1764965458111-768x502.png 768w\" sizes=\"auto, (max-width: 1200px) 100vw, 1200px\" \/>\t\t\t\t\t\t\n\t\t\t\t\t<\/div>\n\t\t\t\t\t\t\t\t\n<style>\n#image_262904951 {\n  width: 44%;\n}\n<\/style>\n\t<\/div>\n\t\n\n\n\t\t<\/div>\n\t\t\t\t\t<\/div>\n\n\t\n\n\t<div id=\"col-677829551\" class=\"col medium-3 small-12 large-3\"  >\n\t\t\t\t<div class=\"col-inner\"  >\n\t\t\t\n\t\t\t\n\n\t<div class=\"img has-hover x md-x lg-x y md-y lg-y\" id=\"image_454411133\">\n\t\t\t\t\t\t\t\t<div class=\"img-inner dark\" >\n\t\t\t<img loading=\"lazy\" decoding=\"async\" width=\"1020\" height=\"354\" src=\"https:\/\/kontracamps.com\/wp-content\/uploads\/2026\/03\/37bef375-b911-4362-8a59-b5c64330aa49.png\" class=\"attachment-large size-large\" alt=\"\" srcset=\"https:\/\/kontracamps.com\/wp-content\/uploads\/2026\/03\/37bef375-b911-4362-8a59-b5c64330aa49.png 1200w, https:\/\/kontracamps.com\/wp-content\/uploads\/2026\/03\/37bef375-b911-4362-8a59-b5c64330aa49-640x222.png 640w, https:\/\/kontracamps.com\/wp-content\/uploads\/2026\/03\/37bef375-b911-4362-8a59-b5c64330aa49-768x267.png 768w, https:\/\/kontracamps.com\/wp-content\/uploads\/2026\/03\/37bef375-b911-4362-8a59-b5c64330aa49-600x209.png 600w\" sizes=\"auto, (max-width: 1020px) 100vw, 1020px\" \/>\t\t\t\t\t\t\n\t\t\t\t\t<\/div>\n\t\t\t\t\t\t\t\t\n<style>\n#image_454411133 {\n  width: 100%;\n}\n<\/style>\n\t<\/div>\n\t\n\n\n\t\t<\/div>\n\t\t\t\t\t<\/div>\n\n\t\n\n<\/div>\n\n\t\t\n<style>\n#stack-2719690505 > * {\n  --stack-gap: 0rem;\n}\n<\/style>\n\t<\/div>\n\t\n\n\t\t<\/div>\n\n\t\t\n<style>\n#section_777188828 {\n  padding-top: 30px;\n  padding-bottom: 30px;\n}\n<\/style>\n\t<\/section>\n\t\n\n\t<section class=\"section\" id=\"section_1245338027\">\n\t\t<div class=\"section-bg fill\" >\n\t\t\t\t\t\t\t\t\t\n\t\t\t\n\n\t\t<\/div>\n\n\t\t\n\n\t\t<div class=\"section-content relative\">\n\t\t\t\n\n\t<div id=\"text-124150874\" class=\"text\">\n\t\t\n\n<h2><strong>VOUS VOULEZ FAIRE DE LA PUBLICIT\u00c9 POUR VOTRE MARQUE AVEC NOUS ?<\/strong><\/h2>\n\t\t\n<style>\n#text-124150874 {\n  text-align: center;\n}\n<\/style>\n\t<\/div>\n\t\n<div class=\"row\"  id=\"row-1484138278\">\n\n\n\t<div id=\"col-23958094\" class=\"col medium-6 small-12 large-6\"  >\n\t\t\t\t<div class=\"col-inner\"  >\n\t\t\t\n\t\t\t\n\n\t<div class=\"img has-hover x md-x lg-x y md-y lg-y\" id=\"image_1972618341\">\n\t\t\t\t\t\t\t\t<div class=\"img-inner dark\" >\n\t\t\t<img loading=\"lazy\" decoding=\"async\" width=\"1020\" height=\"682\" src=\"https:\/\/kontracamps.com\/wp-content\/uploads\/2024\/11\/DSC09535-27-1.jpg\" class=\"attachment-large size-large\" alt=\"\" srcset=\"https:\/\/kontracamps.com\/wp-content\/uploads\/2024\/11\/DSC09535-27-1.jpg 1200w, https:\/\/kontracamps.com\/wp-content\/uploads\/2024\/11\/DSC09535-27-1-600x401.jpg 600w, https:\/\/kontracamps.com\/wp-content\/uploads\/2024\/11\/DSC09535-27-1-640x428.jpg 640w, https:\/\/kontracamps.com\/wp-content\/uploads\/2024\/11\/DSC09535-27-1-768x513.jpg 768w, https:\/\/kontracamps.com\/wp-content\/uploads\/2024\/11\/DSC09535-27-1-320x214.jpg 320w\" sizes=\"auto, (max-width: 1020px) 100vw, 1020px\" \/>\t\t\t\t\t\t\n\t\t\t\t\t<\/div>\n\t\t\t\t\t\t\t\t\n<style>\n#image_1972618341 {\n  width: 100%;\n}\n<\/style>\n\t<\/div>\n\t\n\n\n\t\t<\/div>\n\t\t\t\t\t<\/div>\n\n\t\n\n\t<div id=\"col-1981259010\" class=\"col medium-6 small-12 large-6\"  >\n\t\t\t\t<div class=\"col-inner\"  >\n\t\t\t\n\t\t\t\n\n<p style=\"text-align: justify;\" data-start=\"101\" data-end=\"323\">En vous associant \u00e0 nous, vous avez la possibilit\u00e9 de pr\u00e9senter votre marque directement \u00e0 une communaut\u00e9 d&#8217;athl\u00e8tes, de voyageurs et de personnes soucieuses de leur style de vie. Nos camps de beach volleyball camps cr\u00e9ent une toile de fond authentique et \u00e9nergique pour que votre marque brille &#8211; de la visibilit\u00e9 sur place et du placement de produits \u00e0 la promotion num\u00e9rique avant, pendant et apr\u00e8s chaque \u00e9v\u00e9nement. <\/p>\n<ul>\n<li style=\"text-align: justify;\" data-start=\"101\" data-end=\"323\">Vous souhaitez que vos produits ou services atteignent des personnes actives ?<\/li>\n<li style=\"text-align: justify;\" data-start=\"101\" data-end=\"323\">Vous cherchez un partenaire fiable pour promouvoir votre entreprise ?<\/li>\n<li style=\"text-align: justify;\" data-start=\"101\" data-end=\"323\">Vous souhaitez que votre logo soit sous les feux de la rampe ?<\/li>\n<li style=\"text-align: justify;\" data-start=\"101\" data-end=\"323\">Vous souhaitez associer votre marque au sport et \u00e0 l&#8217;\u00e9nergie positive ?<\/li>\n<\/ul>\n<p>Si vous avez r\u00e9pondu OUI \u00e0 l&#8217;une de ces questions, devenez partenaire de Kontra !<\/p>\n\n\t\t<\/div>\n\t\t\t\t\t<\/div>\n\n\t\n\n<\/div>\n\n\t\t<\/div>\n\n\t\t\n<style>\n#section_1245338027 {\n  padding-top: 30px;\n  padding-bottom: 30px;\n}\n<\/style>\n\t<\/section>\n\t\n\n\t<section class=\"section\" id=\"section_1737340315\">\n\t\t<div class=\"section-bg fill\" >\n\t\t\t\t\t\t\t\t\t\n\t\t\t\n\n\t\t<\/div>\n\n\t\t\n\n\t\t<div class=\"section-content relative\">\n\t\t\t\n\n\t<div id=\"text-471726495\" class=\"text\">\n\t\t\n\n<h2><strong>ATTEINDRE UN PUBLIC ACTIF<\/strong><\/h2>\n\t\t\n<style>\n#text-471726495 {\n  text-align: center;\n}\n<\/style>\n\t<\/div>\n\t\n<div class=\"row\"  id=\"row-1131358913\">\n\n\n\t<div id=\"col-1250728244\" class=\"col medium-6 small-12 large-6\"  >\n\t\t\t\t<div class=\"col-inner\"  >\n\t\t\t\n\t\t\t\n\n\t<div class=\"img has-hover x md-x lg-x y md-y lg-y\" id=\"image_1255440850\">\n\t\t\t\t\t\t\t\t<div class=\"img-inner dark\" >\n\t\t\t<img loading=\"lazy\" decoding=\"async\" width=\"1020\" height=\"765\" src=\"https:\/\/kontracamps.com\/wp-content\/uploads\/2025\/10\/Kontra_Camp_Mallorca_2025-275-2-1-1280x960.jpg\" class=\"attachment-large size-large\" alt=\"\" srcset=\"https:\/\/kontracamps.com\/wp-content\/uploads\/2025\/10\/Kontra_Camp_Mallorca_2025-275-2-1-1280x960.jpg 1280w, https:\/\/kontracamps.com\/wp-content\/uploads\/2025\/10\/Kontra_Camp_Mallorca_2025-275-2-1-600x450.jpg 600w, https:\/\/kontracamps.com\/wp-content\/uploads\/2025\/10\/Kontra_Camp_Mallorca_2025-275-2-1-640x480.jpg 640w, https:\/\/kontracamps.com\/wp-content\/uploads\/2025\/10\/Kontra_Camp_Mallorca_2025-275-2-1-768x576.jpg 768w, https:\/\/kontracamps.com\/wp-content\/uploads\/2025\/10\/Kontra_Camp_Mallorca_2025-275-2-1-1536x1152.jpg 1536w, https:\/\/kontracamps.com\/wp-content\/uploads\/2025\/10\/Kontra_Camp_Mallorca_2025-275-2-1.jpg 2000w\" sizes=\"auto, (max-width: 1020px) 100vw, 1020px\" \/>\t\t\t\t\t\t\n\t\t\t\t\t<\/div>\n\t\t\t\t\t\t\t\t\n<style>\n#image_1255440850 {\n  width: 100%;\n}\n<\/style>\n\t<\/div>\n\t\n\n\n\t\t<\/div>\n\t\t\t\t\t<\/div>\n\n\t\n\n\t<div id=\"col-287190723\" class=\"col medium-6 small-12 large-6\"  >\n\t\t\t\t<div class=\"col-inner text-center\"  >\n\t\t\t\n\t\t\t\n\n<p style=\"text-align: justify;\" data-start=\"59\" data-end=\"248\">Vous pouvez nous rejoindre lors d&#8217;un camp, d&#8217;un tournoi ou tout au long de la saison, en Pologne ou \u00e0 l&#8217;\u00e9tranger. Votre marque peut appara\u00eetre sur les courts, les maillots, les espaces de conf\u00e9rence et sur l&#8217;ensemble de nos m\u00e9dias sociaux. <\/p>\n<p style=\"text-align: justify;\" data-start=\"250\" data-end=\"404\">Chaque ann\u00e9e, plus de 2 500 personnes participent \u00e0 nos \u00e9v\u00e9nements sportifs, et plus de 10 000 fans nous suivent sur Facebook et Instagram &#8211; et les chiffres ne cessent de cro\u00eetre.<\/p>\n<p style=\"text-align: justify;\" data-start=\"406\" data-end=\"509\">Selon l&#8217;\u00e9v\u00e9nement, notre public comprend soit des participants polonais, soit une communaut\u00e9 internationale.<\/p>\n<p style=\"text-align: justify;\" data-start=\"511\" data-end=\"625\">Nous sommes ouverts \u00e0 diverses formes de collaboration. Consultez nos photos et nos vid\u00e9os pour voir o\u00f9 votre logo pourrait appara\u00eetre. <\/p>\n<p style=\"text-align: justify;\" data-start=\"627\" data-end=\"676\" data-is-last-node=\"\" data-is-only-node=\"\">Contactez-nous par t\u00e9l\u00e9phone ou par courriel &#8211; nous serions ravis de discuter avec vous !<\/p>\n\t<div id=\"gap-1789001284\" class=\"gap-element clearfix\" style=\"display:block; height:auto;\">\n\t\t\n<style>\n#gap-1789001284 {\n  padding-top: 30px;\n}\n<\/style>\n\t<\/div>\n\t\n\n<a href=\"https:\/\/kontracamps.com\/fr\/contact\/\" class=\"button secondary\" >\n\t\t<span>Contactez nous<\/span>\n\t<\/a>\n\n\n\n\t\t<\/div>\n\t\t\t\t\t<\/div>\n\n\t\n\n<\/div>\n\n\t\t<\/div>\n\n\t\t\n<style>\n#section_1737340315 {\n  padding-top: 30px;\n  padding-bottom: 30px;\n}\n<\/style>\n\t<\/section>\n\t\n\n","protected":false},"excerpt":{"rendered":"","protected":false},"author":1,"featured_media":0,"parent":0,"menu_order":0,"comment_status":"closed","ping_status":"closed","template":"page-blank.php","meta":{"footnotes":""},"categories":[465],"folder":[],"class_list":["post-13761","page","type-page","status-publish","hentry","category-volley-ball-de-plage"],"aioseo_notices":[],"_links":{"self":[{"href":"https:\/\/kontracamps.com\/fr\/wp-json\/wp\/v2\/pages\/13761","targetHints":{"allow":["GET"]}}],"collection":[{"href":"https:\/\/kontracamps.com\/fr\/wp-json\/wp\/v2\/pages"}],"about":[{"href":"https:\/\/kontracamps.com\/fr\/wp-json\/wp\/v2\/types\/page"}],"author":[{"embeddable":true,"href":"https:\/\/kontracamps.com\/fr\/wp-json\/wp\/v2\/users\/1"}],"replies":[{"embeddable":true,"href":"https:\/\/kontracamps.com\/fr\/wp-json\/wp\/v2\/comments?post=13761"}],"version-history":[{"count":4,"href":"https:\/\/kontracamps.com\/fr\/wp-json\/wp\/v2\/pages\/13761\/revisions"}],"predecessor-version":[{"id":14435,"href":"https:\/\/kontracamps.com\/fr\/wp-json\/wp\/v2\/pages\/13761\/revisions\/14435"}],"wp:attachment":[{"href":"https:\/\/kontracamps.com\/fr\/wp-json\/wp\/v2\/media?parent=13761"}],"wp:term":[{"taxonomy":"category","embeddable":true,"href":"https:\/\/kontracamps.com\/fr\/wp-json\/wp\/v2\/categories?post=13761"},{"taxonomy":"folder","embeddable":true,"href":"https:\/\/kontracamps.com\/fr\/wp-json\/wp\/v2\/folder?post=13761"}],"curies":[{"name":"wp","href":"https:\/\/api.w.org\/{rel}","templated":true}]}}