{"id":13766,"date":"2025-10-12T13:10:24","date_gmt":"2025-10-12T11:10:24","guid":{"rendered":"https:\/\/kontracamps.com\/padel\/"},"modified":"2026-04-10T12:18:37","modified_gmt":"2026-04-10T10:18:37","slug":"padel","status":"publish","type":"page","link":"https:\/\/kontracamps.com\/fr\/padel\/","title":{"rendered":"Padel"},"content":{"rendered":"\n\n\t<section class=\"section dark\" id=\"section_1830469430\">\n\t\t<div class=\"section-bg fill\" >\n\t\t\t<img loading=\"lazy\" decoding=\"async\" width=\"2000\" height=\"1500\" src=\"https:\/\/kontracamps.com\/wp-content\/uploads\/2025\/10\/Kontra_Camp_Mallorca_2025-275-2-1.jpg\" class=\"bg attachment-original size-original\" alt=\"\" \/>\t\t\t\t\t\t\n\t\t\t\n\n\t\t<\/div>\n\n\t\t\n\n\t\t<div class=\"section-content relative\">\n\t\t\t\n\n<div class=\"row align-bottom align-center\"  id=\"row-1607062029\">\n\n\n\t<div id=\"col-570069441\" class=\"col small-12 large-12\"  >\n\t\t\t\t<div class=\"col-inner text-center\"  >\n\t\t\t\n\t\t\t\n\n\t<div id=\"text-4095832544\" class=\"text\">\n\t\t\n\n<h1 style=\"font-family: 'Montserrat', sans-serif; font-weight: bold; text-shadow: 5px 5px 5px #000;\">CAMPS DE PADEL<br>2025 | 2026<\/h1>\n\t\t\n<style>\n#text-4095832544 {\n  font-size: 0.85rem;\n  text-align: center;\n  color: rgb(255, 255, 255);\n}\n#text-4095832544 > * {\n  color: rgb(255, 255, 255);\n}\n@media (min-width:550px) {\n  #text-4095832544 {\n    font-size: 1.6rem;\n  }\n}\n<\/style>\n\t<\/div>\n\t\n\t<div id=\"gap-1177884356\" class=\"gap-element clearfix show-for-small\" style=\"display:block; height:auto;\">\n\t\t\n<style>\n#gap-1177884356 {\n  padding-top: 100px;\n}\n@media (min-width:550px) {\n  #gap-1177884356 {\n    padding-top: 200px;\n  }\n}\n<\/style>\n\t<\/div>\n\t\n\n\t<div id=\"gap-739049777\" class=\"gap-element clearfix hide-for-medium\" style=\"display:block; height:auto;\">\n\t\t\n<style>\n#gap-739049777 {\n  padding-top: 100px;\n}\n@media (min-width:550px) {\n  #gap-739049777 {\n    padding-top: 200px;\n  }\n}\n<\/style>\n\t<\/div>\n\t\n\n\n\t\t<\/div>\n\t\t\t\t\n<style>\n#col-570069441 > .col-inner {\n  padding: 0px 0px 0px 0px;\n}\n<\/style>\n\t<\/div>\n\n\t\n\n<\/div>\n<div class=\"row align-bottom align-center\"  id=\"row-1406392981\">\n\n\n\t<div id=\"col-384045392\" class=\"col small-12 large-12\"  >\n\t\t\t\t<div class=\"col-inner text-center dark\"  >\n\t\t\t\n\t\t\t\n\n\t<div id=\"text-302462130\" class=\"text shadow\">\n\t\t\n\n<h4 style=\"font-family: 'Montserrat', sans-serif; font-weight: bold; text-shadow: 5px 5px 5px #000;\">Voir nos prochains camps<\/h4>\n\t\t\n<style>\n#text-302462130 {\n  font-size: 1.2rem;\n  line-height: 0.8;\n  text-align: center;\n  color: rgb(255, 255, 255);\n}\n#text-302462130 > * {\n  color: rgb(255, 255, 255);\n}\n@media (min-width:550px) {\n  #text-302462130 {\n    font-size: 0.75rem;\n    text-align: center;\n  }\n}\n@media (min-width:850px) {\n  #text-302462130 {\n    font-size: 1.75rem;\n  }\n}\n<\/style>\n\t<\/div>\n\t\n<a href=\"https:\/\/kontracamps.com\/fr\/camps-de-padel\/\" class=\"button primary\" >\n\t\t<span>cliquez ici<\/span>\n\t<\/a>\n\n\n\n\t\t<\/div>\n\t\t\t\t\t<\/div>\n\n\t\n\n<\/div>\n\n\t\t<\/div>\n\n\t\t\n<style>\n#section_1830469430 {\n  padding-top: 20px;\n  padding-bottom: 20px;\n  min-height: 300px;\n}\n#section_1830469430 .section-bg img {\n  object-position: Relative;\n}\n@media (min-width:550px) {\n  #section_1830469430 {\n    padding-top: 30px;\n    padding-bottom: 30px;\n    min-height: 700px;\n  }\n}\n<\/style>\n\t<\/section>\n\t\n\n\t<section class=\"section\" id=\"section_71872820\">\n\t\t<div class=\"section-bg fill\" >\n\t\t\t\t\t\t\t\t\t\n\t\t\t\n\n\t\t<\/div>\n\n\t\t\n\n\t\t<div class=\"section-content relative\">\n\t\t\t\n\n<div class=\"row align-center\"  id=\"row-1891632950\">\n\n\n\t<div id=\"col-1807532440\" class=\"col medium-8 small-12 large-8\"  >\n\t\t\t\t<div class=\"col-inner text-center\"  >\n\t\t\t\n\t\t\t\n\n\t<div id=\"text-2600027822\" class=\"text\">\n\t\t\n\n<p> <\/p>\n<h2 class=\"uppercase\" style=\"text-align: center;\">Camps de padel Europe 2025-2026<\/h2>\n<p style=\"text-align: center;\">Vous aimez les vacances actives ? Vous \u00eates passionn\u00e9 de padel et souhaitez vous perfectionner ? Ou voulez-vous simplement d\u00e9couvrir ce beau sport ? Rejoignez l&#8217;un de nos camps de padel !   <\/p>\n\t\t\n<style>\n#text-2600027822 {\n  line-height: 1.5;\n}\n<\/style>\n\t<\/div>\n\t\n\n\t\t<\/div>\n\t\t\t\t\t<\/div>\n\n\t\n\n<\/div>\n\n\t\t<\/div>\n\n\t\t\n<style>\n#section_71872820 {\n  padding-top: 10px;\n  padding-bottom: 10px;\n  min-height: 300px;\n}\n@media (min-width:550px) {\n  #section_71872820 {\n    padding-top: 60px;\n    padding-bottom: 60px;\n    min-height: 300px;\n  }\n}\n<\/style>\n\t<\/section>\n\t\n\n\t<section class=\"section\" id=\"section_1430084492\">\n\t\t<div class=\"section-bg fill\" >\n\t\t\t\t\t\t\t\t\t\n\t\t\t\n\n\t\t<\/div>\n\n\t\t\n\n\t\t<div class=\"section-content relative\">\n\t\t\t\n\n<div class=\"row row-large align-center\" style=\"max-width:90%\" id=\"row-1826906988\">\n\n\n\t<div id=\"col-1647549207\" class=\"col medium-3 small-6 large-3\"  >\n\t\t\t\t<div class=\"col-inner text-center dark\"  >\n\t\t\t\n\t\t\t\n\n\t<div class=\"img has-hover x md-x lg-x y md-y lg-y\" id=\"image_813394036\">\n\t\t\t\t\t\t<div data-animate=\"flipInY\">\t\t<div class=\"img-inner dark\" >\n\t\t\t<img loading=\"lazy\" decoding=\"async\" width=\"160\" height=\"160\" src=\"https:\/\/kontracamps.com\/wp-content\/uploads\/2025\/09\/small-groups-160x160.png\" class=\"attachment-thumbnail size-thumbnail\" alt=\"\" title=\"small groups\" srcset=\"https:\/\/kontracamps.com\/wp-content\/uploads\/2025\/09\/small-groups-160x160.png 160w, https:\/\/kontracamps.com\/wp-content\/uploads\/2025\/09\/small-groups-100x100.png 100w, https:\/\/kontracamps.com\/wp-content\/uploads\/2025\/09\/small-groups-600x600.png 600w, https:\/\/kontracamps.com\/wp-content\/uploads\/2025\/09\/small-groups-640x640.png 640w, https:\/\/kontracamps.com\/wp-content\/uploads\/2025\/09\/small-groups-768x768.png 768w, https:\/\/kontracamps.com\/wp-content\/uploads\/2025\/09\/small-groups-50x50.png 50w, https:\/\/kontracamps.com\/wp-content\/uploads\/2025\/09\/small-groups.png 800w\" sizes=\"auto, (max-width: 160px) 100vw, 160px\" \/>\t\t\t\t\t\t\n\t\t\t\t\t<\/div>\n\t\t<\/div>\t\t\t\t\t\t\n<style>\n#image_813394036 {\n  width: 68%;\n}\n<\/style>\n\t<\/div>\n\t\n\n\t<div id=\"text-589048298\" class=\"text\">\n\t\t\n\n<p style=\"font-weight: 600;\">Des personnes du monde entier<\/p>\n\t\t\n<style>\n#text-589048298 {\n  font-size: 1.1rem;\n  line-height: 1;\n  text-align: center;\n  color: #01224d;\n}\n#text-589048298 > * {\n  color: #01224d;\n}\n@media (min-width:550px) {\n  #text-589048298 {\n    line-height: 1.2;\n  }\n}\n<\/style>\n\t<\/div>\n\t\n\t<div id=\"text-3586039943\" class=\"text\">\n\t\t\n\n<p>formation en anglais<\/p>\n\t\t\n<style>\n#text-3586039943 {\n  line-height: 1.2;\n  text-align: center;\n  color: rgb(119, 119, 119);\n}\n#text-3586039943 > * {\n  color: rgb(119, 119, 119);\n}\n<\/style>\n\t<\/div>\n\t\n\n\t\t<\/div>\n\t\t\t\t\t<\/div>\n\n\t\n\n\t<div id=\"col-363653400\" class=\"col medium-3 small-6 large-3\"  >\n\t\t\t\t<div class=\"col-inner text-center dark\"  >\n\t\t\t\n\t\t\t\n\n\t<div class=\"img has-hover x md-x lg-x y md-y lg-y\" id=\"image_98293217\">\n\t\t\t\t\t\t<div data-animate=\"flipInY\">\t\t<div class=\"img-inner dark\" >\n\t\t\t<img loading=\"lazy\" decoding=\"async\" width=\"160\" height=\"160\" src=\"https:\/\/kontracamps.com\/wp-content\/uploads\/2025\/09\/tournament-160x160.png\" class=\"attachment-thumbnail size-thumbnail\" alt=\"\" title=\"tournament\" srcset=\"https:\/\/kontracamps.com\/wp-content\/uploads\/2025\/09\/tournament-160x160.png 160w, https:\/\/kontracamps.com\/wp-content\/uploads\/2025\/09\/tournament-100x100.png 100w, https:\/\/kontracamps.com\/wp-content\/uploads\/2025\/09\/tournament-600x600.png 600w, https:\/\/kontracamps.com\/wp-content\/uploads\/2025\/09\/tournament-640x640.png 640w, https:\/\/kontracamps.com\/wp-content\/uploads\/2025\/09\/tournament-768x768.png 768w, https:\/\/kontracamps.com\/wp-content\/uploads\/2025\/09\/tournament-50x50.png 50w, https:\/\/kontracamps.com\/wp-content\/uploads\/2025\/09\/tournament.png 800w\" sizes=\"auto, (max-width: 160px) 100vw, 160px\" \/>\t\t\t\t\t\t\n\t\t\t\t\t<\/div>\n\t\t<\/div>\t\t\t\t\t\t\n<style>\n#image_98293217 {\n  width: 68%;\n}\n<\/style>\n\t<\/div>\n\t\n\n\t<div id=\"text-225080516\" class=\"text\">\n\t\t\n\n<p style=\"font-weight: 600;\">Un coaching de qualit\u00e9<\/p>\n\t\t\n<style>\n#text-225080516 {\n  font-size: 1.1rem;\n  line-height: 1;\n  color: #01224d;\n}\n#text-225080516 > * {\n  color: #01224d;\n}\n@media (min-width:550px) {\n  #text-225080516 {\n    line-height: 1.2;\n  }\n}\n<\/style>\n\t<\/div>\n\t\n\t<div id=\"text-1023803162\" class=\"text\">\n\t\t\n\n<p>approche individuelle<\/p>\n\t\t\n<style>\n#text-1023803162 {\n  line-height: 1.2;\n  text-align: center;\n  color: rgb(119, 119, 119);\n}\n#text-1023803162 > * {\n  color: rgb(119, 119, 119);\n}\n<\/style>\n\t<\/div>\n\t\n\n\t\t<\/div>\n\t\t\t\t\t<\/div>\n\n\t\n\n\t<div id=\"col-1817935951\" class=\"col medium-3 small-6 large-3\"  >\n\t\t\t\t<div class=\"col-inner text-center dark\"  >\n\t\t\t\n\t\t\t\n\n\t<div class=\"img has-hover x md-x lg-x y md-y lg-y\" id=\"image_1185351155\">\n\t\t\t\t\t\t<div data-animate=\"flipInY\">\t\t<div class=\"img-inner dark\" >\n\t\t\t<img loading=\"lazy\" decoding=\"async\" width=\"160\" height=\"160\" src=\"https:\/\/kontracamps.com\/wp-content\/uploads\/2025\/09\/for-all-levels-160x160.png\" class=\"attachment-thumbnail size-thumbnail\" alt=\"\" title=\"for all levels\" srcset=\"https:\/\/kontracamps.com\/wp-content\/uploads\/2025\/09\/for-all-levels-160x160.png 160w, https:\/\/kontracamps.com\/wp-content\/uploads\/2025\/09\/for-all-levels-100x100.png 100w, https:\/\/kontracamps.com\/wp-content\/uploads\/2025\/09\/for-all-levels-600x600.png 600w, https:\/\/kontracamps.com\/wp-content\/uploads\/2025\/09\/for-all-levels-640x640.png 640w, https:\/\/kontracamps.com\/wp-content\/uploads\/2025\/09\/for-all-levels-768x768.png 768w, https:\/\/kontracamps.com\/wp-content\/uploads\/2025\/09\/for-all-levels-50x50.png 50w, https:\/\/kontracamps.com\/wp-content\/uploads\/2025\/09\/for-all-levels.png 800w\" sizes=\"auto, (max-width: 160px) 100vw, 160px\" \/>\t\t\t\t\t\t\n\t\t\t\t\t<\/div>\n\t\t<\/div>\t\t\t\t\t\t\n<style>\n#image_1185351155 {\n  width: 68%;\n}\n<\/style>\n\t<\/div>\n\t\n\n\t<div id=\"text-1925801678\" class=\"text\">\n\t\t\n\n<p style=\"font-weight: 600;\">Pour tous les niveaux<\/p>\n\t\t\n<style>\n#text-1925801678 {\n  font-size: 1.1rem;\n  line-height: 1;\n  color: #01224d;\n}\n#text-1925801678 > * {\n  color: #01224d;\n}\n@media (min-width:550px) {\n  #text-1925801678 {\n    line-height: 1.2;\n  }\n}\n<\/style>\n\t<\/div>\n\t\n\t<div id=\"text-989550633\" class=\"text\">\n\t\t\n\n<p>du d\u00e9butant au professionnel<\/p>\n\t\t\n<style>\n#text-989550633 {\n  line-height: 1.2;\n  text-align: center;\n  color: rgb(119, 119, 119);\n}\n#text-989550633 > * {\n  color: rgb(119, 119, 119);\n}\n<\/style>\n\t<\/div>\n\t\n\n\t\t<\/div>\n\t\t\t\t\t<\/div>\n\n\t\n\n\t<div id=\"col-261069323\" class=\"col medium-3 small-6 large-3\"  >\n\t\t\t\t<div class=\"col-inner text-center dark\"  >\n\t\t\t\n\t\t\t\n\n\t<div class=\"img has-hover x md-x lg-x y md-y lg-y\" id=\"image_825391392\">\n\t\t\t\t\t\t<div data-animate=\"flipInY\">\t\t<div class=\"img-inner dark\" >\n\t\t\t<img loading=\"lazy\" decoding=\"async\" width=\"160\" height=\"160\" src=\"https:\/\/kontracamps.com\/wp-content\/uploads\/2025\/09\/Skill-matched-groups-160x160.png\" class=\"attachment-thumbnail size-thumbnail\" alt=\"\" title=\"Skill-matched groups\" srcset=\"https:\/\/kontracamps.com\/wp-content\/uploads\/2025\/09\/Skill-matched-groups-160x160.png 160w, https:\/\/kontracamps.com\/wp-content\/uploads\/2025\/09\/Skill-matched-groups-100x100.png 100w, https:\/\/kontracamps.com\/wp-content\/uploads\/2025\/09\/Skill-matched-groups-600x600.png 600w, https:\/\/kontracamps.com\/wp-content\/uploads\/2025\/09\/Skill-matched-groups-640x640.png 640w, https:\/\/kontracamps.com\/wp-content\/uploads\/2025\/09\/Skill-matched-groups-768x768.png 768w, https:\/\/kontracamps.com\/wp-content\/uploads\/2025\/09\/Skill-matched-groups-50x50.png 50w, https:\/\/kontracamps.com\/wp-content\/uploads\/2025\/09\/Skill-matched-groups.png 800w\" sizes=\"auto, (max-width: 160px) 100vw, 160px\" \/>\t\t\t\t\t\t\n\t\t\t\t\t<\/div>\n\t\t<\/div>\t\t\t\t\t\t\n<style>\n#image_825391392 {\n  width: 68%;\n}\n<\/style>\n\t<\/div>\n\t\n\n\t<div id=\"text-2879043025\" class=\"text\">\n\t\t\n\n<p style=\"font-weight: 600;\">Groupes \u00e0 comp\u00e9tences \u00e9gales<\/p>\n\t\t\n<style>\n#text-2879043025 {\n  font-size: 1.1rem;\n  line-height: 1;\n  color: #01224d;\n}\n#text-2879043025 > * {\n  color: #01224d;\n}\n@media (min-width:550px) {\n  #text-2879043025 {\n    line-height: 1.2;\n  }\n}\n<\/style>\n\t<\/div>\n\t\n\t<div id=\"text-3572232082\" class=\"text\">\n\t\t\n\n<p>v\u00e9rifi\u00e9 lors de l&#8217;inscription<\/p>\n\t\t\n<style>\n#text-3572232082 {\n  line-height: 1.2;\n  text-align: center;\n  color: rgb(119, 119, 119);\n}\n#text-3572232082 > * {\n  color: rgb(119, 119, 119);\n}\n<\/style>\n\t<\/div>\n\t\n\n\t\t<\/div>\n\t\t\t\t\t<\/div>\n\n\t\n\n<\/div>\n\n\t\t<\/div>\n\n\t\t\n<style>\n#section_1430084492 {\n  padding-top: 30px;\n  padding-bottom: 30px;\n}\n<\/style>\n\t<\/section>\n\t\n\t<div id=\"gap-653604983\" class=\"gap-element clearfix\" style=\"display:block; height:auto;\">\n\t\t\n<style>\n#gap-653604983 {\n  padding-top: 60px;\n}\n<\/style>\n\t<\/div>\n\t\n\n\t<div id=\"text-1541536423\" class=\"text\">\n\t\t\n\n<h2><strong>CAMPS DE PADEL &#8211; NOTRE PHILOSOPHIE<\/strong><\/h2>\n\t\t\n<style>\n#text-1541536423 {\n  font-size: 1.1rem;\n  text-align: center;\n}\n@media (min-width:550px) {\n  #text-1541536423 {\n    font-size: 0.75rem;\n    text-align: center;\n  }\n}\n<\/style>\n\t<\/div>\n\t\n<div class=\"row\"  id=\"row-324741074\">\n\n\n\t<div id=\"col-1358689459\" class=\"col medium-6 small-12 large-6\"  >\n\t\t\t\t<div class=\"col-inner\"  >\n\t\t\t\n\t\t\t\n\n\t<div class=\"img has-hover x md-x lg-x y md-y lg-y\" id=\"image_418486917\">\n\t\t\t\t\t\t\t\t<div class=\"img-inner dark\" >\n\t\t\t<img loading=\"lazy\" decoding=\"async\" width=\"1020\" height=\"765\" src=\"https:\/\/kontracamps.com\/wp-content\/uploads\/2025\/10\/Kontra_Camp_Mallorca_2025-263-1.jpg\" class=\"attachment-large size-large\" alt=\"\" srcset=\"https:\/\/kontracamps.com\/wp-content\/uploads\/2025\/10\/Kontra_Camp_Mallorca_2025-263-1.jpg 1200w, https:\/\/kontracamps.com\/wp-content\/uploads\/2025\/10\/Kontra_Camp_Mallorca_2025-263-1-600x450.jpg 600w, https:\/\/kontracamps.com\/wp-content\/uploads\/2025\/10\/Kontra_Camp_Mallorca_2025-263-1-640x480.jpg 640w, https:\/\/kontracamps.com\/wp-content\/uploads\/2025\/10\/Kontra_Camp_Mallorca_2025-263-1-768x576.jpg 768w\" sizes=\"auto, (max-width: 1020px) 100vw, 1020px\" \/>\t\t\t\t\t\t\n\t\t\t\t\t<\/div>\n\t\t\t\t\t\t\t\t\n<style>\n#image_418486917 {\n  width: 100%;\n}\n<\/style>\n\t<\/div>\n\t\n\n\n\t\t<\/div>\n\t\t\t\t\t<\/div>\n\n\t\n\n\t<div id=\"col-1793401160\" class=\"col medium-6 small-12 large-6\"  >\n\t\t\t\t<div class=\"col-inner\"  >\n\t\t\t\n\t\t\t\n\n<p style=\"text-align: justify;\" data-start=\"60\" data-end=\"450\">Lors de nos camps de padel, vous b\u00e9n\u00e9ficierez d&#8217;un excellent entra\u00eenement avec des entra\u00eeneurs exp\u00e9riment\u00e9s. Tout le monde est le bienvenu, <strong>des d\u00e9butants complets aux joueurs avanc\u00e9s<\/strong>. Nous veillons \u00e0 ce que les groupes aient des niveaux similaires, afin que chacun puisse profiter de l&#8217;entra\u00eenement. Kontra Padel est un moyen amusant d&#8217;am\u00e9liorer votre jeu, de profiter de lieux agr\u00e9ables et de rencontrer de nouvelles personnes du monde entier.  <\/p>\n<p style=\"text-align: justify;\" data-start=\"452\" data-end=\"691\">Les camps comprennent des s\u00e9ances d&#8217;entra\u00eenement cibl\u00e9es avec des entra\u00eeneurs qui se soucient de vos progr\u00e8s. Vous pouvez \u00e9galement participer \u00e0 des tournois. En dehors de l&#8217;entra\u00eenement, des activit\u00e9s amusantes sont organis\u00e9es : visites touristiques, d\u00e9gustation de plats locaux, quiz et br\u00e8ves conf\u00e9rences.  <\/p>\n\n\t\t<\/div>\n\t\t\t\t\t<\/div>\n\n\t\n\n<\/div>\n\t<div id=\"gap-1226972400\" class=\"gap-element clearfix\" style=\"display:block; height:auto;\">\n\t\t\n<style>\n#gap-1226972400 {\n  padding-top: 60px;\n}\n<\/style>\n\t<\/div>\n\t\n\n\t<div id=\"gap-2044583390\" class=\"gap-element clearfix\" style=\"display:block; height:auto;\">\n\t\t\n<style>\n#gap-2044583390 {\n  padding-top: 60px;\n}\n<\/style>\n\t<\/div>\n\t\n\n\n\t<section class=\"section\" id=\"section_1223265190\">\n\t\t<div class=\"section-bg fill\" >\n\t\t\t\t\t\t\t\t\t\n\t\t\t\n\n\t\t<\/div>\n\n\t\t\n\n\t\t<div class=\"section-content relative\">\n\t\t\t\n\n<div class=\"row\"  id=\"row-1494547884\">\n\n\n\t<div id=\"col-1756990307\" class=\"col medium-6 small-12 large-6\"  >\n\t\t\t\t<div class=\"col-inner\"  >\n\t\t\t\n\t\t\t\n\n\t<div id=\"text-4131283128\" class=\"text\">\n\t\t\n\n<p style=\"font-weight: 600;\">PADEL CAMPS<\/p>\n\t\t\n<style>\n#text-4131283128 {\n  font-size: 1.1rem;\n  text-align: center;\n  color: rgb(255, 255, 255);\n}\n#text-4131283128 > * {\n  color: rgb(255, 255, 255);\n}\n@media (min-width:550px) {\n  #text-4131283128 {\n    font-size: 0.95rem;\n    text-align: center;\n  }\n}\n<\/style>\n\t<\/div>\n\t\n\t<div id=\"text-1577844922\" class=\"text\">\n\t\t\n\n<hr data-start=\"51\" data-end=\"54\">\n<p style=\"text-align: justify;\" data-start=\"56\" data-end=\"293\">Dans nos camps de padel, c&#8217;est votre progression qui prime. Nous ne travaillons qu&#8217;avec des entra\u00eeneurs exp\u00e9riment\u00e9s &#8211; beaucoup d&#8217;entre eux sont d&#8217;anciens joueurs de haut niveau ou participent encore \u00e0 des comp\u00e9titions de haut niveau. Nous nous entra\u00eenons g\u00e9n\u00e9ralement en petits groupes de 4 joueurs, ce qui permet \u00e0 chacun de b\u00e9n\u00e9ficier d&#8217;une attention personnelle.  <\/p>\n<p style=\"text-align: justify;\" data-start=\"295\" data-end=\"517\">Nos entra\u00eeneurs ne suivent pas un programme strict &#8211; ils adaptent les exercices, la dur\u00e9e des s\u00e9ances et l&#8217;intensit\u00e9 \u00e0 votre niveau et \u00e0 vos besoins. Dans les camps de Kontra Padel, nous utilisons l&#8217;exp\u00e9rience de nos entra\u00eeneurs pour vous aider \u00e0 apprendre, \u00e0 vous am\u00e9liorer et \u00e0 appr\u00e9cier le jeu. <\/p>\n\t\t\n<style>\n#text-1577844922 {\n  text-align: center;\n  color: #ffffff;\n}\n#text-1577844922 > * {\n  color: #ffffff;\n}\n<\/style>\n\t<\/div>\n\t\n\n\t\t<\/div>\n\t\t\t\t\t<\/div>\n\n\t\n\n\t<div id=\"col-1905526896\" class=\"col medium-6 small-12 large-6\"  >\n\t\t\t\t<div class=\"col-inner\"  >\n\t\t\t\n\t\t\t\n\n\t<div class=\"img has-hover x md-x lg-x y md-y lg-y\" id=\"image_49826971\">\n\t\t\t\t\t\t\t\t<div class=\"img-inner dark\" >\n\t\t\t<img loading=\"lazy\" decoding=\"async\" width=\"1020\" height=\"765\" src=\"https:\/\/kontracamps.com\/wp-content\/uploads\/2025\/10\/Kontra_Camp_Mallorca_2025-255.jpg\" class=\"attachment-large size-large\" alt=\"\" srcset=\"https:\/\/kontracamps.com\/wp-content\/uploads\/2025\/10\/Kontra_Camp_Mallorca_2025-255.jpg 1200w, https:\/\/kontracamps.com\/wp-content\/uploads\/2025\/10\/Kontra_Camp_Mallorca_2025-255-600x450.jpg 600w, https:\/\/kontracamps.com\/wp-content\/uploads\/2025\/10\/Kontra_Camp_Mallorca_2025-255-640x480.jpg 640w, https:\/\/kontracamps.com\/wp-content\/uploads\/2025\/10\/Kontra_Camp_Mallorca_2025-255-768x576.jpg 768w\" sizes=\"auto, (max-width: 1020px) 100vw, 1020px\" \/>\t\t\t\t\t\t\n\t\t\t\t\t<\/div>\n\t\t\t\t\t\t\t\t\n<style>\n#image_49826971 {\n  width: 100%;\n}\n<\/style>\n\t<\/div>\n\t\n\n\n\t\t<\/div>\n\t\t\t\t\t<\/div>\n\n\t\n\n<\/div>\n\n\t\t<\/div>\n\n\t\t\n<style>\n#section_1223265190 {\n  padding-top: 20px;\n  padding-bottom: 20px;\n  background-color: #000951;\n}\n@media (min-width:550px) {\n  #section_1223265190 {\n    padding-top: 30px;\n    padding-bottom: 30px;\n  }\n}\n<\/style>\n\t<\/section>\n\t\n\t<div id=\"gap-1342423766\" class=\"gap-element clearfix\" style=\"display:block; height:auto;\">\n\t\t\n<style>\n#gap-1342423766 {\n  padding-top: 60px;\n}\n<\/style>\n\t<\/div>\n\t\n\n<div class=\"row\"  id=\"row-350358700\">\n\n\n\t<div id=\"col-1586720047\" class=\"col medium-6 small-12 large-6\"  >\n\t\t\t\t<div class=\"col-inner\"  >\n\t\t\t\n\t\t\t\n\n\t<div id=\"text-201398773\" class=\"text\">\n\t\t\n\n<h2 style=\"font-weight: 600;\">CAMPS DE PADEL 2025\/2026<\/h2>\n\t\t\n<style>\n#text-201398773 {\n  font-size: 1.1rem;\n  text-align: center;\n}\n@media (min-width:550px) {\n  #text-201398773 {\n    font-size: 0.75rem;\n    text-align: center;\n  }\n}\n<\/style>\n\t<\/div>\n\t\n\t<div id=\"text-3854052414\" class=\"text\">\n\t\t\n\n<p class=\"thin-font\" style=\"text-align: justify;\">Janvier | Sharm el Sheikh &#8211; \u00c9gypte | 24-31 janv. 2026<\/p>\n\t\t\n<style>\n#text-3854052414 {\n  line-height: 1.9;\n}\n<\/style>\n\t<\/div>\n\t\n\n\t\t<\/div>\n\t\t\t\t\t<\/div>\n\n\t\n\n\t<div id=\"col-790153203\" class=\"col medium-6 small-12 large-6\"  >\n\t\t\t\t<div class=\"col-inner\"  >\n\t\t\t\n\t\t\t\n\n\t<div class=\"img has-hover x md-x lg-x y md-y lg-y\" id=\"image_1526918819\">\n\t\t\t\t\t\t\t\t<div class=\"img-inner dark\" >\n\t\t\t<img loading=\"lazy\" decoding=\"async\" width=\"1020\" height=\"765\" src=\"https:\/\/kontracamps.com\/wp-content\/uploads\/2025\/10\/Kontra_Camp_Mallorca_2025-192.jpg\" class=\"attachment-large size-large\" alt=\"\" srcset=\"https:\/\/kontracamps.com\/wp-content\/uploads\/2025\/10\/Kontra_Camp_Mallorca_2025-192.jpg 1200w, https:\/\/kontracamps.com\/wp-content\/uploads\/2025\/10\/Kontra_Camp_Mallorca_2025-192-600x450.jpg 600w, https:\/\/kontracamps.com\/wp-content\/uploads\/2025\/10\/Kontra_Camp_Mallorca_2025-192-640x480.jpg 640w, https:\/\/kontracamps.com\/wp-content\/uploads\/2025\/10\/Kontra_Camp_Mallorca_2025-192-768x576.jpg 768w\" sizes=\"auto, (max-width: 1020px) 100vw, 1020px\" \/>\t\t\t\t\t\t\n\t\t\t\t\t<\/div>\n\t\t\t\t\t\t\t\t\n<style>\n#image_1526918819 {\n  width: 100%;\n}\n<\/style>\n\t<\/div>\n\t\n\n\n\t\t<\/div>\n\t\t\t\t\t<\/div>\n\n\t\n\n<\/div>\n\t<div id=\"gap-42490858\" class=\"gap-element clearfix\" style=\"display:block; height:auto;\">\n\t\t\n<style>\n#gap-42490858 {\n  padding-top: 60px;\n}\n<\/style>\n\t<\/div>\n\t\n\n\t<div id=\"text-1285923709\" class=\"text\">\n\t\t\n\n<blockquote><p><em>A bient\u00f4t sur l&#8217;un de nos camps de padel !<\/em><\/p><\/blockquote>\n\t\t\n<style>\n#text-1285923709 {\n  text-align: center;\n}\n<\/style>\n\t<\/div>\n\t\n\t<div id=\"gap-1182985993\" class=\"gap-element clearfix\" style=\"display:block; height:auto;\">\n\t\t\n<style>\n#gap-1182985993 {\n  padding-top: 60px;\n}\n<\/style>\n\t<\/div>\n\t\n\n\t<div id=\"text-915011518\" class=\"text\">\n\t\t\n\n<p class=\"thin-font\" style=\"text-align: center;\">Camps de Padel | Petits groupes | Entra\u00eeneurs de classe mondiale | Entra\u00eenement de qualit\u00e9 | Tous les niveaux | Personnes du monde entier<\/p>\n\t\t\n<style>\n#text-915011518 {\n  text-align: center;\n}\n<\/style>\n\t<\/div>\n\t\n\n","protected":false},"excerpt":{"rendered":"","protected":false},"author":1,"featured_media":0,"parent":0,"menu_order":0,"comment_status":"closed","ping_status":"closed","template":"page-blank.php","meta":{"footnotes":""},"categories":[468],"folder":[],"class_list":["post-13766","page","type-page","status-publish","hentry","category-padel"],"aioseo_notices":[],"_links":{"self":[{"href":"https:\/\/kontracamps.com\/fr\/wp-json\/wp\/v2\/pages\/13766","targetHints":{"allow":["GET"]}}],"collection":[{"href":"https:\/\/kontracamps.com\/fr\/wp-json\/wp\/v2\/pages"}],"about":[{"href":"https:\/\/kontracamps.com\/fr\/wp-json\/wp\/v2\/types\/page"}],"author":[{"embeddable":true,"href":"https:\/\/kontracamps.com\/fr\/wp-json\/wp\/v2\/users\/1"}],"replies":[{"embeddable":true,"href":"https:\/\/kontracamps.com\/fr\/wp-json\/wp\/v2\/comments?post=13766"}],"version-history":[{"count":2,"href":"https:\/\/kontracamps.com\/fr\/wp-json\/wp\/v2\/pages\/13766\/revisions"}],"predecessor-version":[{"id":13848,"href":"https:\/\/kontracamps.com\/fr\/wp-json\/wp\/v2\/pages\/13766\/revisions\/13848"}],"wp:attachment":[{"href":"https:\/\/kontracamps.com\/fr\/wp-json\/wp\/v2\/media?parent=13766"}],"wp:term":[{"taxonomy":"category","embeddable":true,"href":"https:\/\/kontracamps.com\/fr\/wp-json\/wp\/v2\/categories?post=13766"},{"taxonomy":"folder","embeddable":true,"href":"https:\/\/kontracamps.com\/fr\/wp-json\/wp\/v2\/folder?post=13766"}],"curies":[{"name":"wp","href":"https:\/\/api.w.org\/{rel}","templated":true}]}}