{"id":13872,"date":"2025-12-13T08:09:36","date_gmt":"2025-12-13T07:09:36","guid":{"rendered":"https:\/\/kontracamps.com\/nos-entraineurs-de-beach-tennis\/"},"modified":"2026-04-10T12:20:08","modified_gmt":"2026-04-10T10:20:08","slug":"nos-entraineurs-de-beach-tennis","status":"publish","type":"page","link":"https:\/\/kontracamps.com\/fr\/beach-tennis\/nos-entraineurs-de-beach-tennis\/","title":{"rendered":"Nos entra\u00eeneurs de beach tennis"},"content":{"rendered":"\n\n\t<section class=\"section\" id=\"section_831280230\">\n\t\t<div class=\"section-bg fill\" >\n\t\t\t\t\t\t\t\t\t\n\t\t\t\n\n\t\t<\/div>\n\n\t\t\n\n\t\t<div class=\"section-content relative\">\n\t\t\t\n\n  <div id=\"page-header-1969823009\" class=\"page-header-wrapper\">\n  <div class=\"page-title dark normal-title\">\n\n        <div class=\"page-title-bg\">\n      <div class=\"title-bg fill bg-fill\"\n        data-parallax-container=\".page-title\"\n        data-parallax-background\n        data-parallax=\"-\">\n      <\/div>\n      <div class=\"title-overlay fill\"><\/div>\n    <\/div>\n    \n    <div class=\"page-title-inner container align-center text-center flex-row-col medium-flex-wrap\" >\n              <div class=\"title-wrapper uppercase flex-col\">\n          <h1 class=\"entry-title mb-0\">\n            Nos entra\u00eeneurs de beach tennis          <\/h1>\n        <\/div>\n                    <div class=\"title-content flex-col\">\n        <ul class=\"nav sm-touch-scroll nav-simple nav-uppercase text-center nav-center\"><li class=\"nav-single-page hidden\"><\/li><\/ul>      <\/div>\n    <\/div>\n\n     \n<style>\n#page-header-1969823009 .page-title-inner {\n  min-height: 100px;\n}\n#page-header-1969823009 .normal-title {\n  background-color: rgb(1, 34, 77);\n}\n<\/style>\n  <\/div>\n    <\/div>\n  \n\n\n\t\t<\/div>\n\n\t\t\n<style>\n#section_831280230 {\n  padding-top: 30px;\n  padding-bottom: 30px;\n}\n<\/style>\n\t<\/section>\n\t\n\n\t<section class=\"section\" id=\"section_980896517\">\n\t\t<div class=\"section-bg fill\" >\n\t\t\t\t\t\t\t\t\t\n\t\t\t\n\n\t\t<\/div>\n\n\t\t\n\n\t\t<div class=\"section-content relative\">\n\t\t\t\n\n<div class=\"row\"  id=\"row-2002860620\">\n\n\n\t<div id=\"col-1587519872\" class=\"col hide-for-medium medium-3 small-12 large-3\"  >\n\t\t\t\t<div class=\"col-inner\"  >\n\t\t\t\n\t\t\t\n\n\n\t\t<\/div>\n\t\t\t\t\t<\/div>\n\n\t\n\n\t<div id=\"col-26878623\" class=\"col medium-6 small-12 large-6\"  >\n\t\t\t\t<div class=\"col-inner\"  >\n\t\t\t\n\t\t\t\n\n\t<div id=\"text-2065103092\" class=\"text\">\n\t\t\n\n<p>Faites connaissance avec les entra\u00eeneurs exceptionnels avec lesquels nous collaborons. Pour garantir des normes d&#8217;entra\u00eenement de haut niveau, nous vous donnons l&#8217;occasion d&#8217;apprendre aupr\u00e8s des leaders du sport. <\/p>\n\t\t\n<style>\n#text-2065103092 {\n  text-align: center;\n}\n<\/style>\n\t<\/div>\n\t\n\n\t\t<\/div>\n\t\t\t\t\t<\/div>\n\n\t\n\n\t<div id=\"col-1738438415\" class=\"col hide-for-medium medium-3 small-12 large-3\"  >\n\t\t\t\t<div class=\"col-inner\"  >\n\t\t\t\n\t\t\t\n\n\n\t\t<\/div>\n\t\t\t\t\t<\/div>\n\n\t\n\n<\/div>\n\n\t\t<\/div>\n\n\t\t\n<style>\n#section_980896517 {\n  padding-top: 30px;\n  padding-bottom: 30px;\n}\n<\/style>\n\t<\/section>\n\t\n\n\t<section class=\"section\" id=\"section_2026171579\">\n\t\t<div class=\"section-bg fill\" >\n\t\t\t\t\t\t\t\t\t\n\t\t\t\n\n\t\t<\/div>\n\n\t\t\n\n\t\t<div class=\"section-content relative\">\n\t\t\t\n\n<div class=\"row\"  id=\"row-1017841346\">\n\n\n\t<div id=\"col-627555875\" class=\"col medium-4 small-12 large-4\"  >\n\t\t\t\t<div class=\"col-inner\"  >\n\t\t\t\n\t\t\t\n\n    <div class=\"box has-hover has-hover box-shadow-3 box-bounce box-text-bottom\" >\n\n                  <div class=\"box-image \" style=\"width:80%;\">\n           <div class=\"box-image-inner image-cover\" style=\"border-radius:100%;padding-top:100%;\">\n              <img loading=\"lazy\" decoding=\"async\" width=\"734\" height=\"734\" src=\"https:\/\/kontracamps.com\/wp-content\/uploads\/2025\/01\/Niccolo-Strano.jpg\" class=\"attachment- size-\" alt=\"\" srcset=\"https:\/\/kontracamps.com\/wp-content\/uploads\/2025\/01\/Niccolo-Strano.jpg 734w, https:\/\/kontracamps.com\/wp-content\/uploads\/2025\/01\/Niccolo-Strano-100x100.jpg 100w, https:\/\/kontracamps.com\/wp-content\/uploads\/2025\/01\/Niccolo-Strano-600x600.jpg 600w, https:\/\/kontracamps.com\/wp-content\/uploads\/2025\/01\/Niccolo-Strano-640x640.jpg 640w, https:\/\/kontracamps.com\/wp-content\/uploads\/2025\/01\/Niccolo-Strano-160x160.jpg 160w, https:\/\/kontracamps.com\/wp-content\/uploads\/2025\/01\/Niccolo-Strano-320x320.jpg 320w\" sizes=\"auto, (max-width: 734px) 100vw, 734px\" \/>                         <\/div>\n          <\/div>\n         \n          <div class=\"box-text text-center\" >\n                <div class=\"box-text-inner\">\n                  <h4 class=\"uppercase\">\n                    <span class=\"person-name\">Niccolo Strano<\/span><br\/>\n                    <span class=\"person-title is-small thin-font op-7\">\n                      2 fois m\u00e9daill\u00e9 de bronze aux championnats du monde                    <\/span>\n                  <\/h4>\n\t\t\t\t\t\n\n<p style=\"text-align: justify;\">Il a atteint le meilleur classement de sa carri\u00e8re, \u00e0 savoir la cinqui\u00e8me place au classement mondial de l&#8217;ITF Beach Tennis. Trois fois m\u00e9daill\u00e9 d&#8217;argent au championnat d&#8217;Italie. Avec plus de 18 ans d&#8217;exp\u00e9rience en tant qu&#8217;entra\u00eeneur, Niccol\u00f2 a form\u00e9 des athl\u00e8tes au niveau international, dirigeant de nombreuses cliniques \u00e0 travers le monde.  <\/p>\n\n                <\/div>\n          <\/div>\n    <\/div>\n\n\t\n    \n\n\t\t<\/div>\n\t\t\t\t\t<\/div>\n\n\t\n\n\t<div id=\"col-1511125096\" class=\"col medium-4 small-12 large-4\"  >\n\t\t\t\t<div class=\"col-inner\"  >\n\t\t\t\n\t\t\t\n\n    <div class=\"box has-hover has-hover box-shadow-3 box-bounce box-text-bottom\" >\n\n                  <div class=\"box-image \" style=\"width:80%;\">\n           <div class=\"box-image-inner image-cover\" style=\"border-radius:100%;padding-top:100%;\">\n              <img loading=\"lazy\" decoding=\"async\" width=\"554\" height=\"554\" src=\"https:\/\/kontracamps.com\/wp-content\/uploads\/2025\/12\/DSC1798-127-e1765611234476.jpg\" class=\"attachment- size-\" alt=\"\" srcset=\"https:\/\/kontracamps.com\/wp-content\/uploads\/2025\/12\/DSC1798-127-e1765611234476.jpg 554w, https:\/\/kontracamps.com\/wp-content\/uploads\/2025\/12\/DSC1798-127-e1765611234476-100x100.jpg 100w, https:\/\/kontracamps.com\/wp-content\/uploads\/2025\/12\/DSC1798-127-e1765611234476-160x160.jpg 160w, https:\/\/kontracamps.com\/wp-content\/uploads\/2025\/12\/DSC1798-127-e1765611234476-510x510.jpg 510w, https:\/\/kontracamps.com\/wp-content\/uploads\/2025\/12\/DSC1798-127-e1765611234476-50x50.jpg 50w\" sizes=\"auto, (max-width: 554px) 100vw, 554px\" \/>                         <\/div>\n          <\/div>\n         \n          <div class=\"box-text text-center\" >\n                <div class=\"box-text-inner\">\n                  <h4 class=\"uppercase\">\n                    <span class=\"person-name\">Michela romani<\/span><br\/>\n                    <span class=\"person-title is-small thin-font op-7\">\n                      2023 Championnat d&#039;Italie en salle                    <\/span>\n                  <\/h4>\n\t\t\t\t\t\n\n<p style=\"text-align: justify;\">Michela Romani est une joueuse professionnelle de beach tennis, dont le meilleur classement ITF de sa carri\u00e8re est la 17e place. Au-del\u00e0 de ses performances sportives, Michela est une entra\u00eeneuse d\u00e9vou\u00e9e et exp\u00e9riment\u00e9e, qui a enseign\u00e9 dans le monde entier. <\/p>\n\n                <\/div>\n          <\/div>\n    <\/div>\n\n\t\n    \n\n\t\t<\/div>\n\t\t\t\t\t<\/div>\n\n\t\n\n\t<div id=\"col-1269191928\" class=\"col medium-4 small-12 large-4\"  >\n\t\t\t\t<div class=\"col-inner\"  >\n\t\t\t\n\t\t\t\n\n    <div class=\"box has-hover has-hover box-shadow-3 box-bounce box-text-bottom\" >\n\n                  <div class=\"box-image \" style=\"width:80%;\">\n           <div class=\"box-image-inner image-cover\" style=\"border-radius:100%;padding-top:100%;\">\n              <img loading=\"lazy\" decoding=\"async\" width=\"500\" height=\"500\" src=\"https:\/\/kontracamps.com\/wp-content\/uploads\/2024\/11\/Michal-Wiecek-Kotra.jpg\" class=\"attachment- size-\" alt=\"\" srcset=\"https:\/\/kontracamps.com\/wp-content\/uploads\/2024\/11\/Michal-Wiecek-Kotra.jpg 500w, https:\/\/kontracamps.com\/wp-content\/uploads\/2024\/11\/Michal-Wiecek-Kotra-100x100.jpg 100w, https:\/\/kontracamps.com\/wp-content\/uploads\/2024\/11\/Michal-Wiecek-Kotra-160x160.jpg 160w, https:\/\/kontracamps.com\/wp-content\/uploads\/2024\/11\/Michal-Wiecek-Kotra-320x320.jpg 320w\" sizes=\"auto, (max-width: 500px) 100vw, 500px\" \/>                         <\/div>\n          <\/div>\n         \n          <div class=\"box-text text-center\" >\n                <div class=\"box-text-inner\">\n                  <h4 class=\"uppercase\">\n                    <span class=\"person-name\">Micha\u0142 Wi\u0119cek<\/span><br\/>\n                    <span class=\"person-title is-small thin-font op-7\">\n                      M\u00e9daille d&#039;argent aux Championnats du monde IFBT 2019                    <\/span>\n                  <\/h4>\n\t\t\t\t\t\n\n<p style=\"text-align: justify;\">Entra\u00eeneur de beach tennis dipl\u00f4m\u00e9, il dirige sa propre acad\u00e9mie \u00e0 Cracovie. Il repr\u00e9sente la Pologne au niveau international et participe au circuit ITF de beach tennis. <\/p>\n\n                <\/div>\n          <\/div>\n    <\/div>\n\n\t\n    \n\n\t\t<\/div>\n\t\t\t\t\t<\/div>\n\n\t\n\n<\/div>\n<div class=\"row\"  id=\"row-1998987263\">\n\n\n\t<div id=\"col-2111120764\" class=\"col medium-4 small-12 large-4\"  >\n\t\t\t\t<div class=\"col-inner\"  >\n\t\t\t\n\t\t\t\n\n    <div class=\"box has-hover has-hover box-shadow-3 box-bounce box-text-bottom\" >\n\n                  <div class=\"box-image \" style=\"width:80%;\">\n           <div class=\"box-image-inner image-cover\" style=\"border-radius:100%;padding-top:100%;\">\n              <img loading=\"lazy\" decoding=\"async\" width=\"1200\" height=\"800\" src=\"https:\/\/kontracamps.com\/wp-content\/uploads\/2025\/11\/federico.jpg\" class=\"attachment- size-\" alt=\"\" srcset=\"https:\/\/kontracamps.com\/wp-content\/uploads\/2025\/11\/federico.jpg 1200w, https:\/\/kontracamps.com\/wp-content\/uploads\/2025\/11\/federico-600x400.jpg 600w, https:\/\/kontracamps.com\/wp-content\/uploads\/2025\/11\/federico-640x427.jpg 640w, https:\/\/kontracamps.com\/wp-content\/uploads\/2025\/11\/federico-768x512.jpg 768w\" sizes=\"auto, (max-width: 1200px) 100vw, 1200px\" \/>                         <\/div>\n          <\/div>\n         \n          <div class=\"box-text text-center\" >\n                <div class=\"box-text-inner\">\n                  <h4 class=\"uppercase\">\n                    <span class=\"person-name\">Federico Boerner<\/span><br\/>\n                    <span class=\"person-title is-small thin-font op-7\">\n                      Joueur de l&#039;\u00e9quipe nationale allemande                    <\/span>\n                  <\/h4>\n\t\t\t\t\t\n\n<p style=\"text-align: justify;\">Federico Boerner est un entra\u00eeneur de beach tennis officiellement certifi\u00e9 et un joueur de comp\u00e9tition qui a remport\u00e9 des succ\u00e8s notables lors d&#8217;\u00e9v\u00e9nements nationaux et internationaux. Il a repr\u00e9sent\u00e9 l&#8217;Italie aux championnats du monde IFBT 2024, se classant parmi les premiers dans les cat\u00e9gories double et double mixte. <\/p>\n\n                <\/div>\n          <\/div>\n    <\/div>\n\n\t\n    \n\n\t\t<\/div>\n\t\t\t\t\t<\/div>\n\n\t\n\n\t<div id=\"col-1998004629\" class=\"col medium-4 small-12 large-4\"  >\n\t\t\t\t<div class=\"col-inner\"  >\n\t\t\t\n\t\t\t\n\n\n\t\t<\/div>\n\t\t\t\t\t<\/div>\n\n\t\n\n\t<div id=\"col-1420167081\" class=\"col medium-4 small-12 large-4\"  >\n\t\t\t\t<div class=\"col-inner\"  >\n\t\t\t\n\t\t\t\n\n\n\t\t<\/div>\n\t\t\t\t\t<\/div>\n\n\t\n\n<\/div>\n\n\t\t<\/div>\n\n\t\t\n<style>\n#section_2026171579 {\n  padding-top: 30px;\n  padding-bottom: 30px;\n}\n<\/style>\n\t<\/section>\n\t\n\n\t<section class=\"section\" id=\"section_1600603364\">\n\t\t<div class=\"section-bg fill\" >\n\t\t\t\t\t\t\t\t\t\n\t\t\t\n\n\t\t<\/div>\n\n\t\t\n\n\t\t<div class=\"section-content relative\">\n\t\t\t\n\n\n\t\t<\/div>\n\n\t\t\n<style>\n#section_1600603364 {\n  padding-top: 0px;\n  padding-bottom: 0px;\n}\n<\/style>\n\t<\/section>\n\t\n\n","protected":false},"excerpt":{"rendered":"","protected":false},"author":1,"featured_media":0,"parent":14106,"menu_order":0,"comment_status":"closed","ping_status":"closed","template":"page-blank.php","meta":{"footnotes":""},"categories":[474],"folder":[],"class_list":["post-13872","page","type-page","status-publish","hentry","category-beach-tennis"],"aioseo_notices":[],"_links":{"self":[{"href":"https:\/\/kontracamps.com\/fr\/wp-json\/wp\/v2\/pages\/13872","targetHints":{"allow":["GET"]}}],"collection":[{"href":"https:\/\/kontracamps.com\/fr\/wp-json\/wp\/v2\/pages"}],"about":[{"href":"https:\/\/kontracamps.com\/fr\/wp-json\/wp\/v2\/types\/page"}],"author":[{"embeddable":true,"href":"https:\/\/kontracamps.com\/fr\/wp-json\/wp\/v2\/users\/1"}],"replies":[{"embeddable":true,"href":"https:\/\/kontracamps.com\/fr\/wp-json\/wp\/v2\/comments?post=13872"}],"version-history":[{"count":2,"href":"https:\/\/kontracamps.com\/fr\/wp-json\/wp\/v2\/pages\/13872\/revisions"}],"predecessor-version":[{"id":13967,"href":"https:\/\/kontracamps.com\/fr\/wp-json\/wp\/v2\/pages\/13872\/revisions\/13967"}],"up":[{"embeddable":true,"href":"https:\/\/kontracamps.com\/fr\/wp-json\/wp\/v2\/pages\/14106"}],"wp:attachment":[{"href":"https:\/\/kontracamps.com\/fr\/wp-json\/wp\/v2\/media?parent=13872"}],"wp:term":[{"taxonomy":"category","embeddable":true,"href":"https:\/\/kontracamps.com\/fr\/wp-json\/wp\/v2\/categories?post=13872"},{"taxonomy":"folder","embeddable":true,"href":"https:\/\/kontracamps.com\/fr\/wp-json\/wp\/v2\/folder?post=13872"}],"curies":[{"name":"wp","href":"https:\/\/api.w.org\/{rel}","templated":true}]}}