{"id":13969,"date":"2025-12-13T17:35:00","date_gmt":"2025-12-13T16:35:00","guid":{"rendered":"https:\/\/kontracamps.com\/padel\/niveaux-de-competence-en-padel\/"},"modified":"2026-04-10T12:18:57","modified_gmt":"2026-04-10T10:18:57","slug":"niveaux-de-competence-en-padel","status":"publish","type":"page","link":"https:\/\/kontracamps.com\/fr\/padel\/niveaux-de-competence-en-padel\/","title":{"rendered":"Niveaux de comp\u00e9tence en padel"},"content":{"rendered":"\n  <div id=\"page-header-981135442\" class=\"page-header-wrapper\">\n  <div class=\"page-title dark normal-title\">\n\n        <div class=\"page-title-bg\">\n      <div class=\"title-bg fill bg-fill\"\n        data-parallax-container=\".page-title\"\n        data-parallax-background\n        data-parallax=\"-\">\n      <\/div>\n      <div class=\"title-overlay fill\"><\/div>\n    <\/div>\n    \n    <div class=\"page-title-inner container align-center text-center flex-row-col medium-flex-wrap\" >\n              <div class=\"title-wrapper flex-col\">\n          <h1 class=\"entry-title mb-0\">\n            Niveaux de comp\u00e9tence en padel          <\/h1>\n        <\/div>\n                    <div class=\"title-content flex-col\">\n        <ul class=\"nav sm-touch-scroll nav-line nav-uppercase text-center nav-center\"><li class=\"nav-single-page hidden\"><\/li><\/ul>      <\/div>\n    <\/div>\n\n     \n<style>\n#page-header-981135442 .page-title-inner {\n  min-height: 100px;\n}\n#page-header-981135442 .normal-title {\n  background-color: #01224d;\n}\n<\/style>\n  <\/div>\n    <\/div>\n  \n\n\t<div id=\"gap-1021295798\" class=\"gap-element clearfix\" style=\"display:block; height:auto;\">\n\t\t\n<style>\n#gap-1021295798 {\n  padding-top: 60px;\n}\n<\/style>\n\t<\/div>\n\t\n\n\n\n\t<section class=\"section dark\" id=\"section_552301618\">\n\t\t<div class=\"section-bg fill\" >\n\t\t\t\t\t\t\t\t\t\n\t\t\t\n\n\t\t<\/div>\n\n\t\t\n\n\t\t<div class=\"section-content relative\">\n\t\t\t\n\n\t<div id=\"gap-544736431\" class=\"gap-element clearfix\" style=\"display:block; height:auto;\">\n\t\t\n<style>\n#gap-544736431 {\n  padding-top: 30px;\n}\n<\/style>\n\t<\/div>\n\t\n\n<div class=\"row row-large\"  id=\"row-323311283\">\n\n\n\t<div id=\"col-2055330681\" class=\"col medium-6 small-12 large-6\"  >\n\t\t\t\t<div class=\"col-inner\"  >\n\t\t\t\n\t\t\t\n\n<p style=\"text-align: justify;\">Vous trouverez ci-dessous les niveaux avec leur description. Lorsque vous vous inscrivez au camp ou \u00e0 la formation, veuillez s\u00e9lectionner le niveau qui vous convient le mieux. Si vous \u00eates entre deux niveaux, choisissez le plus bas.    <\/p>\n\n\n\t\t<\/div>\n\t\t\t\t\t<\/div>\n\n\t\n\n\t<div id=\"col-243825045\" class=\"col medium-6 small-12 large-6\"  >\n\t\t\t\t<div class=\"col-inner\"  >\n\t\t\t\n\t\t\t\n\n\t<div id=\"gap-148541162\" class=\"gap-element clearfix\" style=\"display:block; height:auto;\">\n\t\t\n<style>\n#gap-148541162 {\n  padding-top: 5px;\n}\n<\/style>\n\t<\/div>\n\t\n\n\t<div id=\"text-2647252368\" class=\"text\">\n\t\t\n\n<h2 style=\"text-align: center;\"><span style=\"color: #ffff00;\">IMPORTANT<\/span><\/h2>\n<p style=\"text-align: justify;\"><span style=\"color: #ffff00;\">Si vous surestimez consid\u00e9rablement votre niveau de comp\u00e9tence, vous serez g\u00e9n\u00e9ralement plac\u00e9 dans un groupe inf\u00e9rieur \u00e0 votre niveau r\u00e9el apr\u00e8s la premi\u00e8re session de formation.<\/span><\/p>\n\t\t\n<style>\n#text-2647252368 {\n  color: rgb(255,255,255);\n}\n#text-2647252368 > * {\n  color: rgb(255,255,255);\n}\n<\/style>\n\t<\/div>\n\t\n\n\t\t<\/div>\n\t\t\t\t\t<\/div>\n\n\t\n\n<\/div>\n\t<div id=\"gap-1250342456\" class=\"gap-element clearfix\" style=\"display:block; height:auto;\">\n\t\t\n<style>\n#gap-1250342456 {\n  padding-top: 110px;\n}\n@media (min-width:550px) {\n  #gap-1250342456 {\n    padding-top: 120px;\n  }\n}\n@media (min-width:850px) {\n  #gap-1250342456 {\n    padding-top: 100px;\n  }\n}\n<\/style>\n\t<\/div>\n\t\n\n\n\t\t<\/div>\n\n\t\t\n<style>\n#section_552301618 {\n  padding-top: 60px;\n  padding-bottom: 60px;\n  background-color: #01193a;\n}\n@media (min-width:850px) {\n  #section_552301618 {\n    padding-top: 30px;\n    padding-bottom: 30px;\n  }\n}\n<\/style>\n\t<\/section>\n\t\n\n\t<section class=\"section\" id=\"section_486904001\">\n\t\t<div class=\"section-bg fill\" >\n\t\t\t\t\t\t\t\t\t\n\t\t\t\n\n\t\t<\/div>\n\n\t\t\n\n\t\t<div class=\"section-content relative\">\n\t\t\t\n\n<div class=\"row\"  id=\"row-927040320\">\n\n\n\t<div id=\"col-1965248531\" class=\"col small-12 large-12\"  >\n\t\t\t\t<div class=\"col-inner\"  >\n\t\t\t\n\t\t\t\n\n<div class=\"row align-equal align-center\"  id=\"row-467932257\">\n\n\n\t<div id=\"col-504008029\" class=\"col medium-4 small-12 large-8\"  >\n\t\t\t\t<div class=\"col-inner text-left\"  >\n\t\t\t\n\t\t\t\n\n\t<div id=\"text-3220063270\" class=\"text\">\n\t\t\n\n<h2><span style=\"color: #000080;\"><strong>NIVEAUX<\/strong><\/span><\/h2>\n\n\t\t\n<style>\n#text-3220063270 {\n  text-align: center;\n}\n<\/style>\n\t<\/div>\n\t\n<div class=\"accordion\">\n\n\t<div id=\"accordion-4097299448\" class=\"accordion-item\">\n\t\t<a id=\"accordion-4097299448-label\" class=\"accordion-title plain\" href=\"#accordion-item-c---d\u00c9butant\" aria-expanded=\"false\" aria-controls=\"accordion-4097299448-content\">\n\t\t\t<button class=\"toggle\" aria-label=\"Basculer\"><i class=\"icon-angle-down\" aria-hidden=\"true\"><\/i><\/button>\n\t\t\t<span>C - D\u00c9BUTANT<\/span>\n\t\t<\/a>\n\t\t<div id=\"accordion-4097299448-content\" class=\"accordion-inner\" aria-labelledby=\"accordion-4097299448-label\">\n\t\t\t\n\n<ul type=\"disc\">\n<li>Je viens de commencer \u00e0 jouer (0-6 mois) ou je n&#8217;ai jamais jou\u00e9.<\/li>\n<li>Je me bats pour que les rassemblements se poursuivent.<\/li>\n<li>Je n&#8217;ai pas d&#8217;exp\u00e9rience dans les sports de raquette.<\/li>\n<li>J&#8217;apprends les bases et les coups fondamentaux.<\/li>\n<\/ul>\n\n\n\t\t<\/div>\n\t<\/div>\n\t\n\t<div id=\"accordion-3434862652\" class=\"accordion-item\">\n\t\t<a id=\"accordion-3434862652-label\" class=\"accordion-title plain\" href=\"#accordion-item-cc---loisirs\" aria-expanded=\"false\" aria-controls=\"accordion-3434862652-content\">\n\t\t\t<button class=\"toggle\" aria-label=\"Basculer\"><i class=\"icon-angle-down\" aria-hidden=\"true\"><\/i><\/button>\n\t\t\t<span>CC - LOISIRS<\/span>\n\t\t<\/a>\n\t\t<div id=\"accordion-3434862652-content\" class=\"accordion-inner\" aria-labelledby=\"accordion-3434862652-label\">\n\t\t\t\n\n<ul type=\"disc\">\n<li>Je joue r\u00e9guli\u00e8rement depuis environ un an.<\/li>\n<li>J&#8217;ai une bonne ma\u00eetrise des coups de base.<\/li>\n<li>J&#8217;ai encore du mal avec les murs et le jeu rapide.<\/li>\n<li>Je participe \u00e0 des matchs occasionnels et \u00e0 des championnats pour d\u00e9butants.<\/li>\n<\/ul>\n\n\t\t<\/div>\n\t<\/div>\n\t\n\t<div id=\"accordion-2889494864\" class=\"accordion-item\">\n\t\t<a id=\"accordion-2889494864-label\" class=\"accordion-title plain\" href=\"#accordion-item-b---interm\u00c9diaire\" aria-expanded=\"false\" aria-controls=\"accordion-2889494864-content\">\n\t\t\t<button class=\"toggle\" aria-label=\"Basculer\"><i class=\"icon-angle-down\" aria-hidden=\"true\"><\/i><\/button>\n\t\t\t<span>B - INTERM\u00c9DIAIRE<\/span>\n\t\t<\/a>\n\t\t<div id=\"accordion-2889494864-content\" class=\"accordion-inner\" aria-labelledby=\"accordion-2889494864-label\">\n\t\t\t\n\n<ul type=\"disc\">\n<li>Je joue depuis 1,5 \u00e0 3 ans. Je m&#8217;am\u00e9liore au niveau du rythme et des rebonds muraux. <\/li>\n<li>Je participe \u00e0 des tournois amateurs et je gagne parfois des manches.<\/li>\n<li>Je d\u00e9veloppe des tactiques et j&#8217;apprends \u00e0 lire le jeu.<\/li>\n<\/ul>\n\n\t\t<\/div>\n\t<\/div>\n\t\n\t<div id=\"accordion-2610197761\" class=\"accordion-item\">\n\t\t<a id=\"accordion-2610197761-label\" class=\"accordion-title plain\" href=\"#accordion-item-bb---avanc\u00c9\" aria-expanded=\"false\" aria-controls=\"accordion-2610197761-content\">\n\t\t\t<button class=\"toggle\" aria-label=\"Basculer\"><i class=\"icon-angle-down\" aria-hidden=\"true\"><\/i><\/button>\n\t\t\t<span>BB - AVANC\u00c9<\/span>\n\t\t<\/a>\n\t\t<div id=\"accordion-2610197761-content\" class=\"accordion-inner\" aria-labelledby=\"accordion-2610197761-label\">\n\t\t\t\n\n<ul type=\"disc\">\n<li>Je joue r\u00e9guli\u00e8rement et je m&#8217;entra\u00eene r\u00e9guli\u00e8rement.<\/li>\n<li>Je joue couramment \u00e0 un bon rythme, je d\u00e9fends bien et je contr\u00f4le les \u00e9changes.<\/li>\n<li>Je participe \u00e0 des tournois.<\/li>\n<li>Je comprends les tactiques avanc\u00e9es et la dynamique des partenaires.<\/li>\n<\/ul>\n\n\t\t<\/div>\n\t<\/div>\n\t\n\t<div id=\"accordion-3929896631\" class=\"accordion-item\">\n\t\t<a id=\"accordion-3929896631-label\" class=\"accordion-title plain\" href=\"#accordion-item-a---semi-professionnel\" aria-expanded=\"false\" aria-controls=\"accordion-3929896631-content\">\n\t\t\t<button class=\"toggle\" aria-label=\"Basculer\"><i class=\"icon-angle-down\" aria-hidden=\"true\"><\/i><\/button>\n\t\t\t<span>A - SEMI-PROFESSIONNEL<\/span>\n\t\t<\/a>\n\t\t<div id=\"accordion-3929896631-content\" class=\"accordion-inner\" aria-labelledby=\"accordion-3929896631-label\">\n\t\t\t\n\n<ul type=\"disc\">\n<li>J&#8217;ai jou\u00e9 pendant au moins 5 ans \u00e0 haute intensit\u00e9.<\/li>\n<li>Ma technique est solide et j&#8217;ai confiance en moi dans toutes les zones du terrain.<\/li>\n<li>Je me mesure r\u00e9guli\u00e8rement aux meilleurs joueurs du club.<\/li>\n<li>Je gagne souvent des tournois.<\/li>\n<\/ul>\n\n\t\t<\/div>\n\t<\/div>\n\t\n\t<div id=\"accordion-2442323231\" class=\"accordion-item\">\n\t\t<a id=\"accordion-2442323231-label\" class=\"accordion-title plain\" href=\"#accordion-item-aa---pro\" aria-expanded=\"false\" aria-controls=\"accordion-2442323231-content\">\n\t\t\t<button class=\"toggle\" aria-label=\"Basculer\"><i class=\"icon-angle-down\" aria-hidden=\"true\"><\/i><\/button>\n\t\t\t<span>AA - PRO<\/span>\n\t\t<\/a>\n\t\t<div id=\"accordion-2442323231-content\" class=\"accordion-inner\" aria-labelledby=\"accordion-2442323231-label\">\n\t\t\t\n\n<ul type=\"disc\">\n<li>Je participe \u00e0 des tournois nationaux et\/ou internationaux de haut niveau (1\u00e8re cat\u00e9gorie).<\/li>\n<li>J&#8217;ai un jeu tr\u00e8s rapide, un r\u00e9pertoire de coups complet et une ma\u00eetrise strat\u00e9gique.<\/li>\n<li>Je pourrais devenir entra\u00eeneur ou participer \u00e0 des comp\u00e9titions professionnelles.<\/li>\n<\/ul>\n\n\t\t<\/div>\n\t<\/div>\n\t\n\n<\/div>\n\n\t\t<\/div>\n\t\t\t\t\t<\/div>\n\n\t\n\n\n<style>\n#row-467932257 > .col > .col-inner {\n  padding: 40px 40px 50px 40px;\n  background-color: rgb(255,255,255);\n}\n@media (min-width:550px) {\n  #row-467932257 > .col > .col-inner {\n    padding: 20px 20px 40px 20px;\n  }\n}\n@media (min-width:850px) {\n  #row-467932257 > .col > .col-inner {\n    padding: 20px 10px 20px 10px;\n  }\n}\n<\/style>\n<\/div>\n\n\t\t<\/div>\n\t\t\t\t\n<style>\n#col-1965248531 > .col-inner {\n  margin: -190px 0px 0px 0px;\n}\n<\/style>\n\t<\/div>\n\n\t\n\n<\/div>\n\n\t\t<\/div>\n\n\t\t\n<style>\n#section_486904001 {\n  padding-top: 40px;\n  padding-bottom: 40px;\n  background-color: rgb(223, 241, 255);\n}\n@media (min-width:850px) {\n  #section_486904001 {\n    padding-top: 60px;\n    padding-bottom: 60px;\n  }\n}\n<\/style>\n\t<\/section>\n\t\n\n","protected":false},"excerpt":{"rendered":"","protected":false},"author":1,"featured_media":0,"parent":13766,"menu_order":0,"comment_status":"closed","ping_status":"closed","template":"page-blank.php","meta":{"footnotes":""},"categories":[468],"folder":[],"class_list":["post-13969","page","type-page","status-publish","hentry","category-padel"],"aioseo_notices":[],"_links":{"self":[{"href":"https:\/\/kontracamps.com\/fr\/wp-json\/wp\/v2\/pages\/13969","targetHints":{"allow":["GET"]}}],"collection":[{"href":"https:\/\/kontracamps.com\/fr\/wp-json\/wp\/v2\/pages"}],"about":[{"href":"https:\/\/kontracamps.com\/fr\/wp-json\/wp\/v2\/types\/page"}],"author":[{"embeddable":true,"href":"https:\/\/kontracamps.com\/fr\/wp-json\/wp\/v2\/users\/1"}],"replies":[{"embeddable":true,"href":"https:\/\/kontracamps.com\/fr\/wp-json\/wp\/v2\/comments?post=13969"}],"version-history":[{"count":1,"href":"https:\/\/kontracamps.com\/fr\/wp-json\/wp\/v2\/pages\/13969\/revisions"}],"predecessor-version":[{"id":13970,"href":"https:\/\/kontracamps.com\/fr\/wp-json\/wp\/v2\/pages\/13969\/revisions\/13970"}],"up":[{"embeddable":true,"href":"https:\/\/kontracamps.com\/fr\/wp-json\/wp\/v2\/pages\/13766"}],"wp:attachment":[{"href":"https:\/\/kontracamps.com\/fr\/wp-json\/wp\/v2\/media?parent=13969"}],"wp:term":[{"taxonomy":"category","embeddable":true,"href":"https:\/\/kontracamps.com\/fr\/wp-json\/wp\/v2\/categories?post=13969"},{"taxonomy":"folder","embeddable":true,"href":"https:\/\/kontracamps.com\/fr\/wp-json\/wp\/v2\/folder?post=13969"}],"curies":[{"name":"wp","href":"https:\/\/api.w.org\/{rel}","templated":true}]}}