{"id":14106,"date":"2025-10-12T10:57:11","date_gmt":"2025-10-12T08:57:11","guid":{"rendered":"https:\/\/kontracamps.com\/beach-tennis\/"},"modified":"2026-04-10T12:20:08","modified_gmt":"2026-04-10T10:20:08","slug":"beach-tennis","status":"publish","type":"page","link":"https:\/\/kontracamps.com\/fr\/beach-tennis\/","title":{"rendered":"Beach Tennis"},"content":{"rendered":"\n\n\t<section class=\"section dark\" id=\"section_120171177\">\n\t\t<div class=\"section-bg fill\" >\n\t\t\t<img loading=\"lazy\" decoding=\"async\" width=\"2000\" height=\"1336\" src=\"https:\/\/kontracamps.com\/wp-content\/uploads\/2025\/10\/DSC0412-193.jpg\" class=\"bg attachment-original size-original\" alt=\"\" \/>\t\t\t\t\t\t\n\t\t\t\n\n\t\t<\/div>\n\n\t\t\n\n\t\t<div class=\"section-content relative\">\n\t\t\t\n\n<div class=\"row align-bottom align-center\"  id=\"row-1650766366\">\n\n\n\t<div id=\"col-406141518\" class=\"col small-12 large-12\"  >\n\t\t\t\t<div class=\"col-inner text-center\"  >\n\t\t\t\n\t\t\t\n\n\t<div id=\"text-1553733150\" class=\"text\">\n\t\t\n\n<h1 style=\"font-family: 'Montserrat', sans-serif; font-weight: bold; text-shadow: 5px 5px 5px #000;\">CAMPS DE BEACH TENNIS<br>2025 | 2026<\/h1>\n\t\t\n<style>\n#text-1553733150 {\n  font-size: 0.85rem;\n  text-align: center;\n  color: rgb(255, 255, 255);\n}\n#text-1553733150 > * {\n  color: rgb(255, 255, 255);\n}\n@media (min-width:550px) {\n  #text-1553733150 {\n    font-size: 1.6rem;\n  }\n}\n<\/style>\n\t<\/div>\n\t\n\t<div id=\"gap-811026366\" class=\"gap-element clearfix show-for-small\" style=\"display:block; height:auto;\">\n\t\t\n<style>\n#gap-811026366 {\n  padding-top: 100px;\n}\n@media (min-width:550px) {\n  #gap-811026366 {\n    padding-top: 200px;\n  }\n}\n<\/style>\n\t<\/div>\n\t\n\n\t<div id=\"gap-173484758\" class=\"gap-element clearfix hide-for-medium\" style=\"display:block; height:auto;\">\n\t\t\n<style>\n#gap-173484758 {\n  padding-top: 100px;\n}\n@media (min-width:550px) {\n  #gap-173484758 {\n    padding-top: 200px;\n  }\n}\n<\/style>\n\t<\/div>\n\t\n\n\n\t\t<\/div>\n\t\t\t\t\n<style>\n#col-406141518 > .col-inner {\n  padding: 0px 0px 0px 0px;\n}\n<\/style>\n\t<\/div>\n\n\t\n\n<\/div>\n<div class=\"row align-bottom align-center\"  id=\"row-1266487744\">\n\n\n\t<div id=\"col-1624516898\" class=\"col small-12 large-12\"  >\n\t\t\t\t<div class=\"col-inner text-center dark\"  >\n\t\t\t\n\t\t\t\n\n\t<div id=\"text-1607357849\" class=\"text shadow\">\n\t\t\n\n<h4 style=\"font-family: 'Montserrat', sans-serif; font-weight: bold; text-shadow: 5px 5px 5px #000;\">Voir nos prochains camps<\/h4>\n\t\t\n<style>\n#text-1607357849 {\n  font-size: 1.2rem;\n  line-height: 0.8;\n  text-align: center;\n  color: rgb(255, 255, 255);\n}\n#text-1607357849 > * {\n  color: rgb(255, 255, 255);\n}\n@media (min-width:550px) {\n  #text-1607357849 {\n    font-size: 0.75rem;\n    text-align: center;\n  }\n}\n@media (min-width:850px) {\n  #text-1607357849 {\n    font-size: 1.75rem;\n  }\n}\n<\/style>\n\t<\/div>\n\t\n<a href=\"https:\/\/kontracamps.com\/beach-tennis\/beach-tennis-camps\/\" class=\"button primary\" >\n\t\t<span>cliquez ici<\/span>\n\t<\/a>\n\n\n\n\t\t<\/div>\n\t\t\t\t\t<\/div>\n\n\t\n\n<\/div>\n\n\t\t<\/div>\n\n\t\t\n<style>\n#section_120171177 {\n  padding-top: 20px;\n  padding-bottom: 20px;\n  min-height: 300px;\n}\n#section_120171177 .section-bg img {\n  object-position: Relative;\n}\n@media (min-width:550px) {\n  #section_120171177 {\n    padding-top: 30px;\n    padding-bottom: 30px;\n    min-height: 700px;\n  }\n}\n<\/style>\n\t<\/section>\n\t\n\n\t<section class=\"section\" id=\"section_1363630214\">\n\t\t<div class=\"section-bg fill\" >\n\t\t\t\t\t\t\t\t\t\n\t\t\t\n\n\t\t<\/div>\n\n\t\t\n\n\t\t<div class=\"section-content relative\">\n\t\t\t\n\n<div class=\"row align-center\"  id=\"row-760861805\">\n\n\n\t<div id=\"col-1460750929\" class=\"col medium-8 small-12 large-8\"  >\n\t\t\t\t<div class=\"col-inner text-center\"  >\n\t\t\t\n\t\t\t\n\n\t<div id=\"text-2074364744\" class=\"text\">\n\t\t\n\n<p> <\/p>\n<h2 class=\"uppercase\">Camps de tennis de plage Europe 2025-2026<\/h2>\n<p style=\"text-align: center;\">Vous aimez les vacances actives ? Vous \u00eates passionn\u00e9 de beach tennis et souhaitez am\u00e9liorer vos comp\u00e9tences ? Ou vous voulez simplement d\u00e9couvrir ce beau sport ? Rejoignez l&#8217;un de nos camps de beach tennis !   <\/p>\n\t\t\n<style>\n#text-2074364744 {\n  line-height: 1.5;\n}\n<\/style>\n\t<\/div>\n\t\n\n\t\t<\/div>\n\t\t\t\t\t<\/div>\n\n\t\n\n<\/div>\n\n\t\t<\/div>\n\n\t\t\n<style>\n#section_1363630214 {\n  padding-top: 10px;\n  padding-bottom: 10px;\n  min-height: 300px;\n}\n@media (min-width:550px) {\n  #section_1363630214 {\n    padding-top: 60px;\n    padding-bottom: 60px;\n    min-height: 300px;\n  }\n}\n<\/style>\n\t<\/section>\n\t\n\n\t<section class=\"section\" id=\"section_2141400363\">\n\t\t<div class=\"section-bg fill\" >\n\t\t\t\t\t\t\t\t\t\n\t\t\t\n\n\t\t<\/div>\n\n\t\t\n\n\t\t<div class=\"section-content relative\">\n\t\t\t\n\n<div class=\"row row-large align-center\" style=\"max-width:90%\" id=\"row-1693984268\">\n\n\n\t<div id=\"col-448150487\" class=\"col medium-3 small-6 large-3\"  >\n\t\t\t\t<div class=\"col-inner text-center dark\"  >\n\t\t\t\n\t\t\t\n\n\t<div class=\"img has-hover x md-x lg-x y md-y lg-y\" id=\"image_1317773611\">\n\t\t\t\t\t\t<div data-animate=\"flipInY\">\t\t<div class=\"img-inner dark\" >\n\t\t\t<img loading=\"lazy\" decoding=\"async\" width=\"160\" height=\"160\" src=\"https:\/\/kontracamps.com\/wp-content\/uploads\/2025\/09\/small-groups-160x160.png\" class=\"attachment-thumbnail size-thumbnail\" alt=\"\" title=\"small groups\" srcset=\"https:\/\/kontracamps.com\/wp-content\/uploads\/2025\/09\/small-groups-160x160.png 160w, https:\/\/kontracamps.com\/wp-content\/uploads\/2025\/09\/small-groups-100x100.png 100w, https:\/\/kontracamps.com\/wp-content\/uploads\/2025\/09\/small-groups-600x600.png 600w, https:\/\/kontracamps.com\/wp-content\/uploads\/2025\/09\/small-groups-640x640.png 640w, https:\/\/kontracamps.com\/wp-content\/uploads\/2025\/09\/small-groups-768x768.png 768w, https:\/\/kontracamps.com\/wp-content\/uploads\/2025\/09\/small-groups-50x50.png 50w, https:\/\/kontracamps.com\/wp-content\/uploads\/2025\/09\/small-groups.png 800w\" sizes=\"auto, (max-width: 160px) 100vw, 160px\" \/>\t\t\t\t\t\t\n\t\t\t\t\t<\/div>\n\t\t<\/div>\t\t\t\t\t\t\n<style>\n#image_1317773611 {\n  width: 68%;\n}\n<\/style>\n\t<\/div>\n\t\n\n\t<div id=\"text-1636831023\" class=\"text\">\n\t\t\n\n<p style=\"font-weight: 600;\">Des personnes du monde entier<\/p>\n\t\t\n<style>\n#text-1636831023 {\n  font-size: 1.1rem;\n  line-height: 1;\n  text-align: center;\n  color: #01224d;\n}\n#text-1636831023 > * {\n  color: #01224d;\n}\n@media (min-width:550px) {\n  #text-1636831023 {\n    line-height: 1.2;\n  }\n}\n<\/style>\n\t<\/div>\n\t\n\t<div id=\"text-70931486\" class=\"text\">\n\t\t\n\n<p>formation en anglais<\/p>\n\t\t\n<style>\n#text-70931486 {\n  line-height: 1.2;\n  text-align: center;\n  color: rgb(119, 119, 119);\n}\n#text-70931486 > * {\n  color: rgb(119, 119, 119);\n}\n<\/style>\n\t<\/div>\n\t\n\n\t\t<\/div>\n\t\t\t\t\t<\/div>\n\n\t\n\n\t<div id=\"col-2054763359\" class=\"col medium-3 small-6 large-3\"  >\n\t\t\t\t<div class=\"col-inner text-center dark\"  >\n\t\t\t\n\t\t\t\n\n\t<div class=\"img has-hover x md-x lg-x y md-y lg-y\" id=\"image_828408658\">\n\t\t\t\t\t\t<div data-animate=\"flipInY\">\t\t<div class=\"img-inner dark\" >\n\t\t\t<img loading=\"lazy\" decoding=\"async\" width=\"160\" height=\"160\" src=\"https:\/\/kontracamps.com\/wp-content\/uploads\/2025\/09\/tournament-160x160.png\" class=\"attachment-thumbnail size-thumbnail\" alt=\"\" title=\"tournament\" srcset=\"https:\/\/kontracamps.com\/wp-content\/uploads\/2025\/09\/tournament-160x160.png 160w, https:\/\/kontracamps.com\/wp-content\/uploads\/2025\/09\/tournament-100x100.png 100w, https:\/\/kontracamps.com\/wp-content\/uploads\/2025\/09\/tournament-600x600.png 600w, https:\/\/kontracamps.com\/wp-content\/uploads\/2025\/09\/tournament-640x640.png 640w, https:\/\/kontracamps.com\/wp-content\/uploads\/2025\/09\/tournament-768x768.png 768w, https:\/\/kontracamps.com\/wp-content\/uploads\/2025\/09\/tournament-50x50.png 50w, https:\/\/kontracamps.com\/wp-content\/uploads\/2025\/09\/tournament.png 800w\" sizes=\"auto, (max-width: 160px) 100vw, 160px\" \/>\t\t\t\t\t\t\n\t\t\t\t\t<\/div>\n\t\t<\/div>\t\t\t\t\t\t\n<style>\n#image_828408658 {\n  width: 68%;\n}\n<\/style>\n\t<\/div>\n\t\n\n\t<div id=\"text-2816888689\" class=\"text\">\n\t\t\n\n<p style=\"font-weight: 600;\">Un coaching de qualit\u00e9<\/p>\n\t\t\n<style>\n#text-2816888689 {\n  font-size: 1.1rem;\n  line-height: 1;\n  color: #01224d;\n}\n#text-2816888689 > * {\n  color: #01224d;\n}\n@media (min-width:550px) {\n  #text-2816888689 {\n    line-height: 1.2;\n  }\n}\n<\/style>\n\t<\/div>\n\t\n\t<div id=\"text-3817463508\" class=\"text\">\n\t\t\n\n<p>approche individuelle<\/p>\n\t\t\n<style>\n#text-3817463508 {\n  line-height: 1.2;\n  text-align: center;\n  color: rgb(119, 119, 119);\n}\n#text-3817463508 > * {\n  color: rgb(119, 119, 119);\n}\n<\/style>\n\t<\/div>\n\t\n\n\t\t<\/div>\n\t\t\t\t\t<\/div>\n\n\t\n\n\t<div id=\"col-916237990\" class=\"col medium-3 small-6 large-3\"  >\n\t\t\t\t<div class=\"col-inner text-center dark\"  >\n\t\t\t\n\t\t\t\n\n\t<div class=\"img has-hover x md-x lg-x y md-y lg-y\" id=\"image_826585187\">\n\t\t\t\t\t\t<div data-animate=\"flipInY\">\t\t<div class=\"img-inner dark\" >\n\t\t\t<img loading=\"lazy\" decoding=\"async\" width=\"160\" height=\"160\" src=\"https:\/\/kontracamps.com\/wp-content\/uploads\/2025\/09\/for-all-levels-160x160.png\" class=\"attachment-thumbnail size-thumbnail\" alt=\"\" title=\"for all levels\" srcset=\"https:\/\/kontracamps.com\/wp-content\/uploads\/2025\/09\/for-all-levels-160x160.png 160w, https:\/\/kontracamps.com\/wp-content\/uploads\/2025\/09\/for-all-levels-100x100.png 100w, https:\/\/kontracamps.com\/wp-content\/uploads\/2025\/09\/for-all-levels-600x600.png 600w, https:\/\/kontracamps.com\/wp-content\/uploads\/2025\/09\/for-all-levels-640x640.png 640w, https:\/\/kontracamps.com\/wp-content\/uploads\/2025\/09\/for-all-levels-768x768.png 768w, https:\/\/kontracamps.com\/wp-content\/uploads\/2025\/09\/for-all-levels-50x50.png 50w, https:\/\/kontracamps.com\/wp-content\/uploads\/2025\/09\/for-all-levels.png 800w\" sizes=\"auto, (max-width: 160px) 100vw, 160px\" \/>\t\t\t\t\t\t\n\t\t\t\t\t<\/div>\n\t\t<\/div>\t\t\t\t\t\t\n<style>\n#image_826585187 {\n  width: 68%;\n}\n<\/style>\n\t<\/div>\n\t\n\n\t<div id=\"text-61803347\" class=\"text\">\n\t\t\n\n<p style=\"font-weight: 600;\">Pour tous les niveaux<\/p>\n\t\t\n<style>\n#text-61803347 {\n  font-size: 1.1rem;\n  line-height: 1;\n  color: #01224d;\n}\n#text-61803347 > * {\n  color: #01224d;\n}\n@media (min-width:550px) {\n  #text-61803347 {\n    line-height: 1.2;\n  }\n}\n<\/style>\n\t<\/div>\n\t\n\t<div id=\"text-1176136723\" class=\"text\">\n\t\t\n\n<p>du d\u00e9butant au professionnel<\/p>\n\t\t\n<style>\n#text-1176136723 {\n  line-height: 1.2;\n  text-align: center;\n  color: rgb(119, 119, 119);\n}\n#text-1176136723 > * {\n  color: rgb(119, 119, 119);\n}\n<\/style>\n\t<\/div>\n\t\n\n\t\t<\/div>\n\t\t\t\t\t<\/div>\n\n\t\n\n\t<div id=\"col-1297612063\" class=\"col medium-3 small-6 large-3\"  >\n\t\t\t\t<div class=\"col-inner text-center dark\"  >\n\t\t\t\n\t\t\t\n\n\t<div class=\"img has-hover x md-x lg-x y md-y lg-y\" id=\"image_1636651685\">\n\t\t\t\t\t\t<div data-animate=\"flipInY\">\t\t<div class=\"img-inner dark\" >\n\t\t\t<img loading=\"lazy\" decoding=\"async\" width=\"160\" height=\"160\" src=\"https:\/\/kontracamps.com\/wp-content\/uploads\/2025\/09\/Skill-matched-groups-160x160.png\" class=\"attachment-thumbnail size-thumbnail\" alt=\"\" title=\"Skill-matched groups\" srcset=\"https:\/\/kontracamps.com\/wp-content\/uploads\/2025\/09\/Skill-matched-groups-160x160.png 160w, https:\/\/kontracamps.com\/wp-content\/uploads\/2025\/09\/Skill-matched-groups-100x100.png 100w, https:\/\/kontracamps.com\/wp-content\/uploads\/2025\/09\/Skill-matched-groups-600x600.png 600w, https:\/\/kontracamps.com\/wp-content\/uploads\/2025\/09\/Skill-matched-groups-640x640.png 640w, https:\/\/kontracamps.com\/wp-content\/uploads\/2025\/09\/Skill-matched-groups-768x768.png 768w, https:\/\/kontracamps.com\/wp-content\/uploads\/2025\/09\/Skill-matched-groups-50x50.png 50w, https:\/\/kontracamps.com\/wp-content\/uploads\/2025\/09\/Skill-matched-groups.png 800w\" sizes=\"auto, (max-width: 160px) 100vw, 160px\" \/>\t\t\t\t\t\t\n\t\t\t\t\t<\/div>\n\t\t<\/div>\t\t\t\t\t\t\n<style>\n#image_1636651685 {\n  width: 68%;\n}\n<\/style>\n\t<\/div>\n\t\n\n\t<div id=\"text-2802713126\" class=\"text\">\n\t\t\n\n<p style=\"font-weight: 600;\">Groupes \u00e0 comp\u00e9tences \u00e9gales<\/p>\n\t\t\n<style>\n#text-2802713126 {\n  font-size: 1.1rem;\n  line-height: 1;\n  color: #01224d;\n}\n#text-2802713126 > * {\n  color: #01224d;\n}\n@media (min-width:550px) {\n  #text-2802713126 {\n    line-height: 1.2;\n  }\n}\n<\/style>\n\t<\/div>\n\t\n\t<div id=\"text-1378430240\" class=\"text\">\n\t\t\n\n<p>v\u00e9rifi\u00e9 lors de l&#8217;inscription<\/p>\n\t\t\n<style>\n#text-1378430240 {\n  line-height: 1.2;\n  text-align: center;\n  color: rgb(119, 119, 119);\n}\n#text-1378430240 > * {\n  color: rgb(119, 119, 119);\n}\n<\/style>\n\t<\/div>\n\t\n\n\t\t<\/div>\n\t\t\t\t\t<\/div>\n\n\t\n\n<\/div>\n\n\t\t<\/div>\n\n\t\t\n<style>\n#section_2141400363 {\n  padding-top: 30px;\n  padding-bottom: 30px;\n}\n<\/style>\n\t<\/section>\n\t\n\t<div id=\"gap-1839770416\" class=\"gap-element clearfix\" style=\"display:block; height:auto;\">\n\t\t\n<style>\n#gap-1839770416 {\n  padding-top: 60px;\n}\n<\/style>\n\t<\/div>\n\t\n\n\t<div id=\"text-2840823144\" class=\"text\">\n\t\t\n\n<h2><strong>CAMPS DE BEACH TENNIS &#8211; NOTRE PHILOSOPHIE<\/strong><\/h2>\n\t\t\n<style>\n#text-2840823144 {\n  font-size: 1.1rem;\n  text-align: center;\n}\n@media (min-width:550px) {\n  #text-2840823144 {\n    font-size: 0.75rem;\n    text-align: center;\n  }\n}\n<\/style>\n\t<\/div>\n\t\n<div class=\"row\"  id=\"row-1072836426\">\n\n\n\t<div id=\"col-638832817\" class=\"col medium-6 small-12 large-6\"  >\n\t\t\t\t<div class=\"col-inner\"  >\n\t\t\t\n\t\t\t\n\n\t<div class=\"img has-hover x md-x lg-x y md-y lg-y\" id=\"image_1593309564\">\n\t\t\t\t\t\t\t\t<div class=\"img-inner dark\" >\n\t\t\t<img loading=\"lazy\" decoding=\"async\" width=\"1020\" height=\"682\" src=\"https:\/\/kontracamps.com\/wp-content\/uploads\/2025\/10\/DSC1683-108.jpg\" class=\"attachment-large size-large\" alt=\"\" srcset=\"https:\/\/kontracamps.com\/wp-content\/uploads\/2025\/10\/DSC1683-108.jpg 1200w, https:\/\/kontracamps.com\/wp-content\/uploads\/2025\/10\/DSC1683-108-600x401.jpg 600w, https:\/\/kontracamps.com\/wp-content\/uploads\/2025\/10\/DSC1683-108-640x428.jpg 640w, https:\/\/kontracamps.com\/wp-content\/uploads\/2025\/10\/DSC1683-108-768x513.jpg 768w\" sizes=\"auto, (max-width: 1020px) 100vw, 1020px\" \/>\t\t\t\t\t\t\n\t\t\t\t\t<\/div>\n\t\t\t\t\t\t\t\t\n<style>\n#image_1593309564 {\n  width: 100%;\n}\n<\/style>\n\t<\/div>\n\t\n\n\n\t\t<\/div>\n\t\t\t\t\t<\/div>\n\n\t\n\n\t<div id=\"col-511034531\" class=\"col medium-6 small-12 large-6\"  >\n\t\t\t\t<div class=\"col-inner\"  >\n\t\t\t\n\t\t\t\n\n<p style=\"text-align: justify;\" data-start=\"78\" data-end=\"507\">Dans nos camps, vous b\u00e9n\u00e9ficierez d&#8217;<strong data-start=\"131\" data-end=\"170\">un excellent entra\u00eenement avec des entra\u00eeneurs comp\u00e9tents<\/strong>. Tout le monde est le bienvenu, des <strong data-start=\"198\" data-end=\"240\">d\u00e9butants complets aux joueurs avanc\u00e9s<\/strong>. Nous veillons \u00e0 ce que les groupes aient un <strong data-start=\"269\" data-end=\"292\">niveau de comp\u00e9tence similaire<\/strong>, afin que tout le monde puisse profiter de l&#8217;entra\u00eenement. Nous n&#8217;organisons pas de grands camps surpeupl\u00e9s. <strong data-start=\"359\" data-end=\"382\" data-is-only-node=\"\">Kontra Beach Tennis<\/strong> est une fa\u00e7on amusante de s <strong data-start=\"399\" data-end=\"430\">&#8216;entra\u00eener et de jouer au beach tennis<\/strong>, de profiter des belles plages et de <strong data-start=\"461\" data-end=\"504\">rencontrer de nouvelles personnes du monde entier<\/strong>.   <\/p>\n<p style=\"text-align: justify;\" data-start=\"509\" data-end=\"765\">Nos camps proposent des <strong data-start=\"524\" data-end=\"553\">s\u00e9ances d&#8217;entra\u00eenement cibl\u00e9es<\/strong> dirig\u00e9es par des entra\u00eeneurs exp\u00e9riment\u00e9s qui se soucient de vos progr\u00e8s. Vous pouvez \u00e9galement <strong data-start=\"624\" data-end=\"649\">participer \u00e0 des tournois<\/strong>. En dehors de l&#8217;entra\u00eenement, des <strong data-start=\"679\" data-end=\"697\">activit\u00e9s amusantes<\/strong> sont organis\u00e9es : visites touristiques, d\u00e9gustation de plats locaux, quiz et courtes conf\u00e9rences.  <\/p>\n\n\t\t<\/div>\n\t\t\t\t\t<\/div>\n\n\t\n\n<\/div>\n\t<div id=\"gap-1397664718\" class=\"gap-element clearfix\" style=\"display:block; height:auto;\">\n\t\t\n<style>\n#gap-1397664718 {\n  padding-top: 60px;\n}\n<\/style>\n\t<\/div>\n\t\n\n\t<div id=\"gap-451902008\" class=\"gap-element clearfix\" style=\"display:block; height:auto;\">\n\t\t\n<style>\n#gap-451902008 {\n  padding-top: 60px;\n}\n<\/style>\n\t<\/div>\n\t\n\n\n\t<section class=\"section\" id=\"section_1212104815\">\n\t\t<div class=\"section-bg fill\" >\n\t\t\t\t\t\t\t\t\t\n\t\t\t\n\n\t\t<\/div>\n\n\t\t\n\n\t\t<div class=\"section-content relative\">\n\t\t\t\n\n<div class=\"row\"  id=\"row-1471014330\">\n\n\n\t<div id=\"col-691219521\" class=\"col medium-6 small-12 large-6\"  >\n\t\t\t\t<div class=\"col-inner\"  >\n\t\t\t\n\t\t\t\n\n\t<div id=\"text-1280429073\" class=\"text\">\n\t\t\n\n<p style=\"font-weight: 600;\">BEACH TENNIS CAMPS &#8211; PROGRAMME D&#8217;ENTRA\u00ceNEMENT<\/p>\n\t\t\n<style>\n#text-1280429073 {\n  font-size: 1.1rem;\n  text-align: center;\n  color: rgb(255, 255, 255);\n}\n#text-1280429073 > * {\n  color: rgb(255, 255, 255);\n}\n@media (min-width:550px) {\n  #text-1280429073 {\n    font-size: 0.95rem;\n    text-align: center;\n  }\n}\n<\/style>\n\t<\/div>\n\t\n\t<div id=\"text-1061309142\" class=\"text\">\n\t\t\n\n<p style=\"text-align: justify;\" data-start=\"186\" data-end=\"446\"><span style=\"color: #ffffff;\">Dans nos camps, votre am\u00e9lioration passe avant tout. Nous ne travaillons qu&#8217;avec des entra\u00eeneurs exp\u00e9riment\u00e9s et de haut niveau &#8211; beaucoup d&#8217;entre eux sont d&#8217;anciens joueurs de haut niveau ou des athl\u00e8tes qui participent encore \u00e0 des comp\u00e9titions de haut niveau. Nous nous entra\u00eenons g\u00e9n\u00e9ralement avec de petits groupes de 6 joueurs, ce qui permet \u00e0 chacun de b\u00e9n\u00e9ficier d&#8217;une attention personnelle.  <\/span><\/p>\n<p style=\"text-align: justify;\" data-start=\"448\" data-end=\"693\"><span style=\"color: #ffffff;\">Nos entra\u00eeneurs ne suivent pas un programme strict &#8211; ils adaptent les exercices, la dur\u00e9e des s\u00e9ances et l&#8217;intensit\u00e9 \u00e0 vos besoins et \u00e0 votre niveau. Dans les camps de tennis de Kontra Beach, nous comptons sur l&#8217;exp\u00e9rience de nos entra\u00eeneurs pour vous aider \u00e0 apprendre, \u00e0 vous am\u00e9liorer et \u00e0 appr\u00e9cier le jeu. <\/span><\/p>\n\t\t\n<style>\n#text-1061309142 {\n  text-align: center;\n  color: #ffffff;\n}\n#text-1061309142 > * {\n  color: #ffffff;\n}\n<\/style>\n\t<\/div>\n\t\n\n\t\t<\/div>\n\t\t\t\t\t<\/div>\n\n\t\n\n\t<div id=\"col-734306223\" class=\"col medium-6 small-12 large-6\"  >\n\t\t\t\t<div class=\"col-inner\"  >\n\t\t\t\n\t\t\t\n\n\t<div class=\"img has-hover x md-x lg-x y md-y lg-y\" id=\"image_1239311229\">\n\t\t\t\t\t\t\t\t<div class=\"img-inner dark\" >\n\t\t\t<img loading=\"lazy\" decoding=\"async\" width=\"1020\" height=\"682\" src=\"https:\/\/kontracamps.com\/wp-content\/uploads\/2025\/10\/DSC7165-16.jpg\" class=\"attachment-large size-large\" alt=\"\" srcset=\"https:\/\/kontracamps.com\/wp-content\/uploads\/2025\/10\/DSC7165-16.jpg 1200w, https:\/\/kontracamps.com\/wp-content\/uploads\/2025\/10\/DSC7165-16-600x401.jpg 600w, https:\/\/kontracamps.com\/wp-content\/uploads\/2025\/10\/DSC7165-16-640x428.jpg 640w, https:\/\/kontracamps.com\/wp-content\/uploads\/2025\/10\/DSC7165-16-768x513.jpg 768w\" sizes=\"auto, (max-width: 1020px) 100vw, 1020px\" \/>\t\t\t\t\t\t\n\t\t\t\t\t<\/div>\n\t\t\t\t\t\t\t\t\n<style>\n#image_1239311229 {\n  width: 100%;\n}\n<\/style>\n\t<\/div>\n\t\n\n\n\t\t<\/div>\n\t\t\t\t\t<\/div>\n\n\t\n\n<\/div>\n\n\t\t<\/div>\n\n\t\t\n<style>\n#section_1212104815 {\n  padding-top: 20px;\n  padding-bottom: 20px;\n  background-color: #000951;\n}\n@media (min-width:550px) {\n  #section_1212104815 {\n    padding-top: 30px;\n    padding-bottom: 30px;\n  }\n}\n<\/style>\n\t<\/section>\n\t\n\t<div id=\"gap-2136178740\" class=\"gap-element clearfix\" style=\"display:block; height:auto;\">\n\t\t\n<style>\n#gap-2136178740 {\n  padding-top: 60px;\n}\n<\/style>\n\t<\/div>\n\t\n\n<div class=\"row\"  id=\"row-2117233155\">\n\n\n\t<div id=\"col-204504791\" class=\"col medium-6 small-12 large-6\"  >\n\t\t\t\t<div class=\"col-inner\"  >\n\t\t\t\n\t\t\t\n\n\t<div id=\"text-231711919\" class=\"text\">\n\t\t\n\n<h2 style=\"font-weight: 600;\">CAMPS DE BEACH TENNIS 2025\/2026<\/h2>\n\t\t\n<style>\n#text-231711919 {\n  font-size: 1.1rem;\n  text-align: center;\n}\n@media (min-width:550px) {\n  #text-231711919 {\n    font-size: 0.75rem;\n    text-align: center;\n  }\n}\n<\/style>\n\t<\/div>\n\t\n\t<div id=\"text-1748935206\" class=\"text\">\n\t\t\n\n<p class=\"thin-font\" style=\"text-align: justify;\">Janvier | Sharm el Sheikh &#8211; Egypte | 24-31 janvier 2026<br>Mars\/Avril | Benidorm | TBC<\/p>\n\t\t\n<style>\n#text-1748935206 {\n  line-height: 1.9;\n}\n<\/style>\n\t<\/div>\n\t\n\n\t\t<\/div>\n\t\t\t\t\t<\/div>\n\n\t\n\n\t<div id=\"col-1363559892\" class=\"col medium-6 small-12 large-6\"  >\n\t\t\t\t<div class=\"col-inner\"  >\n\t\t\t\n\t\t\t\n\n\t<div class=\"img has-hover x md-x lg-x y md-y lg-y\" id=\"image_324207138\">\n\t\t\t\t\t\t\t\t<div class=\"img-inner dark\" >\n\t\t\t<img loading=\"lazy\" decoding=\"async\" width=\"1020\" height=\"765\" src=\"https:\/\/kontracamps.com\/wp-content\/uploads\/2025\/10\/Spala_Valentines_camp-389.jpg\" class=\"attachment-large size-large\" alt=\"\" srcset=\"https:\/\/kontracamps.com\/wp-content\/uploads\/2025\/10\/Spala_Valentines_camp-389.jpg 1200w, https:\/\/kontracamps.com\/wp-content\/uploads\/2025\/10\/Spala_Valentines_camp-389-600x450.jpg 600w, https:\/\/kontracamps.com\/wp-content\/uploads\/2025\/10\/Spala_Valentines_camp-389-640x480.jpg 640w, https:\/\/kontracamps.com\/wp-content\/uploads\/2025\/10\/Spala_Valentines_camp-389-768x576.jpg 768w\" sizes=\"auto, (max-width: 1020px) 100vw, 1020px\" \/>\t\t\t\t\t\t\n\t\t\t\t\t<\/div>\n\t\t\t\t\t\t\t\t\n<style>\n#image_324207138 {\n  width: 100%;\n}\n<\/style>\n\t<\/div>\n\t\n\n\n\t\t<\/div>\n\t\t\t\t\t<\/div>\n\n\t\n\n<\/div>\n\t<div id=\"gap-812365433\" class=\"gap-element clearfix\" style=\"display:block; height:auto;\">\n\t\t\n<style>\n#gap-812365433 {\n  padding-top: 60px;\n}\n<\/style>\n\t<\/div>\n\t\n\n\t<div id=\"text-2742970359\" class=\"text\">\n\t\t\n\n<blockquote><em>A bient\u00f4t dans l&#8217;un de nos camps de beach tennis !<\/em><\/blockquote>\n\t\t\n<style>\n#text-2742970359 {\n  text-align: center;\n}\n<\/style>\n\t<\/div>\n\t\n\t<div id=\"gap-1251307066\" class=\"gap-element clearfix\" style=\"display:block; height:auto;\">\n\t\t\n<style>\n#gap-1251307066 {\n  padding-top: 60px;\n}\n<\/style>\n\t<\/div>\n\t\n\n\t<div id=\"text-1277791464\" class=\"text\">\n\t\t\n\n<p class=\"thin-font\" style=\"text-align: center;\">Beach Tennis Camps | Petits groupes | Entra\u00eeneurs de classe mondiale | Entra\u00eenement de qualit\u00e9 | Tous les niveaux | Personnes du monde entier<\/p>\n\t\t\n<style>\n#text-1277791464 {\n  text-align: center;\n}\n<\/style>\n\t<\/div>\n\t\n\n","protected":false},"excerpt":{"rendered":"","protected":false},"author":1,"featured_media":0,"parent":0,"menu_order":0,"comment_status":"closed","ping_status":"closed","template":"page-blank.php","meta":{"footnotes":""},"categories":[474],"folder":[],"class_list":["post-14106","page","type-page","status-publish","hentry","category-beach-tennis"],"aioseo_notices":[],"_links":{"self":[{"href":"https:\/\/kontracamps.com\/fr\/wp-json\/wp\/v2\/pages\/14106","targetHints":{"allow":["GET"]}}],"collection":[{"href":"https:\/\/kontracamps.com\/fr\/wp-json\/wp\/v2\/pages"}],"about":[{"href":"https:\/\/kontracamps.com\/fr\/wp-json\/wp\/v2\/types\/page"}],"author":[{"embeddable":true,"href":"https:\/\/kontracamps.com\/fr\/wp-json\/wp\/v2\/users\/1"}],"replies":[{"embeddable":true,"href":"https:\/\/kontracamps.com\/fr\/wp-json\/wp\/v2\/comments?post=14106"}],"version-history":[{"count":2,"href":"https:\/\/kontracamps.com\/fr\/wp-json\/wp\/v2\/pages\/14106\/revisions"}],"predecessor-version":[{"id":14125,"href":"https:\/\/kontracamps.com\/fr\/wp-json\/wp\/v2\/pages\/14106\/revisions\/14125"}],"wp:attachment":[{"href":"https:\/\/kontracamps.com\/fr\/wp-json\/wp\/v2\/media?parent=14106"}],"wp:term":[{"taxonomy":"category","embeddable":true,"href":"https:\/\/kontracamps.com\/fr\/wp-json\/wp\/v2\/categories?post=14106"},{"taxonomy":"folder","embeddable":true,"href":"https:\/\/kontracamps.com\/fr\/wp-json\/wp\/v2\/folder?post=14106"}],"curies":[{"name":"wp","href":"https:\/\/api.w.org\/{rel}","templated":true}]}}