{"id":14415,"date":"2025-10-11T22:29:44","date_gmt":"2025-10-11T20:29:44","guid":{"rendered":"https:\/\/kontracamps.com\/beach-tennis\/camps-de-tennis-sur-la-plage\/"},"modified":"2026-04-13T11:20:11","modified_gmt":"2026-04-13T09:20:11","slug":"camps-de-tennis-sur-la-plage","status":"publish","type":"page","link":"https:\/\/kontracamps.com\/fr\/beach-tennis\/camps-de-tennis-sur-la-plage\/","title":{"rendered":"Camps de tennis sur la plage"},"content":{"rendered":"\n\n\t<section class=\"section\" id=\"section_146469913\">\n\t\t<div class=\"section-bg fill\" >\n\t\t\t\t\t\t\t\t\t\n\t\t\t\n\n\t\t<\/div>\n\n\t\t\n\n\t\t<div class=\"section-content relative\">\n\t\t\t\n\n  <div id=\"page-header-864897339\" class=\"page-header-wrapper\">\n  <div class=\"page-title dark normal-title\">\n\n        <div class=\"page-title-bg\">\n      <div class=\"title-bg fill bg-fill\"\n        data-parallax-container=\".page-title\"\n        data-parallax-background\n        data-parallax=\"-\">\n      <\/div>\n      <div class=\"title-overlay fill\"><\/div>\n    <\/div>\n    \n    <div class=\"page-title-inner container align-center text-center flex-row-col medium-flex-wrap\" >\n              <div class=\"title-wrapper uppercase flex-col\">\n          <h1 class=\"entry-title mb-0\">\n            Camps de tennis sur la plage          <\/h1>\n        <\/div>\n                    <div class=\"title-content flex-col\">\n        <ul class=\"nav sm-touch-scroll nav-simple nav-uppercase text-center nav-center\"><li class=\"nav-single-page hidden\"><\/li><\/ul>      <\/div>\n    <\/div>\n\n     \n<style>\n#page-header-864897339 .page-title-inner {\n  min-height: 100px;\n}\n#page-header-864897339 .normal-title {\n  background-color: rgb(1, 34, 77);\n}\n<\/style>\n  <\/div>\n    <\/div>\n  \n\n\n\t\t<\/div>\n\n\t\t\n<style>\n#section_146469913 {\n  padding-top: 30px;\n  padding-bottom: 30px;\n}\n<\/style>\n\t<\/section>\n\t\n\n\t<section class=\"section\" id=\"section_1812287142\">\n\t\t<div class=\"section-bg fill\" >\n\t\t\t\t\t\t\t\t\t\n\t\t\t\n\n\t\t<\/div>\n\n\t\t\n\n\t\t<div class=\"section-content relative\">\n\t\t\t\n\n<div class=\"row\"  id=\"row-1896961481\">\n\n\n\t<div id=\"col-1307754174\" class=\"col medium-4 small-12 large-4\"  >\n\t\t\t\t<div class=\"col-inner\"  >\n\t\t\t\n\t\t\t\n\n\t<div class=\"img has-hover x md-x lg-x y md-y lg-y\" id=\"image_203993256\">\n\t\t\t\t\t\t\t\t<div class=\"img-inner dark\" >\n\t\t\t<img loading=\"lazy\" decoding=\"async\" width=\"1020\" height=\"682\" src=\"https:\/\/kontracamps.com\/wp-content\/uploads\/2025\/10\/DSC6147-22-2.jpg\" class=\"attachment-large size-large\" alt=\"\" srcset=\"https:\/\/kontracamps.com\/wp-content\/uploads\/2025\/10\/DSC6147-22-2.jpg 1200w, https:\/\/kontracamps.com\/wp-content\/uploads\/2025\/10\/DSC6147-22-2-600x401.jpg 600w, https:\/\/kontracamps.com\/wp-content\/uploads\/2025\/10\/DSC6147-22-2-640x428.jpg 640w, https:\/\/kontracamps.com\/wp-content\/uploads\/2025\/10\/DSC6147-22-2-768x513.jpg 768w\" sizes=\"auto, (max-width: 1020px) 100vw, 1020px\" \/>\t\t\t\t\t\t\n\t\t\t\t\t<\/div>\n\t\t\t\t\t\t\t\t\n<style>\n#image_203993256 {\n  width: 100%;\n}\n<\/style>\n\t<\/div>\n\t\n\n\n\t\t<\/div>\n\t\t\t\t\t<\/div>\n\n\t\n\n\t<div id=\"col-44773770\" class=\"col medium-4 small-12 large-4\"  >\n\t\t\t\t<div class=\"col-inner\"  >\n\t\t\t\n\t\t\t\n\n<p style=\"text-align: center;\"><span style=\"color: #282828; font-family: 'comic sans ms', sans-serif; font-size: 120%;\">Vous souhaitez faire un cadeau ? Commandez un bon pour un camp ou un montant choisi &#8211; contactez-nous ! <\/span><\/p>\n\t<div class=\"img has-hover x md-x lg-x y md-y lg-y\" id=\"image_1927147514\">\n\t\t\t\t\t\t\t\t<div class=\"img-inner dark\" style=\"margin:-5px 0px 0px 0px;\">\n\t\t\t<img loading=\"lazy\" decoding=\"async\" width=\"1020\" height=\"719\" src=\"https:\/\/kontracamps.com\/wp-content\/uploads\/2025\/10\/Kopia-\u2013-Voucher-na-oboz-\u2013-kopia-10.png\" class=\"attachment-large size-large\" alt=\"\" srcset=\"https:\/\/kontracamps.com\/wp-content\/uploads\/2025\/10\/Kopia-\u2013-Voucher-na-oboz-\u2013-kopia-10.png 1200w, https:\/\/kontracamps.com\/wp-content\/uploads\/2025\/10\/Kopia-\u2013-Voucher-na-oboz-\u2013-kopia-10-600x423.png 600w, https:\/\/kontracamps.com\/wp-content\/uploads\/2025\/10\/Kopia-\u2013-Voucher-na-oboz-\u2013-kopia-10-640x451.png 640w, https:\/\/kontracamps.com\/wp-content\/uploads\/2025\/10\/Kopia-\u2013-Voucher-na-oboz-\u2013-kopia-10-768x541.png 768w\" sizes=\"auto, (max-width: 1020px) 100vw, 1020px\" \/>\t\t\t\t\t\t\n\t\t\t\t\t<\/div>\n\t\t\t\t\t\t\t\t\n<style>\n#image_1927147514 {\n  width: 100%;\n}\n<\/style>\n\t<\/div>\n\t\n\n\n\t\t<\/div>\n\t\t\t\t\t<\/div>\n\n\t\n\n\t<div id=\"col-1520848452\" class=\"col medium-4 small-12 large-4\"  >\n\t\t\t\t<div class=\"col-inner text-center\" style=\"background-color:rgb(1, 34, 77);\" >\n\t\t\t\n\t\t\t\n\n<p style=\"text-align: center;\"><span style=\"font-size: 130%; color: #ffffff;\">Aucun des costumes du camp ?<\/span><\/p>\n<p style=\"text-align: center;\"><span style=\"color: #ffffff;\">Rejoignez notre liste pour b\u00e9n\u00e9ficier d&#8217;un acc\u00e8s anticip\u00e9 aux nouveaux camps et aux r\u00e9ductions.<\/span><\/p>\n\n\n<script>(function() {\n\twindow.mc4wp = window.mc4wp || {\n\t\tlisteners: [],\n\t\tforms: {\n\t\t\ton: function(evt, cb) {\n\t\t\t\twindow.mc4wp.listeners.push(\n\t\t\t\t\t{\n\t\t\t\t\t\tevent   : evt,\n\t\t\t\t\t\tcallback: cb\n\t\t\t\t\t}\n\t\t\t\t);\n\t\t\t}\n\t\t}\n\t}\n})();\n<\/script><!-- Mailchimp for WordPress v4.10.7 - https:\/\/wordpress.org\/plugins\/mailchimp-for-wp\/ --><form id=\"mc4wp-form-1\" class=\"mc4wp-form mc4wp-form-3594 mc4wp-form-theme mc4wp-form-theme-green\" method=\"post\" data-id=\"3594\" data-name=\"Newsletter basic\" ><div class=\"mc4wp-form-fields\"><p>\r\n    <input type=\"text\" name=\"FNAME\" placeholder=\"name\/nickname\" required=\"\">\r\n<\/p>\r\n<p>\r\n\t\r\n\t\t<input type=\"email\" placeholder=\"e-mail\" name=\"EMAIL\" required \/>\r\n\r\n<\/p>\r\n\r\n<p style=\"text-align: left;\">\r\n    <label style=\"color: white;\">Which sports interest you?<\/label><br>\r\n    <label style=\"display: block; color: white;\">\r\n        <input type=\"checkbox\" name=\"INTERESTS[a544eb911e][]\" value=\"2f420c750e\"> <span>Beachvolleyball<\/span>\r\n    <\/label>\r\n    <label style=\"display: block; color: white;\">\r\n        <input type=\"checkbox\" name=\"INTERESTS[a544eb911e][]\" value=\"10e475165d\"> <span>Padel<\/span>\r\n    <\/label>\r\n    <label style=\"display: block; color: white;\">\r\n        <input type=\"checkbox\" name=\"INTERESTS[a544eb911e][]\" value=\"e69e33d143\"> <span>Beach tennis<\/span>\r\n    <\/label>\r\n<\/p>\r\n<p>\r\n        <input name=\"AGREE_TO_TERMS\" type=\"checkbox\" value=\"1\" required=\"\"><span style=\"color:white;\"> I have read <a href=\"https:\/\/kontracamps.com\/privacy-policy\/\" style=\"color: #5CB85C;\" target=\"_blank\">privacy policy<\/a> and accept it <\/span>\r\n   \r\n<\/p>\r\n\r\n\r\n<p>\r\n\t<input type=\"submit\" value=\"JOIN\" \/>\r\n<\/p><\/div><label style=\"display: none !important;\">Laissez ce champ vide si vous \u00eates humain\u00a0: <input type=\"text\" name=\"_mc4wp_honeypot\" value=\"\" tabindex=\"-1\" autocomplete=\"off\" \/><\/label><input type=\"hidden\" name=\"_mc4wp_timestamp\" value=\"1776346979\" \/><input type=\"hidden\" name=\"_mc4wp_form_id\" value=\"3594\" \/><input type=\"hidden\" name=\"_mc4wp_form_element_id\" value=\"mc4wp-form-1\" \/><div class=\"mc4wp-response\"><\/div><\/form><!-- \/ Mailchimp for WordPress Plugin -->\n\n\n\t\t<\/div>\n\t\t\t\t\n<style>\n#col-1520848452 > .col-inner {\n  padding: 20px 15px 10px 15px;\n  margin: 0px 0px 0px 0px;\n}\n<\/style>\n\t<\/div>\n\n\t\n\n<\/div>\n\n\t\t<\/div>\n\n\t\t\n<style>\n#section_1812287142 {\n  padding-top: 30px;\n  padding-bottom: 30px;\n}\n<\/style>\n\t<\/section>\n\t\n\n\t<section class=\"section\" id=\"section_1661463305\">\n\t\t<div class=\"section-bg fill\" >\n\t\t\t\t\t\t\t\t\t\n\t\t\t\n\n\t\t<\/div>\n\n\t\t\n\n\t\t<div class=\"section-content relative\">\n\t\t\t\n\n\n\n        <div class=\"sportscamp-empty-state\">\r\n            <div class=\"empty-state-content\">\r\n                <h3>Aucun camp trouv\u00e9<\/h3>\r\n                                    <p>La liste des camps \"next-beach-tennis-camps\" est vide ou introuvable.<\/p>\r\n                            <\/div>\r\n        <\/div>\r\n        \n\n\n\t\t<\/div>\n\n\t\t\n<style>\n#section_1661463305 {\n  padding-top: 0px;\n  padding-bottom: 0px;\n}\n<\/style>\n\t<\/section>\n\t\n\n\t<section class=\"section\" id=\"section_2089810833\">\n\t\t<div class=\"section-bg fill\" >\n\t\t\t\t\t\t\t\t\t\n\t\t\t\n\n\t\t<\/div>\n\n\t\t\n\n\t\t<div class=\"section-content relative\">\n\t\t\t\n\n<div class=\"row\"  id=\"row-155742267\">\n\n\n\t<div id=\"col-486697146\" class=\"col medium-6 small-12 large-6\"  >\n\t\t\t\t<div class=\"col-inner\"  >\n\t\t\t\n\t\t\t\n\n<div class=\"container section-title-container\" ><h2 class=\"section-title section-title-center\"><b aria-hidden=\"true\"><\/b><span class=\"section-title-main\" style=\"font-size:151%;color:rgb(255, 255, 255);\">camps de beach tennis 2025<\/span><b aria-hidden=\"true\"><\/b><\/h2><\/div>\n\n<p style=\"text-align: justify;\"><span style=\"color: #ffffff;\">Chacun de nos camps de beach tennis est une excellente occasion d&#8217;am\u00e9liorer vos comp\u00e9tences, de passer des vacances actives et de faire la connaissance de personnes int\u00e9ressantes partageant les m\u00eames int\u00e9r\u00eats. La journ\u00e9e normale du camp se compose de deux s\u00e9ances d&#8217;entra\u00eenement sur le sable, d&#8217;ateliers en soir\u00e9e ou d&#8217;autres activit\u00e9s, et d&#8217;une soir\u00e9e chill. Nous adaptons le programme d&#8217;entra\u00eenement au niveau d&#8217;avancement et aux attentes des groupes. Nous mettons l&#8217;accent sur la qualit\u00e9 de l&#8217;entra\u00eenement, c&#8217;est pourquoi nous ne travaillons qu&#8217;avec des entra\u00eeneurs exp\u00e9riment\u00e9s et ayant fait leurs preuves &#8211; le plus souvent avec une exp\u00e9rience de la comp\u00e9tition de haut niveau.   <\/span><\/p>\n\n\t\t<\/div>\n\t\t\t\t\t<\/div>\n\n\t\n\n\t<div id=\"col-901582721\" class=\"col medium-6 small-12 large-6\"  >\n\t\t\t\t<div class=\"col-inner\"  >\n\t\t\t\n\t\t\t\n\n\t<div class=\"img has-hover x md-x lg-x y md-y lg-y\" id=\"image_954158991\">\n\t\t\t\t\t\t\t\t<div class=\"img-inner dark\" >\n\t\t\t<img loading=\"lazy\" decoding=\"async\" width=\"1020\" height=\"682\" src=\"https:\/\/kontracamps.com\/wp-content\/uploads\/2025\/10\/DSC6586-84.jpg\" class=\"attachment-large size-large\" alt=\"\" srcset=\"https:\/\/kontracamps.com\/wp-content\/uploads\/2025\/10\/DSC6586-84.jpg 1200w, https:\/\/kontracamps.com\/wp-content\/uploads\/2025\/10\/DSC6586-84-600x401.jpg 600w, https:\/\/kontracamps.com\/wp-content\/uploads\/2025\/10\/DSC6586-84-640x428.jpg 640w, https:\/\/kontracamps.com\/wp-content\/uploads\/2025\/10\/DSC6586-84-768x513.jpg 768w\" sizes=\"auto, (max-width: 1020px) 100vw, 1020px\" \/>\t\t\t\t\t\t\n\t\t\t\t\t<\/div>\n\t\t\t\t\t\t\t\t\n<style>\n#image_954158991 {\n  width: 100%;\n}\n<\/style>\n\t<\/div>\n\t\n\n\n\t\t<\/div>\n\t\t\t\t\t<\/div>\n\n\t\n\n<\/div>\n\n\t\t<\/div>\n\n\t\t\n<style>\n#section_2089810833 {\n  padding-top: 30px;\n  padding-bottom: 30px;\n  background-color: rgb(1, 34, 77);\n}\n<\/style>\n\t<\/section>\n\t\n\n\t<section class=\"section\" id=\"section_670701068\">\n\t\t<div class=\"section-bg fill\" >\n\t\t\t\t\t\t\t\t\t\n\t\t\t\n\n\t\t<\/div>\n\n\t\t\n\n\t\t<div class=\"section-content relative\">\n\t\t\t\n\n\n\t\t<\/div>\n\n\t\t\n<style>\n#section_670701068 {\n  padding-top: 30px;\n  padding-bottom: 30px;\n}\n<\/style>\n\t<\/section>\n\t\n\n","protected":false},"excerpt":{"rendered":"","protected":false},"author":1,"featured_media":0,"parent":14106,"menu_order":0,"comment_status":"closed","ping_status":"closed","template":"page-blank.php","meta":{"footnotes":""},"categories":[474],"folder":[],"class_list":["post-14415","page","type-page","status-publish","hentry","category-beach-tennis"],"aioseo_notices":[],"_links":{"self":[{"href":"https:\/\/kontracamps.com\/fr\/wp-json\/wp\/v2\/pages\/14415","targetHints":{"allow":["GET"]}}],"collection":[{"href":"https:\/\/kontracamps.com\/fr\/wp-json\/wp\/v2\/pages"}],"about":[{"href":"https:\/\/kontracamps.com\/fr\/wp-json\/wp\/v2\/types\/page"}],"author":[{"embeddable":true,"href":"https:\/\/kontracamps.com\/fr\/wp-json\/wp\/v2\/users\/1"}],"replies":[{"embeddable":true,"href":"https:\/\/kontracamps.com\/fr\/wp-json\/wp\/v2\/comments?post=14415"}],"version-history":[{"count":2,"href":"https:\/\/kontracamps.com\/fr\/wp-json\/wp\/v2\/pages\/14415\/revisions"}],"predecessor-version":[{"id":14419,"href":"https:\/\/kontracamps.com\/fr\/wp-json\/wp\/v2\/pages\/14415\/revisions\/14419"}],"up":[{"embeddable":true,"href":"https:\/\/kontracamps.com\/fr\/wp-json\/wp\/v2\/pages\/14106"}],"wp:attachment":[{"href":"https:\/\/kontracamps.com\/fr\/wp-json\/wp\/v2\/media?parent=14415"}],"wp:term":[{"taxonomy":"category","embeddable":true,"href":"https:\/\/kontracamps.com\/fr\/wp-json\/wp\/v2\/categories?post=14415"},{"taxonomy":"folder","embeddable":true,"href":"https:\/\/kontracamps.com\/fr\/wp-json\/wp\/v2\/folder?post=14415"}],"curies":[{"name":"wp","href":"https:\/\/api.w.org\/{rel}","templated":true}]}}