{"id":11029,"date":"2025-12-13T08:09:36","date_gmt":"2025-12-13T07:09:36","guid":{"rendered":"https:\/\/kontracamps.com\/i-nostri-allenatori-di-beach-tennis\/"},"modified":"2025-12-17T09:26:19","modified_gmt":"2025-12-17T08:26:19","slug":"i-nostri-allenatori-di-beach-tennis","status":"publish","type":"page","link":"https:\/\/kontracamps.com\/it\/beach-tennis\/i-nostri-allenatori-di-beach-tennis\/","title":{"rendered":"I nostri allenatori di beach tennis"},"content":{"rendered":"\n\n\t<section class=\"section\" id=\"section_293515433\">\n\t\t<div class=\"section-bg fill\" >\n\t\t\t\t\t\t\t\t\t\n\t\t\t\n\n\t\t<\/div>\n\n\t\t\n\n\t\t<div class=\"section-content relative\">\n\t\t\t\n\n  <div id=\"page-header-1215098486\" class=\"page-header-wrapper\">\n  <div class=\"page-title dark normal-title\">\n\n        <div class=\"page-title-bg\">\n      <div class=\"title-bg fill bg-fill\"\n        data-parallax-container=\".page-title\"\n        data-parallax-background\n        data-parallax=\"-\">\n      <\/div>\n      <div class=\"title-overlay fill\"><\/div>\n    <\/div>\n    \n    <div class=\"page-title-inner container align-center text-center flex-row-col medium-flex-wrap\" >\n              <div class=\"title-wrapper uppercase flex-col\">\n          <h1 class=\"entry-title mb-0\">\n            I nostri allenatori di beach tennis          <\/h1>\n        <\/div>\n                    <div class=\"title-content flex-col\">\n        <ul class=\"nav sm-touch-scroll nav-simple nav-uppercase text-center nav-center\"><li class=\"nav-single-page hidden\"><\/li><\/ul>      <\/div>\n    <\/div>\n\n     \n<style>\n#page-header-1215098486 .page-title-inner {\n  min-height: 100px;\n}\n#page-header-1215098486 .normal-title {\n  background-color: rgb(1, 34, 77);\n}\n<\/style>\n  <\/div>\n    <\/div>\n  \n\n\n\t\t<\/div>\n\n\t\t\n<style>\n#section_293515433 {\n  padding-top: 30px;\n  padding-bottom: 30px;\n}\n<\/style>\n\t<\/section>\n\t\n\n\t<section class=\"section\" id=\"section_65440822\">\n\t\t<div class=\"section-bg fill\" >\n\t\t\t\t\t\t\t\t\t\n\t\t\t\n\n\t\t<\/div>\n\n\t\t\n\n\t\t<div class=\"section-content relative\">\n\t\t\t\n\n<div class=\"row\"  id=\"row-1402672121\">\n\n\n\t<div id=\"col-1569760911\" class=\"col hide-for-medium medium-3 small-12 large-3\"  >\n\t\t\t\t<div class=\"col-inner\"  >\n\t\t\t\n\t\t\t\n\n\n\t\t<\/div>\n\t\t\t\t\t<\/div>\n\n\t\n\n\t<div id=\"col-1331032212\" class=\"col medium-6 small-12 large-6\"  >\n\t\t\t\t<div class=\"col-inner\"  >\n\t\t\t\n\t\t\t\n\n\t<div id=\"text-576083956\" class=\"text\">\n\t\t\n\n<p>Conosci gli eccezionali allenatori con cui collaboriamo. Per garantire standard di formazione di alto livello, ti diamo l&#8217;opportunit\u00e0 di imparare dai leader di questo sport. <\/p>\n\t\t\n<style>\n#text-576083956 {\n  text-align: center;\n}\n<\/style>\n\t<\/div>\n\t\n\n\t\t<\/div>\n\t\t\t\t\t<\/div>\n\n\t\n\n\t<div id=\"col-583516817\" class=\"col hide-for-medium medium-3 small-12 large-3\"  >\n\t\t\t\t<div class=\"col-inner\"  >\n\t\t\t\n\t\t\t\n\n\n\t\t<\/div>\n\t\t\t\t\t<\/div>\n\n\t\n\n<\/div>\n\n\t\t<\/div>\n\n\t\t\n<style>\n#section_65440822 {\n  padding-top: 30px;\n  padding-bottom: 30px;\n}\n<\/style>\n\t<\/section>\n\t\n\n\t<section class=\"section\" id=\"section_484435568\">\n\t\t<div class=\"section-bg fill\" >\n\t\t\t\t\t\t\t\t\t\n\t\t\t\n\n\t\t<\/div>\n\n\t\t\n\n\t\t<div class=\"section-content relative\">\n\t\t\t\n\n<div class=\"row\"  id=\"row-709215915\">\n\n\n\t<div id=\"col-2019170720\" class=\"col medium-4 small-12 large-4\"  >\n\t\t\t\t<div class=\"col-inner\"  >\n\t\t\t\n\t\t\t\n\n    <div class=\"box has-hover has-hover box-shadow-3 box-bounce box-text-bottom\" >\n\n                  <div class=\"box-image \" style=\"width:80%;\">\n           <div class=\"box-image-inner image-cover\" style=\"border-radius:100%;padding-top:100%;\">\n              <img loading=\"lazy\" decoding=\"async\" width=\"734\" height=\"734\" src=\"https:\/\/kontracamps.com\/wp-content\/uploads\/2025\/01\/Niccolo-Strano.jpg\" class=\"attachment- size-\" alt=\"\" srcset=\"https:\/\/kontracamps.com\/wp-content\/uploads\/2025\/01\/Niccolo-Strano.jpg 734w, https:\/\/kontracamps.com\/wp-content\/uploads\/2025\/01\/Niccolo-Strano-100x100.jpg 100w, https:\/\/kontracamps.com\/wp-content\/uploads\/2025\/01\/Niccolo-Strano-600x600.jpg 600w, https:\/\/kontracamps.com\/wp-content\/uploads\/2025\/01\/Niccolo-Strano-640x640.jpg 640w, https:\/\/kontracamps.com\/wp-content\/uploads\/2025\/01\/Niccolo-Strano-160x160.jpg 160w, https:\/\/kontracamps.com\/wp-content\/uploads\/2025\/01\/Niccolo-Strano-320x320.jpg 320w\" sizes=\"auto, (max-width: 734px) 100vw, 734px\" \/>                         <\/div>\n          <\/div>\n         \n          <div class=\"box-text text-center\" >\n                <div class=\"box-text-inner\">\n                  <h4 class=\"uppercase\">\n                    <span class=\"person-name\">Niccolo Strano<\/span><br\/>\n                    <span class=\"person-title is-small thin-font op-7\">\n                      2 volte medaglia di bronzo ai Campionati del Mondo                    <\/span>\n                  <\/h4>\n\t\t\t\t\t\n\n<p style=\"text-align: justify;\">Ha raggiunto la posizione numero 5 nella classifica mondiale ITF Beach Tennis. Ha vinto tre volte la medaglia d&#8217;argento ai campionati italiani. Con oltre 18 anni di esperienza come allenatore, Niccol\u00f2 ha allenato atleti a livello internazionale, conducendo numerose cliniche in tutto il mondo.  <\/p>\n\n                <\/div>\n          <\/div>\n    <\/div>\n\n\t\n    \n\n\t\t<\/div>\n\t\t\t\t\t<\/div>\n\n\t\n\n\t<div id=\"col-505490363\" class=\"col medium-4 small-12 large-4\"  >\n\t\t\t\t<div class=\"col-inner\"  >\n\t\t\t\n\t\t\t\n\n    <div class=\"box has-hover has-hover box-shadow-3 box-bounce box-text-bottom\" >\n\n                  <div class=\"box-image \" style=\"width:80%;\">\n           <div class=\"box-image-inner image-cover\" style=\"border-radius:100%;padding-top:100%;\">\n              <img loading=\"lazy\" decoding=\"async\" width=\"554\" height=\"554\" src=\"https:\/\/kontracamps.com\/wp-content\/uploads\/2025\/12\/DSC1798-127-e1765611234476.jpg\" class=\"attachment- size-\" alt=\"\" srcset=\"https:\/\/kontracamps.com\/wp-content\/uploads\/2025\/12\/DSC1798-127-e1765611234476.jpg 554w, https:\/\/kontracamps.com\/wp-content\/uploads\/2025\/12\/DSC1798-127-e1765611234476-100x100.jpg 100w, https:\/\/kontracamps.com\/wp-content\/uploads\/2025\/12\/DSC1798-127-e1765611234476-160x160.jpg 160w, https:\/\/kontracamps.com\/wp-content\/uploads\/2025\/12\/DSC1798-127-e1765611234476-510x510.jpg 510w, https:\/\/kontracamps.com\/wp-content\/uploads\/2025\/12\/DSC1798-127-e1765611234476-50x50.jpg 50w\" sizes=\"auto, (max-width: 554px) 100vw, 554px\" \/>                         <\/div>\n          <\/div>\n         \n          <div class=\"box-text text-center\" >\n                <div class=\"box-text-inner\">\n                  <h4 class=\"uppercase\">\n                    <span class=\"person-name\">Michela romani<\/span><br\/>\n                    <span class=\"person-title is-small thin-font op-7\">\n                      2023 Campionato Italiano Indoor                    <\/span>\n                  <\/h4>\n\t\t\t\t\t\n\n<p style=\"text-align: justify;\">Michela Romani \u00e8 una giocatrice professionista di beach tennis, con una classifica ITF di massimo livello (n. 17). Al di l\u00e0 dei suoi risultati di gioco, Michela \u00e8 un&#8217;allenatrice esperta e impegnata, avendo insegnato in tutto il mondo. <\/p>\n\n                <\/div>\n          <\/div>\n    <\/div>\n\n\t\n    \n\n\t\t<\/div>\n\t\t\t\t\t<\/div>\n\n\t\n\n\t<div id=\"col-1270136129\" class=\"col medium-4 small-12 large-4\"  >\n\t\t\t\t<div class=\"col-inner\"  >\n\t\t\t\n\t\t\t\n\n    <div class=\"box has-hover has-hover box-shadow-3 box-bounce box-text-bottom\" >\n\n                  <div class=\"box-image \" style=\"width:80%;\">\n           <div class=\"box-image-inner image-cover\" style=\"border-radius:100%;padding-top:100%;\">\n              <img loading=\"lazy\" decoding=\"async\" width=\"500\" height=\"500\" src=\"https:\/\/kontracamps.com\/wp-content\/uploads\/2024\/11\/Michal-Wiecek-Kotra.jpg\" class=\"attachment- size-\" alt=\"\" srcset=\"https:\/\/kontracamps.com\/wp-content\/uploads\/2024\/11\/Michal-Wiecek-Kotra.jpg 500w, https:\/\/kontracamps.com\/wp-content\/uploads\/2024\/11\/Michal-Wiecek-Kotra-100x100.jpg 100w, https:\/\/kontracamps.com\/wp-content\/uploads\/2024\/11\/Michal-Wiecek-Kotra-160x160.jpg 160w, https:\/\/kontracamps.com\/wp-content\/uploads\/2024\/11\/Michal-Wiecek-Kotra-320x320.jpg 320w\" sizes=\"auto, (max-width: 500px) 100vw, 500px\" \/>                         <\/div>\n          <\/div>\n         \n          <div class=\"box-text text-center\" >\n                <div class=\"box-text-inner\">\n                  <h4 class=\"uppercase\">\n                    <span class=\"person-name\">Micha\u0142 Wi\u0119cek<\/span><br\/>\n                    <span class=\"person-title is-small thin-font op-7\">\n                      Medaglia d&#039;argento ai Campionati Mondiali IFBT 2019                    <\/span>\n                  <\/h4>\n\t\t\t\t\t\n\n<p style=\"text-align: justify;\">Allenatore di beach tennis abilitato, gestisce la sua accademia a Cracovia. Rappresenta la Polonia a livello internazionale e partecipa al tour ITF di beach tennis. <\/p>\n\n                <\/div>\n          <\/div>\n    <\/div>\n\n\t\n    \n\n\t\t<\/div>\n\t\t\t\t\t<\/div>\n\n\t\n\n<\/div>\n<div class=\"row\"  id=\"row-817275495\">\n\n\n\t<div id=\"col-1636255758\" class=\"col medium-4 small-12 large-4\"  >\n\t\t\t\t<div class=\"col-inner\"  >\n\t\t\t\n\t\t\t\n\n    <div class=\"box has-hover has-hover box-shadow-3 box-bounce box-text-bottom\" >\n\n                  <div class=\"box-image \" style=\"width:80%;\">\n           <div class=\"box-image-inner image-cover\" style=\"border-radius:100%;padding-top:100%;\">\n              <img loading=\"lazy\" decoding=\"async\" width=\"1200\" height=\"800\" src=\"https:\/\/kontracamps.com\/wp-content\/uploads\/2025\/11\/federico.jpg\" class=\"attachment- size-\" alt=\"\" srcset=\"https:\/\/kontracamps.com\/wp-content\/uploads\/2025\/11\/federico.jpg 1200w, https:\/\/kontracamps.com\/wp-content\/uploads\/2025\/11\/federico-600x400.jpg 600w, https:\/\/kontracamps.com\/wp-content\/uploads\/2025\/11\/federico-640x427.jpg 640w, https:\/\/kontracamps.com\/wp-content\/uploads\/2025\/11\/federico-768x512.jpg 768w\" sizes=\"auto, (max-width: 1200px) 100vw, 1200px\" \/>                         <\/div>\n          <\/div>\n         \n          <div class=\"box-text text-center\" >\n                <div class=\"box-text-inner\">\n                  <h4 class=\"uppercase\">\n                    <span class=\"person-name\">Federico Boerner<\/span><br\/>\n                    <span class=\"person-title is-small thin-font op-7\">\n                      Giocatore della nazionale tedesca                    <\/span>\n                  <\/h4>\n\t\t\t\t\t\n\n<p style=\"text-align: justify;\">Federico Boerner \u00e8 un allenatore di beach tennis ufficialmente certificato e un giocatore agonista con notevoli successi in eventi nazionali e internazionali. Ha gareggiato per l&#8217;Italia ai Campionati del Mondo IFBT 2024, raggiungendo i primi posti in entrambe le categorie di doppio e doppio misto. <\/p>\n\n                <\/div>\n          <\/div>\n    <\/div>\n\n\t\n    \n\n\t\t<\/div>\n\t\t\t\t\t<\/div>\n\n\t\n\n\t<div id=\"col-1681176372\" class=\"col medium-4 small-12 large-4\"  >\n\t\t\t\t<div class=\"col-inner\"  >\n\t\t\t\n\t\t\t\n\n\n\t\t<\/div>\n\t\t\t\t\t<\/div>\n\n\t\n\n\t<div id=\"col-2098008475\" class=\"col medium-4 small-12 large-4\"  >\n\t\t\t\t<div class=\"col-inner\"  >\n\t\t\t\n\t\t\t\n\n\n\t\t<\/div>\n\t\t\t\t\t<\/div>\n\n\t\n\n<\/div>\n\n\t\t<\/div>\n\n\t\t\n<style>\n#section_484435568 {\n  padding-top: 30px;\n  padding-bottom: 30px;\n}\n<\/style>\n\t<\/section>\n\t\n\n\t<section class=\"section\" id=\"section_1243598906\">\n\t\t<div class=\"section-bg fill\" >\n\t\t\t\t\t\t\t\t\t\n\t\t\t\n\n\t\t<\/div>\n\n\t\t\n\n\t\t<div class=\"section-content relative\">\n\t\t\t\n\n\n\t\t<\/div>\n\n\t\t\n<style>\n#section_1243598906 {\n  padding-top: 0px;\n  padding-bottom: 0px;\n}\n<\/style>\n\t<\/section>\n\t\n\n","protected":false},"excerpt":{"rendered":"","protected":false},"author":1,"featured_media":0,"parent":11041,"menu_order":0,"comment_status":"closed","ping_status":"closed","template":"page-blank.php","meta":{"footnotes":""},"categories":[433],"folder":[],"class_list":["post-11029","page","type-page","status-publish","hentry","category-beach-tennis-it"],"aioseo_notices":[],"_links":{"self":[{"href":"https:\/\/kontracamps.com\/it\/wp-json\/wp\/v2\/pages\/11029","targetHints":{"allow":["GET"]}}],"collection":[{"href":"https:\/\/kontracamps.com\/it\/wp-json\/wp\/v2\/pages"}],"about":[{"href":"https:\/\/kontracamps.com\/it\/wp-json\/wp\/v2\/types\/page"}],"author":[{"embeddable":true,"href":"https:\/\/kontracamps.com\/it\/wp-json\/wp\/v2\/users\/1"}],"replies":[{"embeddable":true,"href":"https:\/\/kontracamps.com\/it\/wp-json\/wp\/v2\/comments?post=11029"}],"version-history":[{"count":1,"href":"https:\/\/kontracamps.com\/it\/wp-json\/wp\/v2\/pages\/11029\/revisions"}],"predecessor-version":[{"id":11034,"href":"https:\/\/kontracamps.com\/it\/wp-json\/wp\/v2\/pages\/11029\/revisions\/11034"}],"up":[{"embeddable":true,"href":"https:\/\/kontracamps.com\/it\/wp-json\/wp\/v2\/pages\/11041"}],"wp:attachment":[{"href":"https:\/\/kontracamps.com\/it\/wp-json\/wp\/v2\/media?parent=11029"}],"wp:term":[{"taxonomy":"category","embeddable":true,"href":"https:\/\/kontracamps.com\/it\/wp-json\/wp\/v2\/categories?post=11029"},{"taxonomy":"folder","embeddable":true,"href":"https:\/\/kontracamps.com\/it\/wp-json\/wp\/v2\/folder?post=11029"}],"curies":[{"name":"wp","href":"https:\/\/api.w.org\/{rel}","templated":true}]}}