{"id":11035,"date":"2025-10-11T22:29:44","date_gmt":"2025-10-11T20:29:44","guid":{"rendered":"https:\/\/kontracamps.com\/campi-da-tennis-in-spiaggia\/"},"modified":"2026-01-16T12:56:33","modified_gmt":"2026-01-16T11:56:33","slug":"campi-da-tennis-in-spiaggia","status":"publish","type":"page","link":"https:\/\/kontracamps.com\/it\/beach-tennis\/campi-da-tennis-in-spiaggia\/","title":{"rendered":"Campi da tennis in spiaggia"},"content":{"rendered":"\n\n\t<section class=\"section\" id=\"section_349859303\">\n\t\t<div class=\"section-bg fill\" >\n\t\t\t\t\t\t\t\t\t\n\t\t\t\n\n\t\t<\/div>\n\n\t\t\n\n\t\t<div class=\"section-content relative\">\n\t\t\t\n\n  <div id=\"page-header-2023825961\" class=\"page-header-wrapper\">\n  <div class=\"page-title dark normal-title\">\n\n        <div class=\"page-title-bg\">\n      <div class=\"title-bg fill bg-fill\"\n        data-parallax-container=\".page-title\"\n        data-parallax-background\n        data-parallax=\"-\">\n      <\/div>\n      <div class=\"title-overlay fill\"><\/div>\n    <\/div>\n    \n    <div class=\"page-title-inner container align-center text-center flex-row-col medium-flex-wrap\" >\n              <div class=\"title-wrapper uppercase flex-col\">\n          <h1 class=\"entry-title mb-0\">\n            Campi da tennis in spiaggia          <\/h1>\n        <\/div>\n                    <div class=\"title-content flex-col\">\n        <ul class=\"nav sm-touch-scroll nav-simple nav-uppercase text-center nav-center\"><li class=\"nav-single-page hidden\"><\/li><\/ul>      <\/div>\n    <\/div>\n\n     \n<style>\n#page-header-2023825961 .page-title-inner {\n  min-height: 100px;\n}\n#page-header-2023825961 .normal-title {\n  background-color: rgb(1, 34, 77);\n}\n<\/style>\n  <\/div>\n    <\/div>\n  \n\n\n\t\t<\/div>\n\n\t\t\n<style>\n#section_349859303 {\n  padding-top: 30px;\n  padding-bottom: 30px;\n}\n<\/style>\n\t<\/section>\n\t\n\n\t<section class=\"section\" id=\"section_568879396\">\n\t\t<div class=\"section-bg fill\" >\n\t\t\t\t\t\t\t\t\t\n\t\t\t\n\n\t\t<\/div>\n\n\t\t\n\n\t\t<div class=\"section-content relative\">\n\t\t\t\n\n<div class=\"row\"  id=\"row-834310027\">\n\n\n\t<div id=\"col-165787511\" class=\"col medium-4 small-12 large-4\"  >\n\t\t\t\t<div class=\"col-inner\"  >\n\t\t\t\n\t\t\t\n\n\t<div class=\"img has-hover x md-x lg-x y md-y lg-y\" id=\"image_1282296920\">\n\t\t\t\t\t\t\t\t<div class=\"img-inner dark\" >\n\t\t\t<img loading=\"lazy\" decoding=\"async\" width=\"1020\" height=\"682\" src=\"https:\/\/kontracamps.com\/wp-content\/uploads\/2025\/10\/DSC6147-22-2.jpg\" class=\"attachment-large size-large\" alt=\"\" srcset=\"https:\/\/kontracamps.com\/wp-content\/uploads\/2025\/10\/DSC6147-22-2.jpg 1200w, https:\/\/kontracamps.com\/wp-content\/uploads\/2025\/10\/DSC6147-22-2-600x401.jpg 600w, https:\/\/kontracamps.com\/wp-content\/uploads\/2025\/10\/DSC6147-22-2-640x428.jpg 640w, https:\/\/kontracamps.com\/wp-content\/uploads\/2025\/10\/DSC6147-22-2-768x513.jpg 768w\" sizes=\"auto, (max-width: 1020px) 100vw, 1020px\" \/>\t\t\t\t\t\t\n\t\t\t\t\t<\/div>\n\t\t\t\t\t\t\t\t\n<style>\n#image_1282296920 {\n  width: 100%;\n}\n<\/style>\n\t<\/div>\n\t\n\n\n\t\t<\/div>\n\t\t\t\t\t<\/div>\n\n\t\n\n\t<div id=\"col-1581813176\" class=\"col medium-4 small-12 large-4\"  >\n\t\t\t\t<div class=\"col-inner\"  >\n\t\t\t\n\t\t\t\n\n<p style=\"text-align: center;\"><span style=\"color: #282828; font-family: 'comic sans ms', sans-serif; font-size: 120%;\">Vuoi fare un regalo? Ordina un buono per un campo o per un importo a scelta: contattaci! <\/span><\/p>\n\t<div class=\"img has-hover x md-x lg-x y md-y lg-y\" id=\"image_1430114188\">\n\t\t\t\t\t\t\t\t<div class=\"img-inner dark\" style=\"margin:-5px 0px 0px 0px;\">\n\t\t\t<img loading=\"lazy\" decoding=\"async\" width=\"1020\" height=\"719\" src=\"https:\/\/kontracamps.com\/wp-content\/uploads\/2025\/10\/Kopia-\u2013-Voucher-na-oboz-\u2013-kopia-10.png\" class=\"attachment-large size-large\" alt=\"\" srcset=\"https:\/\/kontracamps.com\/wp-content\/uploads\/2025\/10\/Kopia-\u2013-Voucher-na-oboz-\u2013-kopia-10.png 1200w, https:\/\/kontracamps.com\/wp-content\/uploads\/2025\/10\/Kopia-\u2013-Voucher-na-oboz-\u2013-kopia-10-600x423.png 600w, https:\/\/kontracamps.com\/wp-content\/uploads\/2025\/10\/Kopia-\u2013-Voucher-na-oboz-\u2013-kopia-10-640x451.png 640w, https:\/\/kontracamps.com\/wp-content\/uploads\/2025\/10\/Kopia-\u2013-Voucher-na-oboz-\u2013-kopia-10-768x541.png 768w\" sizes=\"auto, (max-width: 1020px) 100vw, 1020px\" \/>\t\t\t\t\t\t\n\t\t\t\t\t<\/div>\n\t\t\t\t\t\t\t\t\n<style>\n#image_1430114188 {\n  width: 100%;\n}\n<\/style>\n\t<\/div>\n\t\n\n\n\t\t<\/div>\n\t\t\t\t\t<\/div>\n\n\t\n\n\t<div id=\"col-1269385789\" class=\"col medium-4 small-12 large-4\"  >\n\t\t\t\t<div class=\"col-inner text-center\" style=\"background-color:rgb(1, 34, 77);\" >\n\t\t\t\n\t\t\t\n\n<p style=\"text-align: center;\"><span style=\"font-size: 130%; color: #ffffff;\">Nessuna delle tute da campeggio?<\/span><\/p>\n<p style=\"text-align: center;\"><span style=\"color: #ffffff;\">Iscriviti alla nostra lista per avere accesso anticipato a nuovi campi e sconti<\/span><\/p>\n\n\n<script>(function() {\n\twindow.mc4wp = window.mc4wp || {\n\t\tlisteners: [],\n\t\tforms: {\n\t\t\ton: function(evt, cb) {\n\t\t\t\twindow.mc4wp.listeners.push(\n\t\t\t\t\t{\n\t\t\t\t\t\tevent   : evt,\n\t\t\t\t\t\tcallback: cb\n\t\t\t\t\t}\n\t\t\t\t);\n\t\t\t}\n\t\t}\n\t}\n})();\n<\/script><!-- Mailchimp for WordPress v4.10.7 - https:\/\/wordpress.org\/plugins\/mailchimp-for-wp\/ --><form id=\"mc4wp-form-1\" class=\"mc4wp-form mc4wp-form-3594 mc4wp-form-theme mc4wp-form-theme-green\" method=\"post\" data-id=\"3594\" data-name=\"Newsletter basic\" ><div class=\"mc4wp-form-fields\"><p>\r\n    <input type=\"text\" name=\"FNAME\" placeholder=\"name\/nickname\" required=\"\">\r\n<\/p>\r\n<p>\r\n\t\r\n\t\t<input type=\"email\" placeholder=\"e-mail\" name=\"EMAIL\" required \/>\r\n\r\n<\/p>\r\n\r\n<p style=\"text-align: left;\">\r\n    <label style=\"color: white;\">Which sports interest you?<\/label><br>\r\n    <label style=\"display: block; color: white;\">\r\n        <input type=\"checkbox\" name=\"INTERESTS[a544eb911e][]\" value=\"2f420c750e\"> <span>Beachvolleyball<\/span>\r\n    <\/label>\r\n    <label style=\"display: block; color: white;\">\r\n        <input type=\"checkbox\" name=\"INTERESTS[a544eb911e][]\" value=\"10e475165d\"> <span>Padel<\/span>\r\n    <\/label>\r\n    <label style=\"display: block; color: white;\">\r\n        <input type=\"checkbox\" name=\"INTERESTS[a544eb911e][]\" value=\"e69e33d143\"> <span>Beach tennis<\/span>\r\n    <\/label>\r\n<\/p>\r\n<p>\r\n        <input name=\"AGREE_TO_TERMS\" type=\"checkbox\" value=\"1\" required=\"\"><span style=\"color:white;\"> I have read <a href=\"https:\/\/kontracamps.com\/privacy-policy\/\" style=\"color: #5CB85C;\" target=\"_blank\">privacy policy<\/a> and accept it <\/span>\r\n   \r\n<\/p>\r\n\r\n\r\n<p>\r\n\t<input type=\"submit\" value=\"JOIN\" \/>\r\n<\/p><\/div><label style=\"display: none !important;\">Lascia questo campo vuoto se sei umano: <input type=\"text\" name=\"_mc4wp_honeypot\" value=\"\" tabindex=\"-1\" autocomplete=\"off\" \/><\/label><input type=\"hidden\" name=\"_mc4wp_timestamp\" value=\"1776346975\" \/><input type=\"hidden\" name=\"_mc4wp_form_id\" value=\"3594\" \/><input type=\"hidden\" name=\"_mc4wp_form_element_id\" value=\"mc4wp-form-1\" \/><div class=\"mc4wp-response\"><\/div><\/form><!-- \/ Mailchimp for WordPress Plugin -->\n\n\n\t\t<\/div>\n\t\t\t\t\n<style>\n#col-1269385789 > .col-inner {\n  padding: 20px 15px 10px 15px;\n  margin: 0px 0px 0px 0px;\n}\n<\/style>\n\t<\/div>\n\n\t\n\n<\/div>\n\n\t\t<\/div>\n\n\t\t\n<style>\n#section_568879396 {\n  padding-top: 30px;\n  padding-bottom: 30px;\n}\n<\/style>\n\t<\/section>\n\t\n\n\t<section class=\"section\" id=\"section_931008675\">\n\t\t<div class=\"section-bg fill\" >\n\t\t\t\t\t\t\t\t\t\n\t\t\t\n\n\t\t<\/div>\n\n\t\t\n\n\t\t<div class=\"section-content relative\">\n\t\t\t\n\n\n\n        <div class=\"sportscamp-empty-state\">\r\n            <div class=\"empty-state-content\">\r\n                <h3>Nessun campo trovato<\/h3>\r\n                                    <p>L'elenco dei campi \"next-beach-tennis-camps\" \u00e8 vuoto o non trovato.<\/p>\r\n                            <\/div>\r\n        <\/div>\r\n        \n\n\n\t\t<\/div>\n\n\t\t\n<style>\n#section_931008675 {\n  padding-top: 0px;\n  padding-bottom: 0px;\n}\n<\/style>\n\t<\/section>\n\t\n\n\t<section class=\"section\" id=\"section_1770207215\">\n\t\t<div class=\"section-bg fill\" >\n\t\t\t\t\t\t\t\t\t\n\t\t\t\n\n\t\t<\/div>\n\n\t\t\n\n\t\t<div class=\"section-content relative\">\n\t\t\t\n\n<div class=\"row\"  id=\"row-1911962013\">\n\n\n\t<div id=\"col-860533747\" class=\"col medium-6 small-12 large-6\"  >\n\t\t\t\t<div class=\"col-inner\"  >\n\t\t\t\n\t\t\t\n\n<div class=\"container section-title-container\" ><h2 class=\"section-title section-title-center\"><b aria-hidden=\"true\"><\/b><span class=\"section-title-main\" style=\"font-size:151%;color:rgb(255, 255, 255);\">campi da beach tennis 2025<\/span><b aria-hidden=\"true\"><\/b><\/h2><\/div>\n\n<p style=\"text-align: justify;\"><span style=\"color: #ffffff;\">Ognuno dei nostri campi di beach tennis \u00e8 una grande opportunit\u00e0 per migliorare le tue abilit\u00e0, trascorrere una vacanza attiva e conoscere persone interessanti che condividono gli stessi interessi. La giornata normale del campo consiste in 2 sessioni di allenamento sulla sabbia, workshop serali o altre attivit\u00e0 e un rinfresco serale. Adattiamo il programma di allenamento al livello di avanzamento e alle aspettative dei gruppi. Ci concentriamo sulla qualit\u00e0 dell&#8217;allenamento ed \u00e8 per questo che lavoriamo solo con allenatori esperti e collaudati, spesso con precedenti esperienze agonistiche di alto livello.   <\/span><\/p>\n\n\t\t<\/div>\n\t\t\t\t\t<\/div>\n\n\t\n\n\t<div id=\"col-1322440870\" class=\"col medium-6 small-12 large-6\"  >\n\t\t\t\t<div class=\"col-inner\"  >\n\t\t\t\n\t\t\t\n\n\t<div class=\"img has-hover x md-x lg-x y md-y lg-y\" id=\"image_590177883\">\n\t\t\t\t\t\t\t\t<div class=\"img-inner dark\" >\n\t\t\t<img loading=\"lazy\" decoding=\"async\" width=\"1020\" height=\"682\" src=\"https:\/\/kontracamps.com\/wp-content\/uploads\/2025\/10\/DSC6586-84.jpg\" class=\"attachment-large size-large\" alt=\"\" srcset=\"https:\/\/kontracamps.com\/wp-content\/uploads\/2025\/10\/DSC6586-84.jpg 1200w, https:\/\/kontracamps.com\/wp-content\/uploads\/2025\/10\/DSC6586-84-600x401.jpg 600w, https:\/\/kontracamps.com\/wp-content\/uploads\/2025\/10\/DSC6586-84-640x428.jpg 640w, https:\/\/kontracamps.com\/wp-content\/uploads\/2025\/10\/DSC6586-84-768x513.jpg 768w\" sizes=\"auto, (max-width: 1020px) 100vw, 1020px\" \/>\t\t\t\t\t\t\n\t\t\t\t\t<\/div>\n\t\t\t\t\t\t\t\t\n<style>\n#image_590177883 {\n  width: 100%;\n}\n<\/style>\n\t<\/div>\n\t\n\n\n\t\t<\/div>\n\t\t\t\t\t<\/div>\n\n\t\n\n<\/div>\n\n\t\t<\/div>\n\n\t\t\n<style>\n#section_1770207215 {\n  padding-top: 30px;\n  padding-bottom: 30px;\n  background-color: rgb(1, 34, 77);\n}\n<\/style>\n\t<\/section>\n\t\n\n\t<section class=\"section\" id=\"section_1555819425\">\n\t\t<div class=\"section-bg fill\" >\n\t\t\t\t\t\t\t\t\t\n\t\t\t\n\n\t\t<\/div>\n\n\t\t\n\n\t\t<div class=\"section-content relative\">\n\t\t\t\n\n\n\t\t<\/div>\n\n\t\t\n<style>\n#section_1555819425 {\n  padding-top: 30px;\n  padding-bottom: 30px;\n}\n<\/style>\n\t<\/section>\n\t\n\n","protected":false},"excerpt":{"rendered":"","protected":false},"author":1,"featured_media":0,"parent":11041,"menu_order":0,"comment_status":"closed","ping_status":"closed","template":"page-blank.php","meta":{"footnotes":""},"categories":[433],"folder":[],"class_list":["post-11035","page","type-page","status-publish","hentry","category-beach-tennis-it"],"aioseo_notices":[],"_links":{"self":[{"href":"https:\/\/kontracamps.com\/it\/wp-json\/wp\/v2\/pages\/11035","targetHints":{"allow":["GET"]}}],"collection":[{"href":"https:\/\/kontracamps.com\/it\/wp-json\/wp\/v2\/pages"}],"about":[{"href":"https:\/\/kontracamps.com\/it\/wp-json\/wp\/v2\/types\/page"}],"author":[{"embeddable":true,"href":"https:\/\/kontracamps.com\/it\/wp-json\/wp\/v2\/users\/1"}],"replies":[{"embeddable":true,"href":"https:\/\/kontracamps.com\/it\/wp-json\/wp\/v2\/comments?post=11035"}],"version-history":[{"count":5,"href":"https:\/\/kontracamps.com\/it\/wp-json\/wp\/v2\/pages\/11035\/revisions"}],"predecessor-version":[{"id":11909,"href":"https:\/\/kontracamps.com\/it\/wp-json\/wp\/v2\/pages\/11035\/revisions\/11909"}],"up":[{"embeddable":true,"href":"https:\/\/kontracamps.com\/it\/wp-json\/wp\/v2\/pages\/11041"}],"wp:attachment":[{"href":"https:\/\/kontracamps.com\/it\/wp-json\/wp\/v2\/media?parent=11035"}],"wp:term":[{"taxonomy":"category","embeddable":true,"href":"https:\/\/kontracamps.com\/it\/wp-json\/wp\/v2\/categories?post=11035"},{"taxonomy":"folder","embeddable":true,"href":"https:\/\/kontracamps.com\/it\/wp-json\/wp\/v2\/folder?post=11035"}],"curies":[{"name":"wp","href":"https:\/\/api.w.org\/{rel}","templated":true}]}}