{"id":12482,"date":"2025-06-26T10:55:26","date_gmt":"2025-06-26T08:55:26","guid":{"rendered":"https:\/\/kontracamps.com\/rejestr\/"},"modified":"2025-06-26T10:55:26","modified_gmt":"2025-06-26T08:55:26","slug":"rejestr","status":"publish","type":"page","link":"https:\/\/kontracamps.com\/pl\/rejestr\/","title":{"rendered":"Rejestr"},"content":{"rendered":"\n<div class=\"um um-register um-6642\">\n\t<div class=\"um-form\" data-mode=\"register\">\n\t\t<form method=\"post\" action=\"\">\n\t\t\t<div class=\"um-row _um_row_1 \" style=\"margin: 0 0 30px 0;\"><div class=\"um-col-1\"><div  id=\"um_field_6642_user_email\" class=\"um-field um-field-text  um-field-user_email um-field-text um-field-type_text\" data-key=\"user_email\"><div class=\"um-field-label\"><label for=\"user_email-6642\">E-mail Address<\/label><div class=\"um-clear\"><\/div><\/div><div class=\"um-field-area\"><input  autocomplete=\"off\" class=\"um-form-field valid \" type=\"text\" name=\"user_email-6642\" id=\"user_email-6642\" value=\"\" placeholder=\"\" data-validate=\"unique_email\" data-key=\"user_email\"  aria-invalid=\"false\" \/>\n\n\t\t\t\t\t\t<\/div><\/div><div  id=\"um_field_6642_first_name\" class=\"um-field um-field-text  um-field-first_name um-field-text um-field-type_text\" data-key=\"first_name\"><div class=\"um-field-label\"><label for=\"first_name-6642\">Imi\u0119<\/label><div class=\"um-clear\"><\/div><\/div><div class=\"um-field-area\"><input  autocomplete=\"off\" class=\"um-form-field valid \" type=\"text\" name=\"first_name-6642\" id=\"first_name-6642\" value=\"\" placeholder=\"\" data-validate=\"\" data-key=\"first_name\"  aria-invalid=\"false\" \/>\n\n\t\t\t\t\t\t<\/div><\/div><div  id=\"um_field_6642_last_name\" class=\"um-field um-field-text  um-field-last_name um-field-text um-field-type_text\" data-key=\"last_name\"><div class=\"um-field-label\"><label for=\"last_name-6642\">Nazwisko<\/label><div class=\"um-clear\"><\/div><\/div><div class=\"um-field-area\"><input  autocomplete=\"off\" class=\"um-form-field valid \" type=\"text\" name=\"last_name-6642\" id=\"last_name-6642\" value=\"\" placeholder=\"\" data-validate=\"\" data-key=\"last_name\"  aria-invalid=\"false\" \/>\n\n\t\t\t\t\t\t<\/div><\/div><div  id=\"um_field_6642_user_password\" class=\"um-field um-field-password  um-field-user_password um-field-password um-field-type_password\" data-key=\"user_password\"><div class=\"um-field-label\"><label for=\"user_password-6642\">Has\u0142o<\/label><div class=\"um-clear\"><\/div><\/div><div class=\"um-field-area\"><input class=\"um-form-field valid \" type=\"password\" name=\"user_password-6642\" id=\"user_password-6642\" value=\"\" placeholder=\"\" data-validate=\"\" data-key=\"user_password\"  aria-invalid=\"false\" \/>\n\n\t\t\t\t\t\t\t<\/div><\/div><div  id=\"um_field_6642_confirm_user_password\" class=\"um-field um-field-password  um-field-user_password um-field-password um-field-type_password\" data-key=\"confirm_user_password\"><div class=\"um-field-label\"><label for=\"confirm_user_password-6642\">Potwierd\u017a Has\u0142o<\/label><div class=\"um-clear\"><\/div><\/div><div class=\"um-field-area\"><input class=\"um-form-field valid \" type=\"password\" name=\"confirm_user_password-6642\" id=\"confirm_user_password-6642\" value=\"\" placeholder=\"Potwierd\u017a Has\u0142o\" data-validate=\"\" data-key=\"confirm_user_password\"  aria-invalid=\"false\" \/><\/div><\/div><div  id=\"um_field_6642_gender\" class=\"um-field um-field-radio  um-field-gender um-field-radio um-field-type_radio\" data-key=\"gender\"  aria-invalid=\"false\" ><div class=\"um-field-label\"><label for=\"gender-6642\">P\u0142e\u0107<\/label><div class=\"um-clear\"><\/div><\/div><div class=\"um-field-area\"><label class=\"um-field-radio  um-field-half \"><input  type=\"radio\" name=\"gender[]\" value=\"Male\"  \/><span class=\"um-field-radio-state\"><i class=\"um-icon-android-radio-button-off\"><\/i><\/span><span class=\"um-field-radio-option\">M\u0119\u017cczyzna<\/span><\/label><label class=\"um-field-radio  um-field-half  right \"><input  type=\"radio\" name=\"gender[]\" value=\"Female\"  \/><span class=\"um-field-radio-state\"><i class=\"um-icon-android-radio-button-off\"><\/i><\/span><span class=\"um-field-radio-option\">Kobieta<\/span><\/label><div class=\"um-clear\"><\/div><div class=\"um-clear\"><\/div><\/div><\/div><div  id=\"um_field_6642_birth_date\" class=\"um-field um-field-date  um-field-birth_date um-field-date um-field-type_date\" data-key=\"birth_date\"><div class=\"um-field-label\"><div class=\"um-field-label-icon\"><i class=\"far fa-calendar-days\" aria-label=\"Birth Date\"><\/i><\/div><label for=\"birth_date-6642\">Data urodzenia<\/label><div class=\"um-clear\"><\/div><\/div><div class=\"um-field-area\"><input   class=\"um-form-field valid um-datepicker \" type=\"text\" name=\"birth_date-6642\" id=\"birth_date-6642\" value=\"\" placeholder=\"\" data-validate=\"\" data-key=\"birth_date\" data-range=\"years\" data-years=\"115\" data-years_x=\"past\" data-disabled_weekdays=\"\" data-date_min=\"1911,4,16\" data-date_max=\"2026,4,16\" data-format=\"d mmm yyyy\" data-value=\"\"  aria-invalid=\"false\" \/>\n\n\t\t\t\t\t\t<\/div><\/div><div  id=\"um_field_6642_country\" class=\"um-field um-field-select  um-field-country um-field-select um-field-type_select\" data-key=\"country\"><div class=\"um-field-label\"><label for=\"country-6642\">Kraj<\/label><div class=\"um-clear\"><\/div><\/div><div class=\"um-field-area  \"><select data-default=\"\"     name=\"country\" id=\"country\" data-validate=\"\" data-key=\"country\" class=\"um-form-field valid um-s1 \" style=\"width: 100%\" data-placeholder=\"Choose a Country\"   aria-invalid=\"false\" ><option value=\"\"><\/option><option value=\"Afghanistan\" >Afganistan<\/option><option value=\"\u00c5land Islands\" >Wyspy Alandzkie<\/option><option value=\"Albania\" >Albania<\/option><option value=\"Algeria\" >Algieria<\/option><option value=\"American Samoa\" >Samoa Ameryka\u0144skie<\/option><option value=\"Andorra\" >Andora<\/option><option value=\"Angola\" >Angola<\/option><option value=\"Anguilla\" >Anguilla<\/option><option value=\"Antarctica\" >Antarktyda<\/option><option value=\"Antigua and Barbuda\" >Antigua i Barbuda<\/option><option value=\"Argentina\" >Argentyna<\/option><option value=\"Armenia\" >Armenia<\/option><option value=\"Aruba\" >Aruba<\/option><option value=\"Australia\" >Australia<\/option><option value=\"Austria\" >Austria<\/option><option value=\"Azerbaijan\" >Azerbejd\u017can<\/option><option value=\"Bahamas\" >Bahamy<\/option><option value=\"Bahrain\" >Bahrajn<\/option><option value=\"Bangladesh\" >Bangladesz<\/option><option value=\"Barbados\" >Barbados<\/option><option value=\"Belarus\" >Bia\u0142oru\u015b<\/option><option value=\"Belgium\" >Belgia<\/option><option value=\"Belize\" >Belize<\/option><option value=\"Benin\" >Benin<\/option><option value=\"Bermuda\" >Bermudy<\/option><option value=\"Bhutan\" >Bhutan<\/option><option value=\"Bolivia, Plurinational State of\" >Wielonarodowe Pa\u0144stwo Boliwia<\/option><option value=\"Bosnia and Herzegovina\" >Bo\u015bnia i Hercegowina<\/option><option value=\"Botswana\" >Botswana<\/option><option value=\"Bouvet Island\" >Wyspa Bouveta<\/option><option value=\"Brazil\" >Brazylia<\/option><option value=\"British Indian Ocean Territory\" >Brytyjskie Terytorium Oceanu Indyjskiego<\/option><option value=\"Brunei Darussalam\" >Pa\u0144stwo Brunei Darussalam<\/option><option value=\"Bulgaria\" >Bu\u0142garia<\/option><option value=\"Burkina Faso\" >Burkina Faso<\/option><option value=\"Burundi\" >Burundi<\/option><option value=\"Cambodia\" >Kambod\u017ca<\/option><option value=\"Cameroon\" >Kamerun<\/option><option value=\"Canada\" >Kanada<\/option><option value=\"Cape Verde\" >Republika Zielonego Przyl\u0105dka<\/option><option value=\"Cayman Islands\" >Kajmany<\/option><option value=\"Central African Republic\" >Republika \u015arodkowoafryka\u0144ska<\/option><option value=\"Chad\" >Czad<\/option><option value=\"Chile\" >Chile<\/option><option value=\"China\" >Chiny<\/option><option value=\"Christmas Island\" >Wyspa Bo\u017cego Narodzenia<\/option><option value=\"Cocos (Keeling) Islands\" >Wyspy Kokosowe<\/option><option value=\"Colombia\" >Kolumbia<\/option><option value=\"Comoros\" >Komory<\/option><option value=\"Congo\" >Kongo<\/option><option value=\"Congo, the Democratic Republic of the\" >Demokratyczna Republika Konga<\/option><option value=\"Cook Islands\" >Wyspy Cooka<\/option><option value=\"Costa Rica\" >Kostaryka<\/option><option value=\"C\u00f4te d&#039;Ivoire\" >Wybrze\u017ce Ko\u015bci S\u0142oniowej<\/option><option value=\"Croatia\" >Chorwacja<\/option><option value=\"Cuba\" >Kuba<\/option><option value=\"Cyprus\" >Cypr<\/option><option value=\"Czech Republic\" >Republika Czeska<\/option><option value=\"Denmark\" >Dania<\/option><option value=\"Djibouti\" >D\u017cibuti<\/option><option value=\"Dominica\" >Wsp\u00f3lnota Dominiki<\/option><option value=\"Dominican Republic\" >Republika Dominika\u0144ska<\/option><option value=\"Ecuador\" >Ekwador<\/option><option value=\"Egypt\" >Egipt<\/option><option value=\"El Salvador\" >Salwador<\/option><option value=\"Equatorial Guinea\" >Gwinea R\u00f3wnikowa<\/option><option value=\"Eritrea\" >Erytrea<\/option><option value=\"Estonia\" >Estonia<\/option><option value=\"Ethiopia\" >Etiopia<\/option><option value=\"Falkland Islands (Malvinas)\" >Falklandy<\/option><option value=\"Faroe Islands\" >Wyspy Owcze<\/option><option value=\"Fiji\" >Fid\u017ci<\/option><option value=\"Finland\" >Finlandia<\/option><option value=\"France\" >Francja<\/option><option value=\"French Guiana\" >Gujana Francuska<\/option><option value=\"French Polynesia\" >Polinezja Francuska<\/option><option value=\"French Southern Territories\" >Francuskie Terytoria Po\u0142udniowe<\/option><option value=\"Gabon\" >Gabon<\/option><option value=\"Gambia\" >Gambia<\/option><option value=\"Sakartvelo\" >Sakartvelo<\/option><option value=\"Germany\" >Niemcy<\/option><option value=\"Ghana\" >Ghana<\/option><option value=\"Gibraltar\" >Gibraltar<\/option><option value=\"Greece\" >Grecja<\/option><option value=\"Greenland\" >Grenlandia<\/option><option value=\"Grenada\" >Grenada<\/option><option value=\"Guadeloupe\" >Gwadelupa<\/option><option value=\"Guam\" >Guam<\/option><option value=\"Guatemala\" >Gwatemala<\/option><option value=\"Guernsey\" >Guernsey<\/option><option value=\"Guinea\" >Gwinea<\/option><option value=\"Guinea-Bissau\" >Gwinea Bissau<\/option><option value=\"Guyana\" >Gujana<\/option><option value=\"Haiti\" >Haiti<\/option><option value=\"Heard Island and McDonald Islands\" >Wyspy Heard i McDonald<\/option><option value=\"Holy See (Vatican City State)\" >Stolica Apostolska<\/option><option value=\"Honduras\" >Honduras<\/option><option value=\"Hong Kong\" >Hongkong<\/option><option value=\"Hungary\" >W\u0119gry<\/option><option value=\"Iceland\" >Islandia<\/option><option value=\"India\" >Indie<\/option><option value=\"Indonesia\" >Indonezja<\/option><option value=\"Iran, Islamic Republic of\" >Islamska Republika Iranu<\/option><option value=\"Iraq\" >Irak<\/option><option value=\"Ireland\" >Irlandia<\/option><option value=\"Isle of Man\" >Wyspa Man<\/option><option value=\"Israel\" >Izrael<\/option><option value=\"Italy\" >W\u0142ochy<\/option><option value=\"Jamaica\" >Jamajka<\/option><option value=\"Japan\" >Japonia<\/option><option value=\"Jersey\" >Jersey<\/option><option value=\"Jordan\" >Jordania<\/option><option value=\"Kazakhstan\" >Kazachstan<\/option><option value=\"Kenya\" >Kenia<\/option><option value=\"Kiribati\" >Kiribati<\/option><option value=\"Korea, Democratic People&#039;s Republic of\" >Korea\u0144ska Republika Ludowo-Demokratyczna<\/option><option value=\"Korea, Republic of\" >Korea Po\u0142udniowa<\/option><option value=\"Kuwait\" >Kuwejt<\/option><option value=\"Kyrgyzstan\" >Kirgistan<\/option><option value=\"Lao People&#039;s Democratic Republic\" >Laota\u0144ska Republika Ludowo-Demokratyczna<\/option><option value=\"Latvia\" >\u0141otwa<\/option><option value=\"Lebanon\" >Liban<\/option><option value=\"Lesotho\" >Lesoto<\/option><option value=\"Liberia\" >Liberia<\/option><option value=\"Libyan Arab Jamahiriya\" >Libia<\/option><option value=\"Liechtenstein\" >Liechtenstein<\/option><option value=\"Lithuania\" >Litwa<\/option><option value=\"Luxembourg\" >Luksemburg<\/option><option value=\"Macao\" >Makau<\/option><option value=\"North Macedonia\" >North Macedonia<\/option><option value=\"Madagascar\" >Madagaskar<\/option><option value=\"Malawi\" >Malawi<\/option><option value=\"Malaysia\" >Malezja<\/option><option value=\"Maldives\" >Malediwy<\/option><option value=\"Mali\" >Mali<\/option><option value=\"Malta\" >Malta<\/option><option value=\"Marshall Islands\" >Wyspy Marshalla<\/option><option value=\"Martinique\" >Martynika<\/option><option value=\"Mauritania\" >Mauretania<\/option><option value=\"Mauritius\" >Mauritius<\/option><option value=\"Mayotte\" >Majotta<\/option><option value=\"Mexico\" >Meksyk<\/option><option value=\"Micronesia, Federated States of\" >Mikronezja<\/option><option value=\"Moldova, Republic of\" >Mo\u0142dawia<\/option><option value=\"Monaco\" >Monako<\/option><option value=\"Mongolia\" >Mongolia<\/option><option value=\"Montenegro\" >Czarnog\u00f3ra<\/option><option value=\"Montserrat\" >Montserrat<\/option><option value=\"Morocco\" >Maroko<\/option><option value=\"Mozambique\" >Mozambik<\/option><option value=\"Myanmar\" >Mjanma<\/option><option value=\"Namibia\" >Namibia<\/option><option value=\"Nauru\" >Nauru<\/option><option value=\"Nepal\" >Nepal<\/option><option value=\"Netherlands\" >Holandia<\/option><option value=\"Netherlands Antilles\" >Antyle Holenderskie<\/option><option value=\"New Caledonia\" >Nowa Kaledonia<\/option><option value=\"New Zealand\" >Nowa Zelandia<\/option><option value=\"Nicaragua\" >Nikaragua<\/option><option value=\"Niger\" >Niger<\/option><option value=\"Nigeria\" >Nigeria<\/option><option value=\"Niue\" >Niue<\/option><option value=\"Norfolk Island\" >Norfolk<\/option><option value=\"Northern Mariana Islands\" >Mariany P\u00f3\u0142nocne<\/option><option value=\"Norway\" >Norwegia<\/option><option value=\"Oman\" >Oman<\/option><option value=\"Pakistan\" >Pakistan<\/option><option value=\"Palau\" >Palau<\/option><option value=\"Palestine\" >Palestyna<\/option><option value=\"Panama\" >Panama<\/option><option value=\"Papua New Guinea\" >Papua-Nowa Gwinea<\/option><option value=\"Paraguay\" >Paragwaj<\/option><option value=\"Peru\" >Peru<\/option><option value=\"Philippines\" >Filipiny<\/option><option value=\"Pitcairn\" >Pitcairn<\/option><option value=\"Poland\" >Polska<\/option><option value=\"Portugal\" >Portugalia<\/option><option value=\"Puerto Rico\" >Portoryko<\/option><option value=\"Qatar\" >Katar<\/option><option value=\"R\u00e9union\" >Reunion<\/option><option value=\"Romania\" >Rumunia<\/option><option value=\"Russian Federation\" >Rosja<\/option><option value=\"Rwanda\" >Rwanda<\/option><option value=\"Saint Barth\u00e9lemy\" >Saint-Barth\u00e9lemy<\/option><option value=\"Saint Helena\" >Wyspa \u015awi\u0119tej Heleny<\/option><option value=\"Saint Kitts and Nevis\" >Saint Kitts i Nevis<\/option><option value=\"Saint Lucia\" >Saint Lucia<\/option><option value=\"Saint Martin (French part)\" >Saint-Martin<\/option><option value=\"Saint Pierre and Miquelon\" >Saint-Pierre i Miquelon<\/option><option value=\"Saint Vincent and the Grenadines\" >Saint Vincent i Grenadyny<\/option><option value=\"Samoa\" >Samoa<\/option><option value=\"San Marino\" >San Marino<\/option><option value=\"Sao Tome and Principe\" >Wyspy \u015awi\u0119tego Tomasza i Ksi\u0105\u017c\u0119ca<\/option><option value=\"Saudi Arabia\" >Arabia Saudyjska<\/option><option value=\"Senegal\" >Senegal<\/option><option value=\"Serbia\" >Serbia<\/option><option value=\"Seychelles\" >Seszele<\/option><option value=\"Sierra Leone\" >Sierra Leone<\/option><option value=\"Singapore\" >Singapur<\/option><option value=\"Slovakia\" >S\u0142owacja<\/option><option value=\"Slovenia\" >S\u0142owenia<\/option><option value=\"Solomon Islands\" >Wyspy Salomona<\/option><option value=\"Somalia\" >Somalia<\/option><option value=\"South Africa\" >Republika Po\u0142udniowej Afryki<\/option><option value=\"South Georgia and the South Sandwich Islands\" >Georgia Po\u0142udniowa i Sandwich Po\u0142udniowy<\/option><option value=\"South Sudan\" >Sudan Po\u0142udniowy<\/option><option value=\"Spain\" >Hiszpania<\/option><option value=\"Sri Lanka\" >Sri Lanka<\/option><option value=\"Sudan\" >Sudan<\/option><option value=\"Suriname\" >Surinam<\/option><option value=\"Svalbard and Jan Mayen\" >Svalbard i Jan Mayen<\/option><option value=\"Eswatini\" >Eswatini<\/option><option value=\"Sweden\" >Szwecja<\/option><option value=\"Switzerland\" >Szwajcaria<\/option><option value=\"Syrian Arab Republic\" >Republika Syryjsko-Arabska<\/option><option value=\"Taiwan, Province of China\" >Tajwan, prowincja Chin<\/option><option value=\"Tajikistan\" >Tad\u017cykistan<\/option><option value=\"Tanzania, United Republic of\" >Zjednoczona Republika Tanzanii<\/option><option value=\"Thailand\" >Tajlandia<\/option><option value=\"Timor-Leste\" >Timor Wschodni<\/option><option value=\"Togo\" >Togo<\/option><option value=\"Tokelau\" >Tokelau<\/option><option value=\"Tonga\" >tonga<\/option><option value=\"Trinidad and Tobago\" >Trynidad i Tobago<\/option><option value=\"Tunisia\" >Tunezja<\/option><option value=\"T\u00fcrkiye\" >T\u00fcrkiye<\/option><option value=\"Turkmenistan\" >Turkmenistan<\/option><option value=\"Turks and Caicos Islands\" >Turks i Caicos<\/option><option value=\"Tuvalu\" >Tuvalu<\/option><option value=\"Uganda\" >Uganda<\/option><option value=\"Ukraine\" >Ukraina<\/option><option value=\"United Arab Emirates\" >Zjednoczone Emiraty Arabskie<\/option><option value=\"United Kingdom\" >Wielka Brytania<\/option><option value=\"United States\" >Stany Zjednoczone<\/option><option value=\"United States Minor Outlying Islands\" >Dalekie Wyspy Mniejsze Stan\u00f3w Zjednoczonych<\/option><option value=\"Uruguay\" >Urugwaj<\/option><option value=\"Uzbekistan\" >Uzbekistan<\/option><option value=\"Vanuatu\" >Vanuatu<\/option><option value=\"Venezuela, Bolivarian Republic of\" >Wenezuela, Republika Boliwii<\/option><option value=\"Viet Nam\" >Wietnam<\/option><option value=\"Virgin Islands, British\" >Brytyjskie Wyspy Dziewicze<\/option><option value=\"Virgin Islands, U.S.\" >Wyspy Dziewicze Stan\u00f3w Zjednoczonych<\/option><option value=\"Wallis and Futuna\" >Wallis i Futuna<\/option><option value=\"Western Sahara\" >Sahara Zachodnia<\/option><option value=\"Yemen\" >Jemen<\/option><option value=\"Zambia\" >Zambia<\/option><option value=\"Zimbabwe\" >Zimbabwe<\/option><\/select><\/div><\/div><\/div><\/div>\t<input type=\"hidden\" name=\"form_id\" id=\"form_id_6642\" value=\"6642\" \/>\n\t\t<p class=\"um_request_name\">\n\t\t<label for=\"um_request_6642\">Only fill in if you are not human<\/label>\n\t\t<input type=\"hidden\" name=\"um_request\" id=\"um_request_6642\" class=\"input\" value=\"\" size=\"25\" autocomplete=\"off\" \/>\n\t<\/p>\n\t<input type=\"hidden\" id=\"_wpnonce\" name=\"_wpnonce\" value=\"22c6320b45\" \/><input type=\"hidden\" name=\"_wp_http_referer\" value=\"\/pl\/wp-json\/wp\/v2\/pages\/12482\" \/>\n\t<div class=\"um-col-alt\">\n\n\t\t\n\t\t\t<div class=\"um-left um-half\">\n\t\t\t\t<input type=\"submit\" value=\"Zarejestruj si\u0119\" class=\"um-button\" id=\"um-submit-btn\" \/>\n\t\t\t<\/div>\n\t\t\t<div class=\"um-right um-half\">\n\t\t\t\t<a href=\"https:\/\/kontracamps.com\/pl\/logowanie\/\" class=\"um-button um-alt\">\n\t\t\t\t\tLogowanie\t\t\t\t<\/a>\n\t\t\t<\/div>\n\n\t\t\n\t\t<div class=\"um-clear\"><\/div>\n\n\t<\/div>\n\n\t\t\t<\/form>\n\t<\/div>\n<\/div>\n<style>\n\t\t\t.um-6642.um {\n\t\t\tmax-width: 450px;\n\t\t}\n\t\t<\/style>\n\n","protected":false},"excerpt":{"rendered":"","protected":false},"author":4,"featured_media":0,"parent":0,"menu_order":0,"comment_status":"closed","ping_status":"closed","template":"","meta":{"footnotes":""},"categories":[],"folder":[],"class_list":["post-12482","page","type-page","status-publish","hentry"],"aioseo_notices":[],"_links":{"self":[{"href":"https:\/\/kontracamps.com\/pl\/wp-json\/wp\/v2\/pages\/12482","targetHints":{"allow":["GET"]}}],"collection":[{"href":"https:\/\/kontracamps.com\/pl\/wp-json\/wp\/v2\/pages"}],"about":[{"href":"https:\/\/kontracamps.com\/pl\/wp-json\/wp\/v2\/types\/page"}],"author":[{"embeddable":true,"href":"https:\/\/kontracamps.com\/pl\/wp-json\/wp\/v2\/users\/4"}],"replies":[{"embeddable":true,"href":"https:\/\/kontracamps.com\/pl\/wp-json\/wp\/v2\/comments?post=12482"}],"version-history":[{"count":0,"href":"https:\/\/kontracamps.com\/pl\/wp-json\/wp\/v2\/pages\/12482\/revisions"}],"wp:attachment":[{"href":"https:\/\/kontracamps.com\/pl\/wp-json\/wp\/v2\/media?parent=12482"}],"wp:term":[{"taxonomy":"category","embeddable":true,"href":"https:\/\/kontracamps.com\/pl\/wp-json\/wp\/v2\/categories?post=12482"},{"taxonomy":"folder","embeddable":true,"href":"https:\/\/kontracamps.com\/pl\/wp-json\/wp\/v2\/folder?post=12482"}],"curies":[{"name":"wp","href":"https:\/\/api.w.org\/{rel}","templated":true}]}}