{"id":8678,"date":"2025-10-12T13:10:24","date_gmt":"2025-10-12T11:10:24","guid":{"rendered":"https:\/\/kontracamps.com\/padel\/"},"modified":"2026-03-04T11:35:42","modified_gmt":"2026-03-04T10:35:42","slug":"padel","status":"publish","type":"page","link":"https:\/\/kontracamps.com\/pl\/padel\/","title":{"rendered":"Padel"},"content":{"rendered":"\n\n\t<section class=\"section dark\" id=\"section_421747586\">\n\t\t<div class=\"section-bg fill\" >\n\t\t\t<img loading=\"lazy\" decoding=\"async\" width=\"2000\" height=\"1500\" src=\"https:\/\/kontracamps.com\/wp-content\/uploads\/2025\/10\/Kontra_Camp_Mallorca_2025-275-2-1.jpg\" class=\"bg attachment-original size-original\" alt=\"\" \/>\t\t\t\t\t\t\n\t\t\t\n\n\t\t<\/div>\n\n\t\t\n\n\t\t<div class=\"section-content relative\">\n\t\t\t\n\n<div class=\"row align-bottom align-center\"  id=\"row-1771011262\">\n\n\n\t<div id=\"col-1824686958\" class=\"col small-12 large-12\"  >\n\t\t\t\t<div class=\"col-inner text-center\"  >\n\t\t\t\n\t\t\t\n\n\t<div id=\"text-2302949300\" class=\"text\">\n\t\t\n\n<h1 style=\"font-family: 'Montserrat', sans-serif; font-weight: bold; text-shadow: 5px 5px 5px #000;\">OBOZY PADLA<br>2025 | 2026<\/h1>\n\t\t\n<style>\n#text-2302949300 {\n  font-size: 0.85rem;\n  text-align: center;\n  color: rgb(255, 255, 255);\n}\n#text-2302949300 > * {\n  color: rgb(255, 255, 255);\n}\n@media (min-width:550px) {\n  #text-2302949300 {\n    font-size: 1.6rem;\n  }\n}\n<\/style>\n\t<\/div>\n\t\n\t<div id=\"gap-1784606048\" class=\"gap-element clearfix show-for-small\" style=\"display:block; height:auto;\">\n\t\t\n<style>\n#gap-1784606048 {\n  padding-top: 100px;\n}\n@media (min-width:550px) {\n  #gap-1784606048 {\n    padding-top: 200px;\n  }\n}\n<\/style>\n\t<\/div>\n\t\n\n\t<div id=\"gap-1398280652\" class=\"gap-element clearfix hide-for-medium\" style=\"display:block; height:auto;\">\n\t\t\n<style>\n#gap-1398280652 {\n  padding-top: 100px;\n}\n@media (min-width:550px) {\n  #gap-1398280652 {\n    padding-top: 200px;\n  }\n}\n<\/style>\n\t<\/div>\n\t\n\n\n\t\t<\/div>\n\t\t\t\t\n<style>\n#col-1824686958 > .col-inner {\n  padding: 0px 0px 0px 0px;\n}\n<\/style>\n\t<\/div>\n\n\t\n\n<\/div>\n<div class=\"row align-bottom align-center\"  id=\"row-1266692947\">\n\n\n\t<div id=\"col-1663076803\" class=\"col small-12 large-12\"  >\n\t\t\t\t<div class=\"col-inner text-center dark\"  >\n\t\t\t\n\t\t\t\n\n\t<div id=\"text-3756709219\" class=\"text shadow\">\n\t\t\n\n<h4 style=\"font-family: 'Montserrat', sans-serif; font-weight: bold; text-shadow: 5px 5px 5px #000;\">Zobacz nasze nast\u0119pne obozy<\/h4>\n\t\t\n<style>\n#text-3756709219 {\n  font-size: 1.2rem;\n  line-height: 0.8;\n  text-align: center;\n  color: rgb(255, 255, 255);\n}\n#text-3756709219 > * {\n  color: rgb(255, 255, 255);\n}\n@media (min-width:550px) {\n  #text-3756709219 {\n    font-size: 0.75rem;\n    text-align: center;\n  }\n}\n@media (min-width:850px) {\n  #text-3756709219 {\n    font-size: 1.75rem;\n  }\n}\n<\/style>\n\t<\/div>\n\t\n<a href=\"https:\/\/kontracamps.com\/pl\/padel\/obozy-padla\/\" class=\"button primary\" >\n\t\t<span>kliknij tutaj<\/span>\n\t<\/a>\n\n\n\n\t\t<\/div>\n\t\t\t\t\t<\/div>\n\n\t\n\n<\/div>\n\n\t\t<\/div>\n\n\t\t\n<style>\n#section_421747586 {\n  padding-top: 20px;\n  padding-bottom: 20px;\n  min-height: 300px;\n}\n#section_421747586 .section-bg img {\n  object-position: Relative;\n}\n@media (min-width:550px) {\n  #section_421747586 {\n    padding-top: 30px;\n    padding-bottom: 30px;\n    min-height: 700px;\n  }\n}\n<\/style>\n\t<\/section>\n\t\n\n\t<section class=\"section\" id=\"section_443179815\">\n\t\t<div class=\"section-bg fill\" >\n\t\t\t\t\t\t\t\t\t\n\t\t\t\n\n\t\t<\/div>\n\n\t\t\n\n\t\t<div class=\"section-content relative\">\n\t\t\t\n\n<div class=\"row align-center\"  id=\"row-374879377\">\n\n\n\t<div id=\"col-1366075289\" class=\"col medium-8 small-12 large-8\"  >\n\t\t\t\t<div class=\"col-inner text-center\"  >\n\t\t\t\n\t\t\t\n\n\t<div id=\"text-4053104926\" class=\"text\">\n\t\t\n\n<p> <\/p>\n<h2 class=\"uppercase\" style=\"text-align: center;\">Obozy padla 2025-2026<\/h2>\n<p style=\"text-align: center;\">Lubisz aktywne wakacje? Padel to Twoja pasja? Chcesz poprawi\u0107 swoje umiej\u0119tno\u015bci i pogra\u0107 w padla? A mo\u017ce chcesz dopiero zacz\u0105\u0107 i nauczy\u0107 si\u0119 czego\u015b od zera? Do\u0142\u0105cz do jednego z naszych oboz\u00f3w!  <\/p>\n\t\t\n<style>\n#text-4053104926 {\n  line-height: 1.5;\n}\n<\/style>\n\t<\/div>\n\t\n\n\t\t<\/div>\n\t\t\t\t\t<\/div>\n\n\t\n\n<\/div>\n\n\t\t<\/div>\n\n\t\t\n<style>\n#section_443179815 {\n  padding-top: 10px;\n  padding-bottom: 10px;\n  min-height: 300px;\n}\n@media (min-width:550px) {\n  #section_443179815 {\n    padding-top: 60px;\n    padding-bottom: 60px;\n    min-height: 300px;\n  }\n}\n<\/style>\n\t<\/section>\n\t\n\n\t<section class=\"section\" id=\"section_987640904\">\n\t\t<div class=\"section-bg fill\" >\n\t\t\t\t\t\t\t\t\t\n\t\t\t\n\n\t\t<\/div>\n\n\t\t\n\n\t\t<div class=\"section-content relative\">\n\t\t\t\n\n<div class=\"row row-large align-center\" style=\"max-width:90%\" id=\"row-2144985412\">\n\n\n\t<div id=\"col-570381345\" class=\"col medium-3 small-6 large-3\"  >\n\t\t\t\t<div class=\"col-inner text-center dark\"  >\n\t\t\t\n\t\t\t\n\n\t<div class=\"img has-hover x md-x lg-x y md-y lg-y\" id=\"image_1262262994\">\n\t\t\t\t\t\t<div data-animate=\"flipInY\">\t\t<div class=\"img-inner dark\" >\n\t\t\t<img loading=\"lazy\" decoding=\"async\" width=\"160\" height=\"160\" src=\"https:\/\/kontracamps.com\/wp-content\/uploads\/2025\/09\/small-groups-160x160.png\" class=\"attachment-thumbnail size-thumbnail\" alt=\"\" title=\"small groups\" srcset=\"https:\/\/kontracamps.com\/wp-content\/uploads\/2025\/09\/small-groups-160x160.png 160w, https:\/\/kontracamps.com\/wp-content\/uploads\/2025\/09\/small-groups-100x100.png 100w, https:\/\/kontracamps.com\/wp-content\/uploads\/2025\/09\/small-groups-600x600.png 600w, https:\/\/kontracamps.com\/wp-content\/uploads\/2025\/09\/small-groups-640x640.png 640w, https:\/\/kontracamps.com\/wp-content\/uploads\/2025\/09\/small-groups-768x768.png 768w, https:\/\/kontracamps.com\/wp-content\/uploads\/2025\/09\/small-groups-50x50.png 50w, https:\/\/kontracamps.com\/wp-content\/uploads\/2025\/09\/small-groups.png 800w\" sizes=\"auto, (max-width: 160px) 100vw, 160px\" \/>\t\t\t\t\t\t\n\t\t\t\t\t<\/div>\n\t\t<\/div>\t\t\t\t\t\t\n<style>\n#image_1262262994 {\n  width: 68%;\n}\n<\/style>\n\t<\/div>\n\t\n\n\t<div id=\"text-3537348642\" class=\"text\">\n\t\t\n\n<p style=\"font-weight: 600;\">Ludzie z ca\u0142ego \u015bwiata<\/p>\n\t\t\n<style>\n#text-3537348642 {\n  font-size: 1.1rem;\n  line-height: 1;\n  text-align: center;\n  color: #01224d;\n}\n#text-3537348642 > * {\n  color: #01224d;\n}\n@media (min-width:550px) {\n  #text-3537348642 {\n    line-height: 1.2;\n  }\n}\n<\/style>\n\t<\/div>\n\t\n\t<div id=\"text-838506218\" class=\"text\">\n\t\t\n\n<p>treningi po angielsku<\/p>\n\t\t\n<style>\n#text-838506218 {\n  line-height: 1.2;\n  text-align: center;\n  color: rgb(119, 119, 119);\n}\n#text-838506218 > * {\n  color: rgb(119, 119, 119);\n}\n<\/style>\n\t<\/div>\n\t\n\n\t\t<\/div>\n\t\t\t\t\t<\/div>\n\n\t\n\n\t<div id=\"col-1964264019\" class=\"col medium-3 small-6 large-3\"  >\n\t\t\t\t<div class=\"col-inner text-center dark\"  >\n\t\t\t\n\t\t\t\n\n\t<div class=\"img has-hover x md-x lg-x y md-y lg-y\" id=\"image_710274596\">\n\t\t\t\t\t\t<div data-animate=\"flipInY\">\t\t<div class=\"img-inner dark\" >\n\t\t\t<img loading=\"lazy\" decoding=\"async\" width=\"160\" height=\"160\" src=\"https:\/\/kontracamps.com\/wp-content\/uploads\/2025\/09\/tournament-160x160.png\" class=\"attachment-thumbnail size-thumbnail\" alt=\"\" title=\"tournament\" srcset=\"https:\/\/kontracamps.com\/wp-content\/uploads\/2025\/09\/tournament-160x160.png 160w, https:\/\/kontracamps.com\/wp-content\/uploads\/2025\/09\/tournament-100x100.png 100w, https:\/\/kontracamps.com\/wp-content\/uploads\/2025\/09\/tournament-600x600.png 600w, https:\/\/kontracamps.com\/wp-content\/uploads\/2025\/09\/tournament-640x640.png 640w, https:\/\/kontracamps.com\/wp-content\/uploads\/2025\/09\/tournament-768x768.png 768w, https:\/\/kontracamps.com\/wp-content\/uploads\/2025\/09\/tournament-50x50.png 50w, https:\/\/kontracamps.com\/wp-content\/uploads\/2025\/09\/tournament.png 800w\" sizes=\"auto, (max-width: 160px) 100vw, 160px\" \/>\t\t\t\t\t\t\n\t\t\t\t\t<\/div>\n\t\t<\/div>\t\t\t\t\t\t\n<style>\n#image_710274596 {\n  width: 68%;\n}\n<\/style>\n\t<\/div>\n\t\n\n\t<div id=\"text-944041850\" class=\"text\">\n\t\t\n\n<p style=\"font-weight: 600;\">Wysoka jako\u015b\u0107 treningu<\/p>\n\t\t\n<style>\n#text-944041850 {\n  font-size: 1.1rem;\n  line-height: 1;\n  color: #01224d;\n}\n#text-944041850 > * {\n  color: #01224d;\n}\n@media (min-width:550px) {\n  #text-944041850 {\n    line-height: 1.2;\n  }\n}\n<\/style>\n\t<\/div>\n\t\n\t<div id=\"text-2949382136\" class=\"text\">\n\t\t\n\n<p>indywidualne podej\u015bcie<\/p>\n\t\t\n<style>\n#text-2949382136 {\n  line-height: 1.2;\n  text-align: center;\n  color: rgb(119, 119, 119);\n}\n#text-2949382136 > * {\n  color: rgb(119, 119, 119);\n}\n<\/style>\n\t<\/div>\n\t\n\n\t\t<\/div>\n\t\t\t\t\t<\/div>\n\n\t\n\n\t<div id=\"col-1328391045\" class=\"col medium-3 small-6 large-3\"  >\n\t\t\t\t<div class=\"col-inner text-center dark\"  >\n\t\t\t\n\t\t\t\n\n\t<div class=\"img has-hover x md-x lg-x y md-y lg-y\" id=\"image_1008360656\">\n\t\t\t\t\t\t<div data-animate=\"flipInY\">\t\t<div class=\"img-inner dark\" >\n\t\t\t<img loading=\"lazy\" decoding=\"async\" width=\"160\" height=\"160\" src=\"https:\/\/kontracamps.com\/wp-content\/uploads\/2025\/09\/for-all-levels-160x160.png\" class=\"attachment-thumbnail size-thumbnail\" alt=\"\" title=\"for all levels\" srcset=\"https:\/\/kontracamps.com\/wp-content\/uploads\/2025\/09\/for-all-levels-160x160.png 160w, https:\/\/kontracamps.com\/wp-content\/uploads\/2025\/09\/for-all-levels-100x100.png 100w, https:\/\/kontracamps.com\/wp-content\/uploads\/2025\/09\/for-all-levels-600x600.png 600w, https:\/\/kontracamps.com\/wp-content\/uploads\/2025\/09\/for-all-levels-640x640.png 640w, https:\/\/kontracamps.com\/wp-content\/uploads\/2025\/09\/for-all-levels-768x768.png 768w, https:\/\/kontracamps.com\/wp-content\/uploads\/2025\/09\/for-all-levels-50x50.png 50w, https:\/\/kontracamps.com\/wp-content\/uploads\/2025\/09\/for-all-levels.png 800w\" sizes=\"auto, (max-width: 160px) 100vw, 160px\" \/>\t\t\t\t\t\t\n\t\t\t\t\t<\/div>\n\t\t<\/div>\t\t\t\t\t\t\n<style>\n#image_1008360656 {\n  width: 68%;\n}\n<\/style>\n\t<\/div>\n\t\n\n\t<div id=\"text-4074568587\" class=\"text\">\n\t\t\n\n<p style=\"font-weight: 600;\">Dla wszystkich poziom\u00f3w<\/p>\n\t\t\n<style>\n#text-4074568587 {\n  font-size: 1.1rem;\n  line-height: 1;\n  color: #01224d;\n}\n#text-4074568587 > * {\n  color: #01224d;\n}\n@media (min-width:550px) {\n  #text-4074568587 {\n    line-height: 1.2;\n  }\n}\n<\/style>\n\t<\/div>\n\t\n\t<div id=\"text-4139988443\" class=\"text\">\n\t\t\n\n<p>od pocz\u0105tkuj\u0105cych do profesjonalist\u00f3w<\/p>\n\t\t\n<style>\n#text-4139988443 {\n  line-height: 1.2;\n  text-align: center;\n  color: rgb(119, 119, 119);\n}\n#text-4139988443 > * {\n  color: rgb(119, 119, 119);\n}\n<\/style>\n\t<\/div>\n\t\n\n\t\t<\/div>\n\t\t\t\t\t<\/div>\n\n\t\n\n\t<div id=\"col-1676711457\" class=\"col medium-3 small-6 large-3\"  >\n\t\t\t\t<div class=\"col-inner text-center dark\"  >\n\t\t\t\n\t\t\t\n\n\t<div class=\"img has-hover x md-x lg-x y md-y lg-y\" id=\"image_145734808\">\n\t\t\t\t\t\t<div data-animate=\"flipInY\">\t\t<div class=\"img-inner dark\" >\n\t\t\t<img loading=\"lazy\" decoding=\"async\" width=\"160\" height=\"160\" src=\"https:\/\/kontracamps.com\/wp-content\/uploads\/2025\/09\/Skill-matched-groups-160x160.png\" class=\"attachment-thumbnail size-thumbnail\" alt=\"\" title=\"Skill-matched groups\" srcset=\"https:\/\/kontracamps.com\/wp-content\/uploads\/2025\/09\/Skill-matched-groups-160x160.png 160w, https:\/\/kontracamps.com\/wp-content\/uploads\/2025\/09\/Skill-matched-groups-100x100.png 100w, https:\/\/kontracamps.com\/wp-content\/uploads\/2025\/09\/Skill-matched-groups-600x600.png 600w, https:\/\/kontracamps.com\/wp-content\/uploads\/2025\/09\/Skill-matched-groups-640x640.png 640w, https:\/\/kontracamps.com\/wp-content\/uploads\/2025\/09\/Skill-matched-groups-768x768.png 768w, https:\/\/kontracamps.com\/wp-content\/uploads\/2025\/09\/Skill-matched-groups-50x50.png 50w, https:\/\/kontracamps.com\/wp-content\/uploads\/2025\/09\/Skill-matched-groups.png 800w\" sizes=\"auto, (max-width: 160px) 100vw, 160px\" \/>\t\t\t\t\t\t\n\t\t\t\t\t<\/div>\n\t\t<\/div>\t\t\t\t\t\t\n<style>\n#image_145734808 {\n  width: 68%;\n}\n<\/style>\n\t<\/div>\n\t\n\n\t<div id=\"text-4216241986\" class=\"text\">\n\t\t\n\n<p style=\"font-weight: 600;\">Grupy dopasowane pod wzgl\u0119dem umiej\u0119tno\u015bci<\/p>\n\t\t\n<style>\n#text-4216241986 {\n  font-size: 1.1rem;\n  line-height: 1;\n  color: #01224d;\n}\n#text-4216241986 > * {\n  color: #01224d;\n}\n@media (min-width:550px) {\n  #text-4216241986 {\n    line-height: 1.2;\n  }\n}\n<\/style>\n\t<\/div>\n\t\n\t<div id=\"text-3007951863\" class=\"text\">\n\t\t\n\n<p>weryfikowane podczas rejestracji<\/p>\n\t\t\n<style>\n#text-3007951863 {\n  line-height: 1.2;\n  text-align: center;\n  color: rgb(119, 119, 119);\n}\n#text-3007951863 > * {\n  color: rgb(119, 119, 119);\n}\n<\/style>\n\t<\/div>\n\t\n\n\t\t<\/div>\n\t\t\t\t\t<\/div>\n\n\t\n\n<\/div>\n\n\t\t<\/div>\n\n\t\t\n<style>\n#section_987640904 {\n  padding-top: 30px;\n  padding-bottom: 30px;\n}\n<\/style>\n\t<\/section>\n\t\n\t<div id=\"gap-840762747\" class=\"gap-element clearfix\" style=\"display:block; height:auto;\">\n\t\t\n<style>\n#gap-840762747 {\n  padding-top: 60px;\n}\n<\/style>\n\t<\/div>\n\t\n\n\t<div id=\"text-3815871020\" class=\"text\">\n\t\t\n\n<h2><strong>OBOZY PADLA &#8211; NASZ FILOZOFIA<\/strong><\/h2>\n\t\t\n<style>\n#text-3815871020 {\n  font-size: 1.1rem;\n  text-align: center;\n}\n@media (min-width:550px) {\n  #text-3815871020 {\n    font-size: 0.75rem;\n    text-align: center;\n  }\n}\n<\/style>\n\t<\/div>\n\t\n<div class=\"row\"  id=\"row-3627070\">\n\n\n\t<div id=\"col-1578452669\" class=\"col medium-6 small-12 large-6\"  >\n\t\t\t\t<div class=\"col-inner\"  >\n\t\t\t\n\t\t\t\n\n\t<div class=\"img has-hover x md-x lg-x y md-y lg-y\" id=\"image_697400476\">\n\t\t\t\t\t\t\t\t<div class=\"img-inner dark\" >\n\t\t\t<img loading=\"lazy\" decoding=\"async\" width=\"1020\" height=\"765\" src=\"https:\/\/kontracamps.com\/wp-content\/uploads\/2025\/10\/Kontra_Camp_Mallorca_2025-263-1.jpg\" class=\"attachment-large size-large\" alt=\"\" srcset=\"https:\/\/kontracamps.com\/wp-content\/uploads\/2025\/10\/Kontra_Camp_Mallorca_2025-263-1.jpg 1200w, https:\/\/kontracamps.com\/wp-content\/uploads\/2025\/10\/Kontra_Camp_Mallorca_2025-263-1-600x450.jpg 600w, https:\/\/kontracamps.com\/wp-content\/uploads\/2025\/10\/Kontra_Camp_Mallorca_2025-263-1-640x480.jpg 640w, https:\/\/kontracamps.com\/wp-content\/uploads\/2025\/10\/Kontra_Camp_Mallorca_2025-263-1-768x576.jpg 768w\" sizes=\"auto, (max-width: 1020px) 100vw, 1020px\" \/>\t\t\t\t\t\t\n\t\t\t\t\t<\/div>\n\t\t\t\t\t\t\t\t\n<style>\n#image_697400476 {\n  width: 100%;\n}\n<\/style>\n\t<\/div>\n\t\n\n\n\t\t<\/div>\n\t\t\t\t\t<\/div>\n\n\t\n\n\t<div id=\"col-266183715\" class=\"col medium-6 small-12 large-6\"  >\n\t\t\t\t<div class=\"col-inner\"  >\n\t\t\t\n\t\t\t\n\n<p style=\"text-align: justify;\" data-start=\"60\" data-end=\"450\">Na naszych obozach b\u0119dziesz trenowa\u0142 z na prawd\u0119 dobrymi trenerami, kt\u00f3rym zale\u017cy na Twoim rozwoju. Obozy przeznaczone s\u0105 dla wszystkich &#8211; <strong>od zupe\u0142nie pocz\u0105tkuj\u0105cych, po profesjonalist\u00f3w.<\/strong> Dbamy o to, aby osoby trenuj\u0105ce w danej grupie by\u0142y na tym samym poziomie. Obozy padla Kontry to \u015bwietna okazja do poprawy umiej\u0119tno\u015bci, pogrania w padla oraz poznania nowych, urokliwych miejsc i ludzi z ca\u0142ego \u015bwiata, kt\u00f3rzy podzielaj\u0105 Twoj\u0105 pasj\u0119.  <\/p>\n<p style=\"text-align: justify;\" data-start=\"452\" data-end=\"691\">Na obozach realizujemy treningi tematyczne, a tematy dopasowane s\u0105 do Twojego poziomu &#8211; na ka\u017cdym treningu pracujesz nad innymi elementami. Poza treningami i gr\u0105 organizujemy r\u00f3\u017cne dodatkowe aktywno\u015bci. W zale\u017cno\u015bci od obozu jest to np. zwiedzanie, wycieczka, quiz, wyk\u0142ad, degustacje itp.  <\/p>\n\n\t\t<\/div>\n\t\t\t\t\t<\/div>\n\n\t\n\n<\/div>\n\t<div id=\"gap-1054319752\" class=\"gap-element clearfix\" style=\"display:block; height:auto;\">\n\t\t\n<style>\n#gap-1054319752 {\n  padding-top: 60px;\n}\n<\/style>\n\t<\/div>\n\t\n\n\t<div id=\"gap-536295040\" class=\"gap-element clearfix\" style=\"display:block; height:auto;\">\n\t\t\n<style>\n#gap-536295040 {\n  padding-top: 60px;\n}\n<\/style>\n\t<\/div>\n\t\n\n\n\t<section class=\"section\" id=\"section_869128074\">\n\t\t<div class=\"section-bg fill\" >\n\t\t\t\t\t\t\t\t\t\n\t\t\t\n\n\t\t<\/div>\n\n\t\t\n\n\t\t<div class=\"section-content relative\">\n\t\t\t\n\n<div class=\"row\"  id=\"row-1700475533\">\n\n\n\t<div id=\"col-1651745035\" class=\"col medium-6 small-12 large-6\"  >\n\t\t\t\t<div class=\"col-inner\"  >\n\t\t\t\n\t\t\t\n\n\t<div id=\"text-2582733520\" class=\"text\">\n\t\t\n\n<p style=\"font-weight: 600;\">OBOZY PADLA<\/p>\n\t\t\n<style>\n#text-2582733520 {\n  font-size: 1.1rem;\n  text-align: center;\n  color: rgb(255, 255, 255);\n}\n#text-2582733520 > * {\n  color: rgb(255, 255, 255);\n}\n@media (min-width:550px) {\n  #text-2582733520 {\n    font-size: 0.95rem;\n    text-align: center;\n  }\n}\n<\/style>\n\t<\/div>\n\t\n\t<div id=\"text-3958198353\" class=\"text\">\n\t\t\n\n<hr data-start=\"51\" data-end=\"54\">\n<p style=\"text-align: justify;\" data-start=\"56\" data-end=\"293\">Na naszych obozach padla najwa\u017cniejszy jest Tw\u00f3j rozw\u00f3j. Wsp\u00f3\u0142pracujemy wy\u0142\u0105cznie z do\u015bwiadczonymi trenerami \u2013 wielu z nich to byli czo\u0142owi zawodnicy lub zawodnicy wci\u0105\u017c aktywnie graj\u0105cy na wysokim poziomie. Zazwyczaj trenujemy w ma\u0142ych grupach, po 4 osoby, dzi\u0119ki czemu ka\u017cdy otrzymuje du\u017co indywidualnej uwagi.  <\/p>\n<p style=\"text-align: justify;\" data-start=\"295\" data-end=\"517\">Nasi trenerzy nie trzymaj\u0105 si\u0119 sztywnego programu \u2013 dostosowuj\u0105 \u0107wiczenia, d\u0142ugo\u015b\u0107 i intensywno\u015b\u0107 zaj\u0119\u0107 do poziomu oraz potrzeb grupy. Na obozach padla Kontry polegamy na do\u015bwiadczeniu naszych trener\u00f3w, aby pom\u00f3c Ci si\u0119 rozwija\u0107, uczy\u0107 i czerpa\u0107 przyjemno\u015b\u0107 z gry. <\/p>\n\t\t\n<style>\n#text-3958198353 {\n  text-align: center;\n  color: #ffffff;\n}\n#text-3958198353 > * {\n  color: #ffffff;\n}\n<\/style>\n\t<\/div>\n\t\n\n\t\t<\/div>\n\t\t\t\t\t<\/div>\n\n\t\n\n\t<div id=\"col-489067088\" class=\"col medium-6 small-12 large-6\"  >\n\t\t\t\t<div class=\"col-inner\"  >\n\t\t\t\n\t\t\t\n\n\t<div class=\"img has-hover x md-x lg-x y md-y lg-y\" id=\"image_92412395\">\n\t\t\t\t\t\t\t\t<div class=\"img-inner dark\" >\n\t\t\t<img loading=\"lazy\" decoding=\"async\" width=\"1020\" height=\"765\" src=\"https:\/\/kontracamps.com\/wp-content\/uploads\/2025\/10\/Kontra_Camp_Mallorca_2025-255.jpg\" class=\"attachment-large size-large\" alt=\"\" srcset=\"https:\/\/kontracamps.com\/wp-content\/uploads\/2025\/10\/Kontra_Camp_Mallorca_2025-255.jpg 1200w, https:\/\/kontracamps.com\/wp-content\/uploads\/2025\/10\/Kontra_Camp_Mallorca_2025-255-600x450.jpg 600w, https:\/\/kontracamps.com\/wp-content\/uploads\/2025\/10\/Kontra_Camp_Mallorca_2025-255-640x480.jpg 640w, https:\/\/kontracamps.com\/wp-content\/uploads\/2025\/10\/Kontra_Camp_Mallorca_2025-255-768x576.jpg 768w\" sizes=\"auto, (max-width: 1020px) 100vw, 1020px\" \/>\t\t\t\t\t\t\n\t\t\t\t\t<\/div>\n\t\t\t\t\t\t\t\t\n<style>\n#image_92412395 {\n  width: 100%;\n}\n<\/style>\n\t<\/div>\n\t\n\n\n\t\t<\/div>\n\t\t\t\t\t<\/div>\n\n\t\n\n<\/div>\n\n\t\t<\/div>\n\n\t\t\n<style>\n#section_869128074 {\n  padding-top: 20px;\n  padding-bottom: 20px;\n  background-color: #000951;\n}\n@media (min-width:550px) {\n  #section_869128074 {\n    padding-top: 30px;\n    padding-bottom: 30px;\n  }\n}\n<\/style>\n\t<\/section>\n\t\n\t<div id=\"gap-1675045242\" class=\"gap-element clearfix\" style=\"display:block; height:auto;\">\n\t\t\n<style>\n#gap-1675045242 {\n  padding-top: 60px;\n}\n<\/style>\n\t<\/div>\n\t\n\n<div class=\"row\"  id=\"row-402100657\">\n\n\n\t<div id=\"col-901210424\" class=\"col medium-6 small-12 large-6\"  >\n\t\t\t\t<div class=\"col-inner\"  >\n\t\t\t\n\t\t\t\n\n\t<div id=\"text-4079355399\" class=\"text\">\n\t\t\n\n<h2 style=\"font-weight: 600;\">OBOZY PADLA 2025\/2026<\/h2>\n\t\t\n<style>\n#text-4079355399 {\n  font-size: 1.1rem;\n  text-align: center;\n}\n@media (min-width:550px) {\n  #text-4079355399 {\n    font-size: 0.75rem;\n    text-align: center;\n  }\n}\n<\/style>\n\t<\/div>\n\t\n\t<div id=\"text-3719345825\" class=\"text\">\n\t\t\n\n<p class=\"thin-font\" style=\"text-align: justify;\">January | Sharm el Sheikh &#8211; Egypt | Jan 24-31, 2026<\/p>\n\t\t\n<style>\n#text-3719345825 {\n  line-height: 1.9;\n}\n<\/style>\n\t<\/div>\n\t\n\n\t\t<\/div>\n\t\t\t\t\t<\/div>\n\n\t\n\n\t<div id=\"col-14630088\" class=\"col medium-6 small-12 large-6\"  >\n\t\t\t\t<div class=\"col-inner\"  >\n\t\t\t\n\t\t\t\n\n\t<div class=\"img has-hover x md-x lg-x y md-y lg-y\" id=\"image_1485652249\">\n\t\t\t\t\t\t\t\t<div class=\"img-inner dark\" >\n\t\t\t<img loading=\"lazy\" decoding=\"async\" width=\"1020\" height=\"765\" src=\"https:\/\/kontracamps.com\/wp-content\/uploads\/2025\/10\/Kontra_Camp_Mallorca_2025-192.jpg\" class=\"attachment-large size-large\" alt=\"\" srcset=\"https:\/\/kontracamps.com\/wp-content\/uploads\/2025\/10\/Kontra_Camp_Mallorca_2025-192.jpg 1200w, https:\/\/kontracamps.com\/wp-content\/uploads\/2025\/10\/Kontra_Camp_Mallorca_2025-192-600x450.jpg 600w, https:\/\/kontracamps.com\/wp-content\/uploads\/2025\/10\/Kontra_Camp_Mallorca_2025-192-640x480.jpg 640w, https:\/\/kontracamps.com\/wp-content\/uploads\/2025\/10\/Kontra_Camp_Mallorca_2025-192-768x576.jpg 768w\" sizes=\"auto, (max-width: 1020px) 100vw, 1020px\" \/>\t\t\t\t\t\t\n\t\t\t\t\t<\/div>\n\t\t\t\t\t\t\t\t\n<style>\n#image_1485652249 {\n  width: 100%;\n}\n<\/style>\n\t<\/div>\n\t\n\n\n\t\t<\/div>\n\t\t\t\t\t<\/div>\n\n\t\n\n<\/div>\n\t<div id=\"gap-1322293200\" class=\"gap-element clearfix\" style=\"display:block; height:auto;\">\n\t\t\n<style>\n#gap-1322293200 {\n  padding-top: 60px;\n}\n<\/style>\n\t<\/div>\n\t\n\n\t<div id=\"text-4218975251\" class=\"text\">\n\t\t\n\n<blockquote><p><em>Do zobaczenia na obozie padla!<\/em><\/p><\/blockquote>\n\t\t\n<style>\n#text-4218975251 {\n  text-align: center;\n}\n<\/style>\n\t<\/div>\n\t\n\t<div id=\"gap-1774455974\" class=\"gap-element clearfix\" style=\"display:block; height:auto;\">\n\t\t\n<style>\n#gap-1774455974 {\n  padding-top: 60px;\n}\n<\/style>\n\t<\/div>\n\t\n\n\t<div id=\"text-1693698929\" class=\"text\">\n\t\t\n\n<p class=\"thin-font\" style=\"text-align: center;\">Obozy padla | Ma\u0142e grupy | Treningi na wysokim poziomie | Do\u015bwiadczeni trenerzy | Wszystkie poziomu | Uczestnicy z ca\u0142ego \u015bwiata<\/p>\n\t\t\n<style>\n#text-1693698929 {\n  text-align: center;\n}\n<\/style>\n\t<\/div>\n\t\n\n\n\n<p><\/p>\n","protected":false},"excerpt":{"rendered":"","protected":false},"author":1,"featured_media":0,"parent":0,"menu_order":0,"comment_status":"closed","ping_status":"closed","template":"page-blank.php","meta":{"footnotes":""},"categories":[414],"folder":[],"class_list":["post-8678","page","type-page","status-publish","hentry","category-padel-pl"],"aioseo_notices":[],"_links":{"self":[{"href":"https:\/\/kontracamps.com\/pl\/wp-json\/wp\/v2\/pages\/8678","targetHints":{"allow":["GET"]}}],"collection":[{"href":"https:\/\/kontracamps.com\/pl\/wp-json\/wp\/v2\/pages"}],"about":[{"href":"https:\/\/kontracamps.com\/pl\/wp-json\/wp\/v2\/types\/page"}],"author":[{"embeddable":true,"href":"https:\/\/kontracamps.com\/pl\/wp-json\/wp\/v2\/users\/1"}],"replies":[{"embeddable":true,"href":"https:\/\/kontracamps.com\/pl\/wp-json\/wp\/v2\/comments?post=8678"}],"version-history":[{"count":4,"href":"https:\/\/kontracamps.com\/pl\/wp-json\/wp\/v2\/pages\/8678\/revisions"}],"predecessor-version":[{"id":12693,"href":"https:\/\/kontracamps.com\/pl\/wp-json\/wp\/v2\/pages\/8678\/revisions\/12693"}],"wp:attachment":[{"href":"https:\/\/kontracamps.com\/pl\/wp-json\/wp\/v2\/media?parent=8678"}],"wp:term":[{"taxonomy":"category","embeddable":true,"href":"https:\/\/kontracamps.com\/pl\/wp-json\/wp\/v2\/categories?post=8678"},{"taxonomy":"folder","embeddable":true,"href":"https:\/\/kontracamps.com\/pl\/wp-json\/wp\/v2\/folder?post=8678"}],"curies":[{"name":"wp","href":"https:\/\/api.w.org\/{rel}","templated":true}]}}