{"id":9918,"date":"2025-12-05T20:08:47","date_gmt":"2025-12-05T19:08:47","guid":{"rendered":"https:\/\/kontracamps.com\/partnerstwa\/"},"modified":"2026-03-02T10:36:52","modified_gmt":"2026-03-02T09:36:52","slug":"partnerstwa","status":"publish","type":"page","link":"https:\/\/kontracamps.com\/pl\/partnerstwa\/","title":{"rendered":"Partnerstwa"},"content":{"rendered":"\n\n\t<section class=\"section\" id=\"section_1784894466\">\n\t\t<div class=\"section-bg fill\" >\n\t\t\t\t\t\t\t\t\t\n\t\t\t\n\n\t\t<\/div>\n\n\t\t\n\n\t\t<div class=\"section-content relative\">\n\t\t\t\n\n  <div id=\"page-header-1573086138\" class=\"page-header-wrapper\">\n  <div class=\"page-title dark normal-title\">\n\n        <div class=\"page-title-bg\">\n      <div class=\"title-bg fill bg-fill\"\n        data-parallax-container=\".page-title\"\n        data-parallax-background\n        data-parallax=\"-\">\n      <\/div>\n      <div class=\"title-overlay fill\"><\/div>\n    <\/div>\n    \n    <div class=\"page-title-inner container align-center text-center flex-row-col medium-flex-wrap\" >\n              <div class=\"title-wrapper uppercase flex-col\">\n          <h1 class=\"entry-title mb-0\">\n            Partnerstwa          <\/h1>\n        <\/div>\n                    <div class=\"title-content flex-col\">\n        <ul class=\"nav sm-touch-scroll nav-simple nav-uppercase text-center nav-center\"><li class=\"nav-single-page hidden\"><\/li><\/ul>      <\/div>\n    <\/div>\n\n     \n<style>\n#page-header-1573086138 .page-title-inner {\n  min-height: 100px;\n}\n#page-header-1573086138 .normal-title {\n  background-color: rgb(1, 34, 77);\n}\n<\/style>\n  <\/div>\n    <\/div>\n  \n\n\n\t\t<\/div>\n\n\t\t\n<style>\n#section_1784894466 {\n  padding-top: 30px;\n  padding-bottom: 30px;\n}\n<\/style>\n\t<\/section>\n\t\n\n\t<section class=\"section\" id=\"section_132048690\">\n\t\t<div class=\"section-bg fill\" >\n\t\t\t\t\t\t\t\t\t\n\t\t\t\n\n\t\t<\/div>\n\n\t\t\n\n\t\t<div class=\"section-content relative\">\n\t\t\t\n\n\t<div id=\"text-2273191808\" class=\"text\">\n\t\t\n\n<h2><strong>NASI PARTNERZY<\/strong><\/h2>\n\t\t\n<style>\n#text-2273191808 {\n  line-height: 2.05;\n  text-align: center;\n}\n<\/style>\n\t<\/div>\n\t\n\t<div id=\"gap-528046909\" class=\"gap-element clearfix\" style=\"display:block; height:auto;\">\n\t\t\n<style>\n#gap-528046909 {\n  padding-top: 30px;\n}\n<\/style>\n\t<\/div>\n\t\n\n\t<div id=\"stack-2771152433\" class=\"stack stack-col justify-start items-center\">\n\t\t\n\n<div class=\"row row-small align-middle align-center\"  id=\"row-347812586\">\n\n\n\t<div id=\"col-816597477\" class=\"col medium-3 small-12 large-3\"  >\n\t\t\t\t<div class=\"col-inner text-center\"  >\n\t\t\t\n\t\t\t\n\n\t<div class=\"img has-hover x md-x lg-x y md-y lg-y\" id=\"image_828040691\">\n\t\t\t\t\t\t\t\t<div class=\"img-inner dark\" >\n\t\t\t<img loading=\"lazy\" decoding=\"async\" width=\"800\" height=\"279\" src=\"https:\/\/kontracamps.com\/wp-content\/uploads\/2025\/12\/red-bull-e1764963782817.png\" class=\"attachment-original size-original\" alt=\"\" srcset=\"https:\/\/kontracamps.com\/wp-content\/uploads\/2025\/12\/red-bull-e1764963782817.png 800w, https:\/\/kontracamps.com\/wp-content\/uploads\/2025\/12\/red-bull-e1764963782817-600x209.png 600w\" sizes=\"auto, (max-width: 800px) 100vw, 800px\" \/>\t\t\t\t\t\t\n\t\t\t\t\t<\/div>\n\t\t\t\t\t\t\t\t\n<style>\n#image_828040691 {\n  width: 100%;\n}\n<\/style>\n\t<\/div>\n\t\n\n\n\t\t<\/div>\n\t\t\t\t\t<\/div>\n\n\t\n\n\t<div id=\"col-400729745\" class=\"col medium-3 small-12 large-3\"  >\n\t\t\t\t<div class=\"col-inner text-center\"  >\n\t\t\t\n\t\t\t\n\n\t<div class=\"img has-hover x md-x lg-x y md-y lg-y\" id=\"image_286463683\">\n\t\t\t\t\t\t\t\t<div class=\"img-inner dark\" >\n\t\t\t<img loading=\"lazy\" decoding=\"async\" width=\"1200\" height=\"181\" src=\"https:\/\/kontracamps.com\/wp-content\/uploads\/2025\/12\/Mi_Logo_CMYK_horizontal_registered.jpg\" class=\"attachment-original size-original\" alt=\"\" srcset=\"https:\/\/kontracamps.com\/wp-content\/uploads\/2025\/12\/Mi_Logo_CMYK_horizontal_registered.jpg 1200w, https:\/\/kontracamps.com\/wp-content\/uploads\/2025\/12\/Mi_Logo_CMYK_horizontal_registered-600x91.jpg 600w, https:\/\/kontracamps.com\/wp-content\/uploads\/2025\/12\/Mi_Logo_CMYK_horizontal_registered-640x97.jpg 640w, https:\/\/kontracamps.com\/wp-content\/uploads\/2025\/12\/Mi_Logo_CMYK_horizontal_registered-768x116.jpg 768w\" sizes=\"auto, (max-width: 1200px) 100vw, 1200px\" \/>\t\t\t\t\t\t\n\t\t\t\t\t<\/div>\n\t\t\t\t\t\t\t\t\n<style>\n#image_286463683 {\n  width: 100%;\n}\n<\/style>\n\t<\/div>\n\t\n\n\n\t\t<\/div>\n\t\t\t\t\t<\/div>\n\n\t\n\n\t<div id=\"col-478686580\" class=\"col medium-3 small-12 large-3\"  >\n\t\t\t\t<div class=\"col-inner text-center\"  >\n\t\t\t\n\t\t\t\n\n\t<div class=\"img has-hover x md-x lg-x y md-y lg-y\" id=\"image_1141558697\">\n\t\t\t\t\t\t\t\t<div class=\"img-inner dark\" >\n\t\t\t<img loading=\"lazy\" decoding=\"async\" width=\"1200\" height=\"282\" src=\"https:\/\/kontracamps.com\/wp-content\/uploads\/2025\/12\/nox_tagline_red_pantone-copia-e1764963810888.png\" class=\"attachment-original size-original\" alt=\"\" srcset=\"https:\/\/kontracamps.com\/wp-content\/uploads\/2025\/12\/nox_tagline_red_pantone-copia-e1764963810888.png 1200w, https:\/\/kontracamps.com\/wp-content\/uploads\/2025\/12\/nox_tagline_red_pantone-copia-e1764963810888-600x141.png 600w\" sizes=\"auto, (max-width: 1200px) 100vw, 1200px\" \/>\t\t\t\t\t\t\n\t\t\t\t\t<\/div>\n\t\t\t\t\t\t\t\t\n<style>\n#image_1141558697 {\n  width: 100%;\n}\n<\/style>\n\t<\/div>\n\t\n\n\n\t\t<\/div>\n\t\t\t\t\t<\/div>\n\n\t\n\n\t<div id=\"col-2021885761\" class=\"col medium-3 small-12 large-3\"  >\n\t\t\t\t<div class=\"col-inner text-center\"  >\n\t\t\t\n\t\t\t\n\n\t<div class=\"img has-hover x md-x lg-x y md-y lg-y\" id=\"image_820055520\">\n\t\t\t\t\t\t\t\t<div class=\"img-inner dark\" >\n\t\t\t<img loading=\"lazy\" decoding=\"async\" width=\"1200\" height=\"784\" src=\"https:\/\/kontracamps.com\/wp-content\/uploads\/2025\/12\/Oko-na-Oko-logo-tlo-e1764965458111.png\" class=\"attachment-original size-original\" alt=\"\" srcset=\"https:\/\/kontracamps.com\/wp-content\/uploads\/2025\/12\/Oko-na-Oko-logo-tlo-e1764965458111.png 1200w, https:\/\/kontracamps.com\/wp-content\/uploads\/2025\/12\/Oko-na-Oko-logo-tlo-e1764965458111-600x392.png 600w\" sizes=\"auto, (max-width: 1200px) 100vw, 1200px\" \/>\t\t\t\t\t\t\n\t\t\t\t\t<\/div>\n\t\t\t\t\t\t\t\t\n<style>\n#image_820055520 {\n  width: 44%;\n}\n<\/style>\n\t<\/div>\n\t\n\n\n\t\t<\/div>\n\t\t\t\t\t<\/div>\n\n\t\n\n\t<div id=\"col-720883836\" class=\"col medium-3 small-12 large-3\"  >\n\t\t\t\t<div class=\"col-inner\"  >\n\t\t\t\n\t\t\t\n\n\t<div class=\"img has-hover x md-x lg-x y md-y lg-y\" id=\"image_1859368614\">\n\t\t\t\t\t\t\t\t<div class=\"img-inner dark\" >\n\t\t\t<img loading=\"lazy\" decoding=\"async\" width=\"1020\" height=\"354\" src=\"https:\/\/kontracamps.com\/wp-content\/uploads\/2026\/03\/37bef375-b911-4362-8a59-b5c64330aa49.png\" class=\"attachment-large size-large\" alt=\"\" srcset=\"https:\/\/kontracamps.com\/wp-content\/uploads\/2026\/03\/37bef375-b911-4362-8a59-b5c64330aa49.png 1200w, https:\/\/kontracamps.com\/wp-content\/uploads\/2026\/03\/37bef375-b911-4362-8a59-b5c64330aa49-640x222.png 640w, https:\/\/kontracamps.com\/wp-content\/uploads\/2026\/03\/37bef375-b911-4362-8a59-b5c64330aa49-768x267.png 768w, https:\/\/kontracamps.com\/wp-content\/uploads\/2026\/03\/37bef375-b911-4362-8a59-b5c64330aa49-600x209.png 600w\" sizes=\"auto, (max-width: 1020px) 100vw, 1020px\" \/>\t\t\t\t\t\t\n\t\t\t\t\t<\/div>\n\t\t\t\t\t\t\t\t\n<style>\n#image_1859368614 {\n  width: 100%;\n}\n<\/style>\n\t<\/div>\n\t\n\n\n\t\t<\/div>\n\t\t\t\t\t<\/div>\n\n\t\n\n<\/div>\n\n\t\t\n<style>\n#stack-2771152433 > * {\n  --stack-gap: 0rem;\n}\n<\/style>\n\t<\/div>\n\t\n\n\t\t<\/div>\n\n\t\t\n<style>\n#section_132048690 {\n  padding-top: 30px;\n  padding-bottom: 30px;\n}\n<\/style>\n\t<\/section>\n\t\n\n\t<section class=\"section\" id=\"section_47136273\">\n\t\t<div class=\"section-bg fill\" >\n\t\t\t\t\t\t\t\t\t\n\t\t\t\n\n\t\t<\/div>\n\n\t\t\n\n\t\t<div class=\"section-content relative\">\n\t\t\t\n\n\t<div id=\"text-3877812050\" class=\"text\">\n\t\t\n\n<h2><strong>CHCESZ REKLAMOWA\u0106 U NAS SWOJ\u0104 MARK\u0118?<\/strong><\/h2>\n\t\t\n<style>\n#text-3877812050 {\n  text-align: center;\n}\n<\/style>\n\t<\/div>\n\t\n<div class=\"row\"  id=\"row-797064313\">\n\n\n\t<div id=\"col-1617745782\" class=\"col medium-6 small-12 large-6\"  >\n\t\t\t\t<div class=\"col-inner\"  >\n\t\t\t\n\t\t\t\n\n\t<div class=\"img has-hover x md-x lg-x y md-y lg-y\" id=\"image_439985123\">\n\t\t\t\t\t\t\t\t<div class=\"img-inner dark\" >\n\t\t\t<img loading=\"lazy\" decoding=\"async\" width=\"1020\" height=\"682\" src=\"https:\/\/kontracamps.com\/wp-content\/uploads\/2024\/11\/DSC09535-27-1.jpg\" class=\"attachment-large size-large\" alt=\"\" srcset=\"https:\/\/kontracamps.com\/wp-content\/uploads\/2024\/11\/DSC09535-27-1.jpg 1200w, https:\/\/kontracamps.com\/wp-content\/uploads\/2024\/11\/DSC09535-27-1-600x401.jpg 600w, https:\/\/kontracamps.com\/wp-content\/uploads\/2024\/11\/DSC09535-27-1-640x428.jpg 640w, https:\/\/kontracamps.com\/wp-content\/uploads\/2024\/11\/DSC09535-27-1-768x513.jpg 768w, https:\/\/kontracamps.com\/wp-content\/uploads\/2024\/11\/DSC09535-27-1-320x214.jpg 320w\" sizes=\"auto, (max-width: 1020px) 100vw, 1020px\" \/>\t\t\t\t\t\t\n\t\t\t\t\t<\/div>\n\t\t\t\t\t\t\t\t\n<style>\n#image_439985123 {\n  width: 100%;\n}\n<\/style>\n\t<\/div>\n\t\n\n\n\t\t<\/div>\n\t\t\t\t\t<\/div>\n\n\t\n\n\t<div id=\"col-1640924653\" class=\"col medium-6 small-12 large-6\"  >\n\t\t\t\t<div class=\"col-inner\"  >\n\t\t\t\n\t\t\t\n\n<p style=\"text-align: justify;\" data-start=\"101\" data-end=\"323\">Wsp\u00f3\u0142pracuj\u0105c z nami, zyskujesz mo\u017cliwo\u015b\u0107 zaprezentowania swojej marki bezpo\u015brednio zaanga\u017cowanej spo\u0142eczno\u015bci sportowc\u00f3w, podr\u00f3\u017cnik\u00f3w i os\u00f3b zorientowanych na styl \u017cycia. Nasze obozy siatk\u00f3wki pla\u017cowej tworz\u0105 autentyczne, energetyczne t\u0142o dla Twojej marki &#8211; od widoczno\u015bci na miejscu i lokowania produktu po promocj\u0119 cyfrow\u0105 przed, w trakcie i po ka\u017cdym wydarzeniu. <\/p>\n<ul>\n<li style=\"text-align: justify;\" data-start=\"101\" data-end=\"323\">Chcesz, aby Twoje produkty lub us\u0142ugi dociera\u0142y do aktywnych os\u00f3b?<\/li>\n<li style=\"text-align: justify;\" data-start=\"101\" data-end=\"323\">Szukasz niezawodnego partnera do promocji swojej firmy?<\/li>\n<li style=\"text-align: justify;\" data-start=\"101\" data-end=\"323\">Chcesz zobaczy\u0107 swoje logo w centrum uwagi?<\/li>\n<li style=\"text-align: justify;\" data-start=\"101\" data-end=\"323\">Chcesz kojarzy\u0107 swoj\u0105 mark\u0119 ze sportem i pozytywn\u0105 energi\u0105?<\/li>\n<\/ul>\n<p>Je\u015bli odpowiedzia\u0142e\u015b TAK na kt\u00f3rekolwiek z tych pyta\u0144 &#8211; zosta\u0144 Partnerem Kontra!<\/p>\n\n\t\t<\/div>\n\t\t\t\t\t<\/div>\n\n\t\n\n<\/div>\n\n\t\t<\/div>\n\n\t\t\n<style>\n#section_47136273 {\n  padding-top: 30px;\n  padding-bottom: 30px;\n}\n<\/style>\n\t<\/section>\n\t\n\n\t<section class=\"section\" id=\"section_1791284947\">\n\t\t<div class=\"section-bg fill\" >\n\t\t\t\t\t\t\t\t\t\n\t\t\t\n\n\t\t<\/div>\n\n\t\t\n\n\t\t<div class=\"section-content relative\">\n\t\t\t\n\n\t<div id=\"text-427681702\" class=\"text\">\n\t\t\n\n<h2><strong>DOTRZE\u0106 DO AKTYWNYCH ODBIORC\u00d3W<\/strong><\/h2>\n\t\t\n<style>\n#text-427681702 {\n  text-align: center;\n}\n<\/style>\n\t<\/div>\n\t\n<div class=\"row\"  id=\"row-836634763\">\n\n\n\t<div id=\"col-1459875372\" class=\"col medium-6 small-12 large-6\"  >\n\t\t\t\t<div class=\"col-inner\"  >\n\t\t\t\n\t\t\t\n\n\t<div class=\"img has-hover x md-x lg-x y md-y lg-y\" id=\"image_791478221\">\n\t\t\t\t\t\t\t\t<div class=\"img-inner dark\" >\n\t\t\t<img loading=\"lazy\" decoding=\"async\" width=\"1020\" height=\"765\" src=\"https:\/\/kontracamps.com\/wp-content\/uploads\/2025\/10\/Kontra_Camp_Mallorca_2025-275-2-1-1280x960.jpg\" class=\"attachment-large size-large\" alt=\"\" srcset=\"https:\/\/kontracamps.com\/wp-content\/uploads\/2025\/10\/Kontra_Camp_Mallorca_2025-275-2-1-1280x960.jpg 1280w, https:\/\/kontracamps.com\/wp-content\/uploads\/2025\/10\/Kontra_Camp_Mallorca_2025-275-2-1-600x450.jpg 600w, https:\/\/kontracamps.com\/wp-content\/uploads\/2025\/10\/Kontra_Camp_Mallorca_2025-275-2-1-640x480.jpg 640w, https:\/\/kontracamps.com\/wp-content\/uploads\/2025\/10\/Kontra_Camp_Mallorca_2025-275-2-1-768x576.jpg 768w, https:\/\/kontracamps.com\/wp-content\/uploads\/2025\/10\/Kontra_Camp_Mallorca_2025-275-2-1-1536x1152.jpg 1536w, https:\/\/kontracamps.com\/wp-content\/uploads\/2025\/10\/Kontra_Camp_Mallorca_2025-275-2-1.jpg 2000w\" sizes=\"auto, (max-width: 1020px) 100vw, 1020px\" \/>\t\t\t\t\t\t\n\t\t\t\t\t<\/div>\n\t\t\t\t\t\t\t\t\n<style>\n#image_791478221 {\n  width: 100%;\n}\n<\/style>\n\t<\/div>\n\t\n\n\n\t\t<\/div>\n\t\t\t\t\t<\/div>\n\n\t\n\n\t<div id=\"col-1384049329\" class=\"col medium-6 small-12 large-6\"  >\n\t\t\t\t<div class=\"col-inner text-center\"  >\n\t\t\t\n\t\t\t\n\n<p style=\"text-align: justify;\" data-start=\"59\" data-end=\"248\">Mo\u017cesz do\u0142\u0105czy\u0107 do nas na wybranym obozie, turnieju lub przez ca\u0142y sezon &#8211; w Polsce lub za granic\u0105. Twoja marka mo\u017ce pojawi\u0107 si\u0119 na boiskach, koszulkach, miejscach wyk\u0142adowych i w naszych mediach spo\u0142eczno\u015bciowych. <\/p>\n<p style=\"text-align: justify;\" data-start=\"250\" data-end=\"404\">Ka\u017cdego roku ponad 2500 os\u00f3b bierze udzia\u0142 w naszych wydarzeniach sportowych, a ponad 10 000 fan\u00f3w \u015bledzi nas na Facebooku i Instagramie &#8211; a liczba ta stale ro\u015bnie.<\/p>\n<p style=\"text-align: justify;\" data-start=\"406\" data-end=\"509\">W zale\u017cno\u015bci od wydarzenia, nasza publiczno\u015b\u0107 sk\u0142ada si\u0119 z polskich uczestnik\u00f3w lub spo\u0142eczno\u015bci mi\u0119dzynarodowej.<\/p>\n<p style=\"text-align: justify;\" data-start=\"511\" data-end=\"625\">Jeste\u015bmy otwarci na r\u00f3\u017cne formy wsp\u00f3\u0142pracy. Sprawd\u017a nasze zdj\u0119cia i filmy, aby zobaczy\u0107, gdzie mo\u017ce pojawi\u0107 si\u0119 Twoje logo. <\/p>\n<p style=\"text-align: justify;\" data-start=\"627\" data-end=\"676\" data-is-last-node=\"\" data-is-only-node=\"\">Skontaktuj si\u0119 z nami telefonicznie lub mailowo &#8211; ch\u0119tnie porozmawiamy!<\/p>\n\t<div id=\"gap-536643231\" class=\"gap-element clearfix\" style=\"display:block; height:auto;\">\n\t\t\n<style>\n#gap-536643231 {\n  padding-top: 30px;\n}\n<\/style>\n\t<\/div>\n\t\n\n<a href=\"https:\/\/kontracamps.com\/pl\/contact\/\" class=\"button secondary\" >\n\t\t<span>Skontaktuj si\u0119 z nami<\/span>\n\t<\/a>\n\n\n\n\t\t<\/div>\n\t\t\t\t\t<\/div>\n\n\t\n\n<\/div>\n\n\t\t<\/div>\n\n\t\t\n<style>\n#section_1791284947 {\n  padding-top: 30px;\n  padding-bottom: 30px;\n}\n<\/style>\n\t<\/section>\n\t\n\n","protected":false},"excerpt":{"rendered":"","protected":false},"author":1,"featured_media":0,"parent":0,"menu_order":0,"comment_status":"closed","ping_status":"closed","template":"page-blank.php","meta":{"footnotes":""},"categories":[411],"folder":[],"class_list":["post-9918","page","type-page","status-publish","hentry","category-siatkowka-plazowa"],"aioseo_notices":[],"_links":{"self":[{"href":"https:\/\/kontracamps.com\/pl\/wp-json\/wp\/v2\/pages\/9918","targetHints":{"allow":["GET"]}}],"collection":[{"href":"https:\/\/kontracamps.com\/pl\/wp-json\/wp\/v2\/pages"}],"about":[{"href":"https:\/\/kontracamps.com\/pl\/wp-json\/wp\/v2\/types\/page"}],"author":[{"embeddable":true,"href":"https:\/\/kontracamps.com\/pl\/wp-json\/wp\/v2\/users\/1"}],"replies":[{"embeddable":true,"href":"https:\/\/kontracamps.com\/pl\/wp-json\/wp\/v2\/comments?post=9918"}],"version-history":[{"count":13,"href":"https:\/\/kontracamps.com\/pl\/wp-json\/wp\/v2\/pages\/9918\/revisions"}],"predecessor-version":[{"id":12669,"href":"https:\/\/kontracamps.com\/pl\/wp-json\/wp\/v2\/pages\/9918\/revisions\/12669"}],"wp:attachment":[{"href":"https:\/\/kontracamps.com\/pl\/wp-json\/wp\/v2\/media?parent=9918"}],"wp:term":[{"taxonomy":"category","embeddable":true,"href":"https:\/\/kontracamps.com\/pl\/wp-json\/wp\/v2\/categories?post=9918"},{"taxonomy":"folder","embeddable":true,"href":"https:\/\/kontracamps.com\/pl\/wp-json\/wp\/v2\/folder?post=9918"}],"curies":[{"name":"wp","href":"https:\/\/api.w.org\/{rel}","templated":true}]}}